{"id":1163,"date":"2019-02-26T14:10:45","date_gmt":"2019-02-26T13:10:45","guid":{"rendered":"http:\/\/poten100mos.org\/?page_id=1163"},"modified":"2023-10-31T22:59:00","modified_gmt":"2023-10-31T21:59:00","slug":"inicio-2","status":"publish","type":"page","link":"http:\/\/poten100mos.org\/gl\/","title":{"rendered":"Inicio"},"content":{"rendered":"<h1>\n\t\tPor o desarollo e a inclusi\u00f3n das persoas e familias vulnerables\n\t<\/h1>\n<h1>\n\t\tSOBRE POTEN100MOS\n\t<\/h1>\n\t<p>En Poten100mos, traballamos xunto as persoas en risco de pobreza e exclusi\u00f3n para brindar as oportunidades e recursos necesarios que lles permitan participar plenamente na vida econ\u00f3mica, social e cultural, disfrutando dun nivel de vida e bienestar que sexa considerado normal na sociedade na que viven.<\/p>\nNuestra misi\u00f3n es luchar para que todas las personas que atendemos tengan igualdad de oportunidades y puedan mejorar su calidad de vida, superando las barreras que enfrentan debido a su situaci\u00f3n de vulnerabilidad.<br \/>\nJuntos \/as buscamos construir una sociedad m\u00e1s justa y equitativa, fomentando el crecimiento individual y colectivo.\n<h1>\n\t\tPROGRAMAS DE INCLUSI\u00d3N\n\t<\/h1>\n\t<p>A inclusi\u00f3n social def\u00ednese como o conxunto de medidas a adoptar para lograr la integraci\u00f3n das persoas e grupos que se atopan en situaci\u00f3n de risco de exclusi\u00f3n social<\/p>\n<p>En Poten100mos promovemos a aceptaci\u00f3n e normalizaci\u00f3n, fomentando a diversidade e fortalecendo a colectivos vulnerables mediante acci\u00f3ns individuais e grupales en diversos programas como empleo, vivenda, recursos, desenvolvementos personal e apoio de vulnerabilidade e exclusi\u00f3n social, non dudes en contactarnos para co\u00f1ecer c\u00f3mo podemos brindarte axuda.<\/p>\n\t\t\t\t<img decoding=\"async\" loading=\"lazy\" src=\"https:\/\/poten100mos.org\/wp-content\/uploads\/2019\/07\/Poten100mos-Logo-peq.png\" alt=\"Poten100mos-Logo-peq\" itemprop=\"image\" height=\"400\" width=\"400\" title=\"Poten100mos-Logo-peq\" onerror=\"this.style.display='none'\"  \/>\n\t\t\t<a href=\"http:\/\/poten100mos.org\/gl\/inclusion\/\" target=\"_self\" rel=\"noopener\">\n\t\t\t\t\t\t\tDESCUBRE M\u00c1IS\n\t\t\t\t\t<\/a>\n<h1>\n\t\tPLATAFORMA DIVERSIDARTE\n\t<\/h1>\n\t<p>El proyecto Plataforma DiversidArte tiene como objetivo promover el derecho y deber de la cultura para todas las personas, buscando un cambio social que abarque la diversidad en su sentido m\u00e1s amplio. Se enfoca en evitar delitos de odio, fomentar la empat\u00eda universal y conseguir la accesibilidad plena a la cultura.<\/p>\n<p>As\u00ed, nace a Plataforma DiversidArte para garantir a calidade cultural, a accesibilidade cultural, as\u00ed como a profesionalizaci\u00f3n dos artistas pertencentes a sectores desfavorecidos. Ademais, b\u00fascase concienciar sobre a existencia de realidades sociais diversas promovendo a interacci\u00f3n e o enriquecemento mutuo entre os distintos colectivos, evitando a segregaci\u00f3n e favorecendo a inclusi\u00f3n.<\/p>\n\t\t\t\t<img decoding=\"async\" loading=\"lazy\" src=\"https:\/\/poten100mos.org\/wp-content\/uploads\/2022\/10\/Foto-concierto-18-Junio-2.jpeg\" alt=\"Foto concierto 18 Junio-2\" itemprop=\"image\" height=\"1200\" width=\"1600\" title=\"Foto concierto 18 Junio-2\" onerror=\"this.style.display='none'\"  \/>\n\t\t\t<a href=\"http:\/\/poten100mos.org\/gl\/plataforma-festival-diversidarte\/\" target=\"_self\" rel=\"noopener\">\n\t\t\t\t\t\t\tDESCUBRE M\u00c1IS\n\t\t\t\t\t<\/a>\n<h1>\n\t\tCOLABORA\n\t<\/h1>\n\t<p>Se queres axudarnos a mellorar no noso obxectivo, fai click no seguinte bot\u00f3n e dona para a causa de Poten100mos:<\/p>\n\t\t\t\t<img decoding=\"async\" loading=\"lazy\" src=\"https:\/\/poten100mos.org\/wp-content\/uploads\/2023\/05\/shaking-hands.png\" alt=\"shaking hands\" itemprop=\"image\" height=\"158\" width=\"318\" title=\"shaking hands\" onerror=\"this.style.display='none'\"  \/>\n\t\t\t<a href=\"https:\/\/buy.stripe.com\/28obJIfur49S0vu288\" target=\"_blank\" rel=\"noopener\">\n\t\t\t\t\t\t\tCOLABORA CON NOS\n\t\t\t\t\t<\/a>\n<h2>\n\t\tO que din de nos:\n\t<\/h2>\n\t<p>\u00abMe han ayudado much\u00edsimo psicol\u00f3gicamente, con el empleo, con la vivienda. Es un equipo maravilloso que te entienden, te apoyan y tienen los recursos para hacerlo. Espero que sigan sembrando futuros triunfos tanto en el campo laboral como en el emocional\u00bb<\/p>\n\t\t\t\t<img decoding=\"async\" loading=\"lazy\" src=\"https:\/\/poten100mos.org\/wp-content\/uploads\/2023\/09\/Foto-Monica-1080x1080.jpg\" alt=\"Foto Mo\u0301nica\" itemprop=\"image\" height=\"1080\" width=\"1080\" title=\"Foto Mo\u0301nica\" onerror=\"this.style.display='none'\"  \/>\n\t<p><b>M\u00f3nica<\/b><\/p>\n\t\t\t\t<img decoding=\"async\" loading=\"lazy\" src=\"https:\/\/poten100mos.org\/wp-content\/uploads\/2019\/04\/sonia-Reis.jpg\" alt=\"sonia Reis\" itemprop=\"image\" height=\"359\" width=\"256\" title=\"sonia Reis\" onerror=\"this.style.display='none'\"  \/>\n\t<p><b>Sonia<\/b><\/p>\n\t<p>\u00abHace 6 meses vine y consegu\u00ed un empleo y tambi\u00e9n una vivienda de alquiler gracias al apoyo de Poten100mos. Estoy muy agradecida por todo ello pues adem\u00e1s me han tratado muy bien y me han hecho sentir que puedo conseguir lo que me proponga.\u00bb<\/p>\n\t\t\t\t<img decoding=\"async\" loading=\"lazy\" src=\"https:\/\/poten100mos.org\/wp-content\/uploads\/2023\/09\/Foto-Carla-448x448.jpg\" alt=\"Foto Carla\" itemprop=\"image\" height=\"448\" width=\"448\" title=\"Foto Carla\" onerror=\"this.style.display='none'\"  \/>\n\t<p><b>Juana<\/b><\/p>\n\t<p>\u00abHa sido una gran experiencia en todos los niveles y me ha permitido compartir experiencias con personas en situaciones similares. Un cocktail: experiencias, conocimiento, un plan equilibrado y afecto a la hora de llevarlas a cabo.\u00bb<\/p>","protected":false},"excerpt":{"rendered":"<div class=\"entry-summary\">\n<div class=\"entry-summary\">\nPor el desarrollo y la inclusi\u00f3n de las personas y familias vulnerables SOBRE POTEN100MOS En Poten100mos, trabajamos junto a las personas en riesgo de pobreza y exclusi\u00f3n para brindarles las oportunidades y recursos necesarios que les permitan participar plenamente en&hellip;\n<\/div>\n<div class=\"link-more\"><a href=\"http:\/\/poten100mos.org\/gl\/\" class=\"more-link\">Continue reading<span class=\"screen-reader-text\"> &ldquo;Inicio&rdquo;<\/span>&hellip;<\/a><\/div>\n<\/div>\n<div class=\"link-more\"><a href=\"http:\/\/poten100mos.org\/gl\/\" class=\"more-link\">Continue reading<span class=\"screen-reader-text\"> &ldquo;Inicio&rdquo;<\/span>&hellip;<\/a><\/div>","protected":false},"author":1,"featured_media":0,"parent":0,"menu_order":0,"comment_status":"closed","ping_status":"closed","template":"templates\/no-intro.php","meta":{"footnotes":""},"acf":[],"yoast_head":"<!-- This site is optimized with the Yoast SEO plugin v21.4 - https:\/\/yoast.com\/wordpress\/plugins\/seo\/ -->\n<title>Inicio | Asociacion Poten100mos<\/title>\n<meta name=\"robots\" content=\"index, follow, max-snippet:-1, max-image-preview:large, max-video-preview:-1\" \/>\n<link rel=\"canonical\" href=\"http:\/\/poten100mos.org\/gl\/\" \/>\n<meta property=\"og:locale\" content=\"gl_ES\" \/>\n<meta property=\"og:type\" content=\"article\" \/>\n<meta property=\"og:title\" content=\"Inicio | Asociacion Poten100mos\" \/>\n<meta property=\"og:description\" content=\"Por el desarrollo y la inclusi\u00f3n de las personas y familias vulnerables SOBRE POTEN100MOS En Poten100mos, trabajamos junto a las personas en riesgo de pobreza y exclusi\u00f3n para brindarles las oportunidades y recursos necesarios que les permitan participar plenamente en&hellip; Continue reading &ldquo;Inicio&rdquo;&hellip;\" \/>\n<meta property=\"og:url\" content=\"http:\/\/poten100mos.org\/gl\/\" \/>\n<meta property=\"og:site_name\" content=\"Asociacion Poten100mos\" \/>\n<meta property=\"article:publisher\" content=\"https:\/\/www.facebook.com\/poten100mos\/\" \/>\n<meta property=\"article:modified_time\" content=\"2023-10-31T21:59:00+00:00\" \/>\n<meta property=\"og:image\" content=\"https:\/\/poten100mos.org\/wp-content\/uploads\/2019\/07\/Poten100mos-Logo-peq.png\" \/>\n<meta name=\"twitter:card\" content=\"summary_large_image\" \/>\n<meta name=\"twitter:label1\" content=\"Tempo de lectura\" \/>\n\t<meta name=\"twitter:data1\" content=\"1 minuto\" \/>\n<script type=\"application\/ld+json\" class=\"yoast-schema-graph\">{\"@context\":\"https:\/\/schema.org\",\"@graph\":[{\"@type\":\"WebPage\",\"@id\":\"https:\/\/poten100mos.org\/\",\"url\":\"https:\/\/poten100mos.org\/\",\"name\":\"Inicio | Asociacion Poten100mos\",\"isPartOf\":{\"@id\":\"https:\/\/poten100mos.org\/#website\"},\"datePublished\":\"2019-02-26T13:10:45+00:00\",\"dateModified\":\"2023-10-31T21:59:00+00:00\",\"breadcrumb\":{\"@id\":\"https:\/\/poten100mos.org\/#breadcrumb\"},\"inLanguage\":\"gl-ES\",\"potentialAction\":[{\"@type\":\"ReadAction\",\"target\":[\"https:\/\/poten100mos.org\/\"]}]},{\"@type\":\"BreadcrumbList\",\"@id\":\"https:\/\/poten100mos.org\/#breadcrumb\",\"itemListElement\":[{\"@type\":\"ListItem\",\"position\":1,\"name\":\"Portada\",\"item\":\"https:\/\/poten100mos.org\/\"},{\"@type\":\"ListItem\",\"position\":2,\"name\":\"Inicio\"}]},{\"@type\":\"WebSite\",\"@id\":\"https:\/\/poten100mos.org\/#website\",\"url\":\"https:\/\/poten100mos.org\/\",\"name\":\"Asociacion Poten100mos\",\"description\":\"P\u00e1gina web de la Asociaci\u00f3n Poten100mos\",\"publisher\":{\"@id\":\"https:\/\/poten100mos.org\/#organization\"},\"potentialAction\":[{\"@type\":\"SearchAction\",\"target\":{\"@type\":\"EntryPoint\",\"urlTemplate\":\"https:\/\/poten100mos.org\/?s={search_term_string}\"},\"query-input\":\"required name=search_term_string\"}],\"inLanguage\":\"gl-ES\"},{\"@type\":\"Organization\",\"@id\":\"https:\/\/poten100mos.org\/#organization\",\"name\":\"Asociaci\u00f3n Poten100mos\",\"url\":\"https:\/\/poten100mos.org\/\",\"logo\":{\"@type\":\"ImageObject\",\"inLanguage\":\"gl-ES\",\"@id\":\"https:\/\/poten100mos.org\/#\/schema\/logo\/image\/\",\"url\":\"https:\/\/poten100mos.org\/wp-content\/uploads\/2019\/07\/Poten100mos-Logo-peq.png\",\"contentUrl\":\"https:\/\/poten100mos.org\/wp-content\/uploads\/2019\/07\/Poten100mos-Logo-peq.png\",\"width\":400,\"height\":400,\"caption\":\"Asociaci\u00f3n Poten100mos\"},\"image\":{\"@id\":\"https:\/\/poten100mos.org\/#\/schema\/logo\/image\/\"},\"sameAs\":[\"https:\/\/www.facebook.com\/poten100mos\/\",\"https:\/\/www.instagram.com\/poten100mos\/\"]}]}<\/script>\n<!-- \/ Yoast SEO plugin. -->","yoast_head_json":{"title":"Inicio | Asociacion Poten100mos","robots":{"index":"index","follow":"follow","max-snippet":"max-snippet:-1","max-image-preview":"max-image-preview:large","max-video-preview":"max-video-preview:-1"},"canonical":"http:\/\/poten100mos.org\/gl\/","og_locale":"gl_ES","og_type":"article","og_title":"Inicio | Asociacion Poten100mos","og_description":"Por el desarrollo y la inclusi\u00f3n de las personas y familias vulnerables SOBRE POTEN100MOS En Poten100mos, trabajamos junto a las personas en riesgo de pobreza y exclusi\u00f3n para brindarles las oportunidades y recursos necesarios que les permitan participar plenamente en&hellip; Continue reading &ldquo;Inicio&rdquo;&hellip;","og_url":"http:\/\/poten100mos.org\/gl\/","og_site_name":"Asociacion Poten100mos","article_publisher":"https:\/\/www.facebook.com\/poten100mos\/","article_modified_time":"2023-10-31T21:59:00+00:00","og_image":[{"url":"https:\/\/poten100mos.org\/wp-content\/uploads\/2019\/07\/Poten100mos-Logo-peq.png"}],"twitter_card":"summary_large_image","twitter_misc":{"Tempo de lectura":"1 minuto"},"schema":{"@context":"https:\/\/schema.org","@graph":[{"@type":"WebPage","@id":"https:\/\/poten100mos.org\/","url":"https:\/\/poten100mos.org\/","name":"Inicio | Asociacion Poten100mos","isPartOf":{"@id":"https:\/\/poten100mos.org\/#website"},"datePublished":"2019-02-26T13:10:45+00:00","dateModified":"2023-10-31T21:59:00+00:00","breadcrumb":{"@id":"https:\/\/poten100mos.org\/#breadcrumb"},"inLanguage":"gl-ES","potentialAction":[{"@type":"ReadAction","target":["https:\/\/poten100mos.org\/"]}]},{"@type":"BreadcrumbList","@id":"https:\/\/poten100mos.org\/#breadcrumb","itemListElement":[{"@type":"ListItem","position":1,"name":"Portada","item":"https:\/\/poten100mos.org\/"},{"@type":"ListItem","position":2,"name":"Inicio"}]},{"@type":"WebSite","@id":"https:\/\/poten100mos.org\/#website","url":"https:\/\/poten100mos.org\/","name":"Asociacion Poten100mos","description":"P\u00e1gina web de la Asociaci\u00f3n Poten100mos","publisher":{"@id":"https:\/\/poten100mos.org\/#organization"},"potentialAction":[{"@type":"SearchAction","target":{"@type":"EntryPoint","urlTemplate":"https:\/\/poten100mos.org\/?s={search_term_string}"},"query-input":"required name=search_term_string"}],"inLanguage":"gl-ES"},{"@type":"Organization","@id":"https:\/\/poten100mos.org\/#organization","name":"Asociaci\u00f3n Poten100mos","url":"https:\/\/poten100mos.org\/","logo":{"@type":"ImageObject","inLanguage":"gl-ES","@id":"https:\/\/poten100mos.org\/#\/schema\/logo\/image\/","url":"https:\/\/poten100mos.org\/wp-content\/uploads\/2019\/07\/Poten100mos-Logo-peq.png","contentUrl":"https:\/\/poten100mos.org\/wp-content\/uploads\/2019\/07\/Poten100mos-Logo-peq.png","width":400,"height":400,"caption":"Asociaci\u00f3n Poten100mos"},"image":{"@id":"https:\/\/poten100mos.org\/#\/schema\/logo\/image\/"},"sameAs":["https:\/\/www.facebook.com\/poten100mos\/","https:\/\/www.instagram.com\/poten100mos\/"]}]}},"_links":{"self":[{"href":"http:\/\/poten100mos.org\/gl\/wp-json\/wp\/v2\/pages\/1163"}],"collection":[{"href":"http:\/\/poten100mos.org\/gl\/wp-json\/wp\/v2\/pages"}],"about":[{"href":"http:\/\/poten100mos.org\/gl\/wp-json\/wp\/v2\/types\/page"}],"author":[{"embeddable":true,"href":"http:\/\/poten100mos.org\/gl\/wp-json\/wp\/v2\/users\/1"}],"replies":[{"embeddable":true,"href":"http:\/\/poten100mos.org\/gl\/wp-json\/wp\/v2\/comments?post=1163"}],"version-history":[{"count":38,"href":"http:\/\/poten100mos.org\/gl\/wp-json\/wp\/v2\/pages\/1163\/revisions"}],"predecessor-version":[{"id":3100,"href":"http:\/\/poten100mos.org\/gl\/wp-json\/wp\/v2\/pages\/1163\/revisions\/3100"}],"wp:attachment":[{"href":"http:\/\/poten100mos.org\/gl\/wp-json\/wp\/v2\/media?parent=1163"}],"curies":[{"name":"wp","href":"https:\/\/api.w.org\/{rel}","templated":true}]}}