{"id":1089,"date":"2019-02-22T13:10:29","date_gmt":"2019-02-22T12:10:29","guid":{"rendered":"http:\/\/poten100mos.org\/?page_id=1089"},"modified":"2023-08-04T10:40:36","modified_gmt":"2023-08-04T09:40:36","slug":"quienes-somos","status":"publish","type":"page","link":"https:\/\/poten100mos.org\/gl\/quienes-somos\/","title":{"rendered":"Quenes somos?"},"content":{"rendered":"<h2>\n\t\tQUENES SOMOS\n\t<\/h2>\n\t<h2><strong>SOBRE NOS:<\/strong><\/h2>\n\t<strong>Poten100mos<\/strong> \u00e9 unha asociaci\u00f3n sen \u00e1nimo de lucro que dende o 2015 ded\u00edcase a<strong> inclusi\u00f3n de persoas e familias vulnerables<\/strong> a trav\u00e9s de la b\u00fasqueda de <strong>empleo<\/strong>, su <strong>\u00f3 desarrollo persoal.<\/strong>, la b\u00fasqueda de <strong>recursos b\u00e1sicos<\/strong> as\u00ed como actividades de dinamizaci\u00f3n comunitaria e cultura inclusiva.\n\t<h2><strong>MISI\u00d3N<\/strong><\/h2>\n\t<strong>Poten100mos<\/strong> es una asociaci\u00f3n sin \u00e1nimo de lucro que trabaja por el desarrollo personal y la inclusi\u00f3n sociolaboral de personas en situaci\u00f3n de vulnerabilidad f\u00edsica, ps\u00edquica y\/o social de manera integral e incidiendo en todos los aspectos de la vida de una persona.\n<p>Poten100mos fomenta el empoderamiento y la participaci\u00f3n, huyendo del enfoque de la asistencia y ofreciendo una alternativa a las tradicionales v\u00edas de inclusi\u00f3n social con un proyecto innovador, centrado en la mejora personal, potenciando sus capacidades, habilidades e inteligencia emocional, asesor\u00e1ndoles en el dise\u00f1o de su propio proyecto vital y acompa\u00f1\u00e1ndoles de forma activa e individualizada para superar los obst\u00e1culos que les impidan su inclusi\u00f3n en la sociedad, el acceso efectivo al mercado de trabajo y su permanencia.<\/p>\n<p>Poten100mos desarrolla proyectos que fomentan la diversidad y la inclusi\u00f3n visibilizando de forma efectiva a todos los colectivos dentro de la sociedad.<\/p>\n\t\t\t\t<img decoding=\"async\" src=\"http:\/\/poten100mos.org\/wp-content\/uploads\/2019\/02\/Poten100mos-Logo-peq.png\" alt=\"Asociaci\u00f3n Poten100mos\" itemprop=\"image\" title=\"Asociaci\u00f3n Poten100mos\" onerror=\"this.style.display='none'\"  \/>\n\t\t\t\t<img decoding=\"async\" src=\"http:\/\/poten100mos.org\/wp-content\/uploads\/2019\/02\/Foro-colectivo-migrants-1.jpg\" alt=\"Foro colectivo migrants (1)\" itemprop=\"image\" title=\"Foro colectivo migrants (1)\" onerror=\"this.style.display='none'\"  \/>\n\t<h2><strong>VISI\u00d3N<\/strong><\/h2>\n\t<p>Trabajar por una sociedad interdependiente en la que quepamos todos, capaz de ver en la diferencia y la diversidad una parte fundamental de su riqueza y raz\u00f3n de ser. Una Sociedad Inclusiva.<\/p>\n\t<h2><strong>PRINCIPIOS<\/strong><\/h2>\n\t\t\t\t<img decoding=\"async\" loading=\"lazy\" src=\"https:\/\/poten100mos.org\/wp-content\/uploads\/2023\/04\/Principios.png\" alt=\"Principios\" itemprop=\"image\" height=\"982\" width=\"877\" onerror=\"this.style.display='none'\"  \/>\n\t\t\t\t<img decoding=\"async\" src=\"http:\/\/poten100mos.org\/wp-content\/uploads\/2019\/04\/Coaching-Grupo-ok.jpg\" alt=\"Coaching en Grupo\" itemprop=\"image\" title=\"Coaching en Grupo\" onerror=\"this.style.display='none'\"  \/>\n\t\t\t\t<img decoding=\"async\" loading=\"lazy\" src=\"https:\/\/poten100mos.org\/wp-content\/uploads\/2019\/04\/Editadaproba-i5-sesi\u00f3n-individual-poten100mos-1200x900.jpg\" alt=\"Editadaproba-i5-sesi\u00f3n-individual-poten100mos-1200x900\" itemprop=\"image\" height=\"626\" width=\"940\" title=\"Editadaproba-i5-sesi\u00f3n-individual-poten100mos-1200x900\" onerror=\"this.style.display='none'\"  \/>","protected":false},"excerpt":{"rendered":"<div class=\"entry-summary\">\n<div class=\"entry-summary\">\nQUI\u00c9NES SOMOS SOBRE NOSOTROS: Poten100mos es una asociaci\u00f3n sin \u00e1nimo de lucro que desde el 2015 se dedica a la inclusi\u00f3n de personas y familias vulnerables a trav\u00e9s de la b\u00fasqueda de empleo, su desarrollo personal, la b\u00fasqueda de recursos&hellip;\n<\/div>\n<div class=\"link-more\"><a href=\"https:\/\/poten100mos.org\/gl\/quienes-somos\/\" class=\"more-link\">Continue reading<span class=\"screen-reader-text\"> &ldquo;\u00bfQuienes somos?&rdquo;<\/span>&hellip;<\/a><\/div>\n<\/div>\n<div class=\"link-more\"><a href=\"https:\/\/poten100mos.org\/gl\/quienes-somos\/\" class=\"more-link\">Continue reading<span class=\"screen-reader-text\"> &ldquo;\u00bfQuienes somos?&rdquo;<\/span>&hellip;<\/a><\/div>","protected":false},"author":1,"featured_media":0,"parent":0,"menu_order":0,"comment_status":"closed","ping_status":"closed","template":"templates\/no-intro.php","meta":{"footnotes":""},"acf":[],"yoast_head":"<!-- This site is optimized with the Yoast SEO plugin v21.4 - https:\/\/yoast.com\/wordpress\/plugins\/seo\/ -->\n<title>\u00bfQuienes somos? | Asociacion Poten100mos<\/title>\n<meta name=\"robots\" content=\"index, follow, max-snippet:-1, max-image-preview:large, max-video-preview:-1\" \/>\n<link rel=\"canonical\" href=\"https:\/\/poten100mos.org\/gl\/quienes-somos\/\" \/>\n<meta property=\"og:locale\" content=\"gl_ES\" \/>\n<meta property=\"og:type\" content=\"article\" \/>\n<meta property=\"og:title\" content=\"\u00bfQuienes somos? | Asociacion Poten100mos\" \/>\n<meta property=\"og:description\" content=\"QUI\u00c9NES SOMOS SOBRE NOSOTROS: Poten100mos es una asociaci\u00f3n sin \u00e1nimo de lucro que desde el 2015 se dedica a la inclusi\u00f3n de personas y familias vulnerables a trav\u00e9s de la b\u00fasqueda de empleo, su desarrollo personal, la b\u00fasqueda de recursos&hellip; Continue reading &ldquo;\u00bfQuienes somos?&rdquo;&hellip;\" \/>\n<meta property=\"og:url\" content=\"https:\/\/poten100mos.org\/gl\/quienes-somos\/\" \/>\n<meta property=\"og:site_name\" content=\"Asociacion Poten100mos\" \/>\n<meta property=\"article:publisher\" content=\"https:\/\/www.facebook.com\/poten100mos\/\" \/>\n<meta property=\"article:modified_time\" content=\"2023-08-04T09:40:36+00:00\" \/>\n<meta property=\"og:image\" content=\"http:\/\/poten100mos.org\/wp-content\/uploads\/2019\/02\/Poten100mos-Logo-peq.png\" \/>\n<meta name=\"twitter:card\" content=\"summary_large_image\" \/>\n<meta name=\"twitter:label1\" content=\"Tempo de lectura\" \/>\n\t<meta name=\"twitter:data1\" content=\"3 minutos\" \/>\n<script type=\"application\/ld+json\" class=\"yoast-schema-graph\">{\"@context\":\"https:\/\/schema.org\",\"@graph\":[{\"@type\":\"WebPage\",\"@id\":\"https:\/\/poten100mos.org\/quienes-somos\/\",\"url\":\"https:\/\/poten100mos.org\/quienes-somos\/\",\"name\":\"\u00bfQuienes somos? | Asociacion Poten100mos\",\"isPartOf\":{\"@id\":\"https:\/\/poten100mos.org\/#website\"},\"datePublished\":\"2019-02-22T12:10:29+00:00\",\"dateModified\":\"2023-08-04T09:40:36+00:00\",\"breadcrumb\":{\"@id\":\"https:\/\/poten100mos.org\/quienes-somos\/#breadcrumb\"},\"inLanguage\":\"gl-ES\",\"potentialAction\":[{\"@type\":\"ReadAction\",\"target\":[\"https:\/\/poten100mos.org\/quienes-somos\/\"]}]},{\"@type\":\"BreadcrumbList\",\"@id\":\"https:\/\/poten100mos.org\/quienes-somos\/#breadcrumb\",\"itemListElement\":[{\"@type\":\"ListItem\",\"position\":1,\"name\":\"Portada\",\"item\":\"https:\/\/poten100mos.org\/\"},{\"@type\":\"ListItem\",\"position\":2,\"name\":\"\u00bfQuienes somos?\"}]},{\"@type\":\"WebSite\",\"@id\":\"https:\/\/poten100mos.org\/#website\",\"url\":\"https:\/\/poten100mos.org\/\",\"name\":\"Asociacion Poten100mos\",\"description\":\"P\u00e1gina web de la Asociaci\u00f3n Poten100mos\",\"publisher\":{\"@id\":\"https:\/\/poten100mos.org\/#organization\"},\"potentialAction\":[{\"@type\":\"SearchAction\",\"target\":{\"@type\":\"EntryPoint\",\"urlTemplate\":\"https:\/\/poten100mos.org\/?s={search_term_string}\"},\"query-input\":\"required name=search_term_string\"}],\"inLanguage\":\"gl-ES\"},{\"@type\":\"Organization\",\"@id\":\"https:\/\/poten100mos.org\/#organization\",\"name\":\"Asociaci\u00f3n Poten100mos\",\"url\":\"https:\/\/poten100mos.org\/\",\"logo\":{\"@type\":\"ImageObject\",\"inLanguage\":\"gl-ES\",\"@id\":\"https:\/\/poten100mos.org\/#\/schema\/logo\/image\/\",\"url\":\"https:\/\/poten100mos.org\/wp-content\/uploads\/2019\/07\/Poten100mos-Logo-peq.png\",\"contentUrl\":\"https:\/\/poten100mos.org\/wp-content\/uploads\/2019\/07\/Poten100mos-Logo-peq.png\",\"width\":400,\"height\":400,\"caption\":\"Asociaci\u00f3n Poten100mos\"},\"image\":{\"@id\":\"https:\/\/poten100mos.org\/#\/schema\/logo\/image\/\"},\"sameAs\":[\"https:\/\/www.facebook.com\/poten100mos\/\",\"https:\/\/www.instagram.com\/poten100mos\/\"]}]}<\/script>\n<!-- \/ Yoast SEO plugin. -->","yoast_head_json":{"title":"\u00bfQuienes somos? | Asociacion Poten100mos","robots":{"index":"index","follow":"follow","max-snippet":"max-snippet:-1","max-image-preview":"max-image-preview:large","max-video-preview":"max-video-preview:-1"},"canonical":"https:\/\/poten100mos.org\/gl\/quienes-somos\/","og_locale":"gl_ES","og_type":"article","og_title":"\u00bfQuienes somos? | Asociacion Poten100mos","og_description":"QUI\u00c9NES SOMOS SOBRE NOSOTROS: Poten100mos es una asociaci\u00f3n sin \u00e1nimo de lucro que desde el 2015 se dedica a la inclusi\u00f3n de personas y familias vulnerables a trav\u00e9s de la b\u00fasqueda de empleo, su desarrollo personal, la b\u00fasqueda de recursos&hellip; Continue reading &ldquo;\u00bfQuienes somos?&rdquo;&hellip;","og_url":"https:\/\/poten100mos.org\/gl\/quienes-somos\/","og_site_name":"Asociacion Poten100mos","article_publisher":"https:\/\/www.facebook.com\/poten100mos\/","article_modified_time":"2023-08-04T09:40:36+00:00","og_image":[{"url":"http:\/\/poten100mos.org\/wp-content\/uploads\/2019\/02\/Poten100mos-Logo-peq.png"}],"twitter_card":"summary_large_image","twitter_misc":{"Tempo de lectura":"3 minutos"},"schema":{"@context":"https:\/\/schema.org","@graph":[{"@type":"WebPage","@id":"https:\/\/poten100mos.org\/quienes-somos\/","url":"https:\/\/poten100mos.org\/quienes-somos\/","name":"\u00bfQuienes somos? | Asociacion Poten100mos","isPartOf":{"@id":"https:\/\/poten100mos.org\/#website"},"datePublished":"2019-02-22T12:10:29+00:00","dateModified":"2023-08-04T09:40:36+00:00","breadcrumb":{"@id":"https:\/\/poten100mos.org\/quienes-somos\/#breadcrumb"},"inLanguage":"gl-ES","potentialAction":[{"@type":"ReadAction","target":["https:\/\/poten100mos.org\/quienes-somos\/"]}]},{"@type":"BreadcrumbList","@id":"https:\/\/poten100mos.org\/quienes-somos\/#breadcrumb","itemListElement":[{"@type":"ListItem","position":1,"name":"Portada","item":"https:\/\/poten100mos.org\/"},{"@type":"ListItem","position":2,"name":"\u00bfQuienes somos?"}]},{"@type":"WebSite","@id":"https:\/\/poten100mos.org\/#website","url":"https:\/\/poten100mos.org\/","name":"Asociacion Poten100mos","description":"P\u00e1gina web de la Asociaci\u00f3n Poten100mos","publisher":{"@id":"https:\/\/poten100mos.org\/#organization"},"potentialAction":[{"@type":"SearchAction","target":{"@type":"EntryPoint","urlTemplate":"https:\/\/poten100mos.org\/?s={search_term_string}"},"query-input":"required name=search_term_string"}],"inLanguage":"gl-ES"},{"@type":"Organization","@id":"https:\/\/poten100mos.org\/#organization","name":"Asociaci\u00f3n Poten100mos","url":"https:\/\/poten100mos.org\/","logo":{"@type":"ImageObject","inLanguage":"gl-ES","@id":"https:\/\/poten100mos.org\/#\/schema\/logo\/image\/","url":"https:\/\/poten100mos.org\/wp-content\/uploads\/2019\/07\/Poten100mos-Logo-peq.png","contentUrl":"https:\/\/poten100mos.org\/wp-content\/uploads\/2019\/07\/Poten100mos-Logo-peq.png","width":400,"height":400,"caption":"Asociaci\u00f3n Poten100mos"},"image":{"@id":"https:\/\/poten100mos.org\/#\/schema\/logo\/image\/"},"sameAs":["https:\/\/www.facebook.com\/poten100mos\/","https:\/\/www.instagram.com\/poten100mos\/"]}]}},"_links":{"self":[{"href":"https:\/\/poten100mos.org\/gl\/wp-json\/wp\/v2\/pages\/1089"}],"collection":[{"href":"https:\/\/poten100mos.org\/gl\/wp-json\/wp\/v2\/pages"}],"about":[{"href":"https:\/\/poten100mos.org\/gl\/wp-json\/wp\/v2\/types\/page"}],"author":[{"embeddable":true,"href":"https:\/\/poten100mos.org\/gl\/wp-json\/wp\/v2\/users\/1"}],"replies":[{"embeddable":true,"href":"https:\/\/poten100mos.org\/gl\/wp-json\/wp\/v2\/comments?post=1089"}],"version-history":[{"count":13,"href":"https:\/\/poten100mos.org\/gl\/wp-json\/wp\/v2\/pages\/1089\/revisions"}],"predecessor-version":[{"id":3102,"href":"https:\/\/poten100mos.org\/gl\/wp-json\/wp\/v2\/pages\/1089\/revisions\/3102"}],"wp:attachment":[{"href":"https:\/\/poten100mos.org\/gl\/wp-json\/wp\/v2\/media?parent=1089"}],"curies":[{"name":"wp","href":"https:\/\/api.w.org\/{rel}","templated":true}]}}