{"id":1176,"date":"2019-02-26T18:50:53","date_gmt":"2019-02-26T17:50:53","guid":{"rendered":"http:\/\/poten100mos.org\/?page_id=1176"},"modified":"2025-02-07T12:09:50","modified_gmt":"2025-02-07T11:09:50","slug":"plataforma-festival-diversidarte","status":"publish","type":"page","link":"https:\/\/poten100mos.org\/gl\/plataforma-festival-diversidarte\/","title":{"rendered":"Plataforma Diversidarte"},"content":{"rendered":"<h2>\n\t\tARTE E DIVERSIDADE\n\t<\/h2>\n\t<p>Una de nuestras grandes motivaciones es trabajar por una sociedad interdependiente en la que quepamos todos\/as, capaz de ver en la diferencia y la diversidad una parte fundamental de su riqueza y raz\u00f3n de ser; una Sociedad Inclusiva.<\/p>\n<p>Asimismo, es el fin de la Asociaci\u00f3n Poten100mos promover el cambio y la educaci\u00f3n social para la normalizaci\u00f3n de las relaciones de la sociedad con todas las personas en situaci\u00f3n de exclusi\u00f3n social celebrando as\u00ed la riqueza de la diversidad.<\/p>\n<p>Por todo ello, Plataforma DiversidArte es un soporte creado para la promoci\u00f3n, producci\u00f3n y difusi\u00f3n del arte donde sus principales protagonistas son las personas con diversidad intelectual, f\u00edsica, ps\u00edquica y sensorial junto con otros colectivos en situaci\u00f3n y riesgo de exclusi\u00f3n social, con actividades que fomentan las sinergias entre colectivos y su propia inclusi\u00f3n como artistas dentro de la sociedad.<\/p>\n<p>Un Mundo donde cabemos todos\/as.<\/p>\n\n\t\t\t\t<img decoding=\"async\" loading=\"lazy\" src=\"https:\/\/poten100mos.org\/wp-content\/uploads\/2023\/09\/Foto-Arte-Y-Diversidad.png\" alt=\"Foto Arte Y Diversidad\" itemprop=\"image\" height=\"1414\" width=\"2000\" title=\"Foto Arte Y Diversidad\" onerror=\"this.style.display='none'\"  \/>\n\t\t\t\t<img decoding=\"async\" loading=\"lazy\" src=\"https:\/\/poten100mos.org\/wp-content\/uploads\/2019\/02\/plataforma-diversidarte-logotipo-b89a101f-e1555492967523.jpg\" alt=\"plataforma-diversidarte-logotipo-b89a101f\" itemprop=\"image\" height=\"689\" width=\"800\" title=\"plataforma-diversidarte-logotipo-b89a101f\" onerror=\"this.style.display='none'\"  \/>\n\t<ul id=\"\" class=\"cnss-social-icon\" style=\"text-align:center;\"><li class=\"cn-fa-facebook cn-fa-icon\" style=\"display:inline-block;\"><a class=\"\" target=\"_blank\" href=\"https:\/\/www.facebook.com\/festivaldiversidarte\/\" title=\"Facebook\" style=\"width:48px;height:48px;padding:8px 0;margin:2px;color: #000000;border-radius: 0%;\"><i title=\"Facebook\" style=\"font-size:32px;\" class=\"fab fa-facebook-f\"><\/i><\/a><\/li><li class=\"cn-fa-instagram cn-fa-icon\" style=\"display:inline-block;\"><a class=\"\" target=\"_blank\" href=\"https:\/\/www.instagram.com\/plataformadiversidarte\/?hl=es\" title=\"Instagram\" style=\"width:48px;height:48px;padding:8px 0;margin:2px;color: #000000;border-radius: 0%;\"><i title=\"Instagram\" style=\"font-size:32px;\" class=\"fab fa-instagram\"><\/i><\/a><\/li><\/ul>\n<h2>\n\t\tDIVERSIDARTE FESTIVAL:\n\t<\/h2>\n<p>DiversidArte, o Festival das Artes Inclusivas, leva 8 anos sendo un exemplo das diversas diversidades (funcionais, \u00e9tnicas, sexuais, entre outras) unidas a trav\u00e9s da arte na Coru\u00f1a durante o mes de xu\u00f1o.<\/p>\n<p>Toda a programaci\u00f3n que incl\u00fae m\u00fasica, teatro, obradoiros, cine social, etc. est\u00e1 feita ou dedicada a persoas que pertencen a distintos colectivos en exclusi\u00f3n social co obxectivo de mostrar o maior n\u00famero de diversidades loitando por un mesmo obxectivo: o da inclusi\u00f3n social, igualdade e respecto a estas persoas\/grupos.<\/p>\n<p>Esta iniciativa sup\u00f3n un cambio social revolucionario que busca concienciar \u00e1 poboaci\u00f3n coru\u00f1esa sobre a importancia de aceptar e valorar as diferenzas, e erradicar positivamente os delitos de odio a trav\u00e9s da arte. Ademais, este festival brinda a oportunidade aos artistas participantes de ga\u00f1arse un lugar na sociedade, na nosa comunidade e no mercado laboral.<\/p>\n<p>Consulta toda a programacio\u0301n en: <a href=\"http:\/\/www.diversidartefestival.gal\" target=\"_blank\" rel=\"noopener\">www.diversidartefestival.gal<\/a><\/p>\n<p>Disfruta del vi\u0301deo resumen de DiversidArte Festival 2024 en: <a href=\"https:\/\/www.youtube.com\/watch?v=A1Y7-BT4AHg&amp;t=82s\">https:\/\/www.youtube.com\/watch?v=A1Y7-BT4AHg&amp;t=82s<\/a><\/p>\n\t\t\t\t<img decoding=\"async\" loading=\"lazy\" src=\"https:\/\/poten100mos.org\/wp-content\/uploads\/2023\/07\/solo_texto_fondo_blanco_con_telete-removebg-preview.png\" alt=\"logo DiversidArte23\" itemprop=\"image\" height=\"314\" width=\"794\" title=\"DiversidArte23\" onerror=\"this.style.display='none'\"  \/>\n\t\t\t\t<a href=\"https:\/\/poten100mos.org\/wp-content\/uploads\/2019\/02\/Foro-colectivo-migrants-1.jpg\" target=\"_self\" itemprop=\"url\" rel=\"noopener\">\n\t\t\t\t<img decoding=\"async\" src=\"http:\/\/poten100mos.org\/wp-content\/uploads\/2019\/02\/Foro-colectivo-migrants-1.jpg\" alt=\"Foro colectivo migrants (1)\" itemprop=\"image\" title=\"Foro colectivo migrants (1)\" onerror=\"this.style.display='none'\"  \/>\n\t\t\t\t<\/a>\n\t\t\t\t<a href=\"https:\/\/poten100mos.org\/wp-content\/uploads\/2019\/02\/fotografia-a-Cegas-III-1.jpeg\" target=\"_self\" itemprop=\"url\" rel=\"noopener\">\n\t\t\t\t<img decoding=\"async\" src=\"http:\/\/poten100mos.org\/wp-content\/uploads\/2019\/02\/fotografia-a-Cegas-III-1.jpeg\" alt=\"fotografia a Cegas III (1)\" itemprop=\"image\" title=\"fotografia a Cegas III (1)\" onerror=\"this.style.display='none'\"  \/>\n\t\t\t\t<\/a>\n\t\t\t\t<a href=\"https:\/\/poten100mos.org\/wp-content\/uploads\/2022\/10\/Foto-concierto-18-Junio-2.jpeg\" target=\"_self\" itemprop=\"url\" rel=\"noopener\">\n\t\t\t\t<img decoding=\"async\" loading=\"lazy\" src=\"https:\/\/poten100mos.org\/wp-content\/uploads\/2022\/10\/Foto-concierto-18-Junio-2.jpeg\" alt=\"Foto concierto 18 Junio-2\" itemprop=\"image\" height=\"1200\" width=\"1600\" title=\"Foto concierto 18 Junio-2\" onerror=\"this.style.display='none'\"  \/>\n\t\t\t\t<\/a>\n\t\t\t\t<a href=\"https:\/\/poten100mos.org\/wp-content\/uploads\/2020\/02\/Gala-DiversidArte-2019-.jpg\" target=\"_self\" itemprop=\"url\" rel=\"noopener\">\n\t\t\t\t<img decoding=\"async\" loading=\"lazy\" src=\"https:\/\/poten100mos.org\/wp-content\/uploads\/2020\/02\/Gala-DiversidArte-2019-.jpg\" alt=\"Gala DiversidArte 2019\" itemprop=\"image\" height=\"640\" width=\"959\" title=\"Gala DiversidArte 2019\" onerror=\"this.style.display='none'\"  \/>\n\t\t\t\t<\/a>\n<h3>\n\t\tFinanciado por:\n\t<\/h3>\n\t\t\t\t<img decoding=\"async\" loading=\"lazy\" src=\"https:\/\/poten100mos.org\/wp-content\/uploads\/2023\/07\/Fundacion-La-Caixa-Logo.png\" alt=\"Fundacio\u0301n La Caixa Logo\" itemprop=\"image\" height=\"201\" width=\"839\" title=\"Fundacio\u0301n La Caixa Logo\" onerror=\"this.style.display='none'\"  \/>\n\t\t\t\t<img decoding=\"async\" loading=\"lazy\" src=\"https:\/\/poten100mos.org\/wp-content\/uploads\/2025\/02\/logo-deputacion.png\" alt=\"logo-deputacion\" itemprop=\"image\" height=\"77\" width=\"150\" title=\"logo-deputacion\" onerror=\"this.style.display='none'\"  \/>\n\t\t\t\t<img decoding=\"async\" loading=\"lazy\" src=\"https:\/\/poten100mos.org\/wp-content\/uploads\/2025\/02\/Logo_Ayuntamiento.png\" alt=\"Logo_Ayuntamiento\" itemprop=\"image\" height=\"243\" width=\"1046\" title=\"Logo_Ayuntamiento\" onerror=\"this.style.display='none'\"  \/>\n<h3>\n\t\tPremios DiversimaCine:\n\t<\/h3>\n\t\t\t\t<img decoding=\"async\" loading=\"lazy\" src=\"https:\/\/poten100mos.org\/wp-content\/uploads\/2025\/02\/logo-gadis.png\" alt=\"logo-gadis\" itemprop=\"image\" height=\"49\" width=\"150\" title=\"logo-gadis\" onerror=\"this.style.display='none'\"  \/>","protected":false},"excerpt":{"rendered":"<div class=\"entry-summary\">\n<div class=\"entry-summary\">\nARTE Y DIVERSIDAD &#8211; Conoce la plataforma DiversidArte\n<\/div>\n<div class=\"link-more\"><a href=\"https:\/\/poten100mos.org\/gl\/plataforma-festival-diversidarte\/\" class=\"more-link\">Continue reading<span class=\"screen-reader-text\"> &ldquo;Plataforma Diversidarte&rdquo;<\/span>&hellip;<\/a><\/div>\n<\/div>\n<div class=\"link-more\"><a href=\"https:\/\/poten100mos.org\/gl\/plataforma-festival-diversidarte\/\" class=\"more-link\">Continue reading<span class=\"screen-reader-text\"> &ldquo;Plataforma Diversidarte&rdquo;<\/span>&hellip;<\/a><\/div>","protected":false},"author":1,"featured_media":0,"parent":0,"menu_order":0,"comment_status":"closed","ping_status":"closed","template":"templates\/no-intro.php","meta":{"footnotes":""},"acf":[],"yoast_head":"<!-- This site is optimized with the Yoast SEO plugin v21.4 - https:\/\/yoast.com\/wordpress\/plugins\/seo\/ -->\n<title>Plataforma Diversidarte | Asociacion Poten100mos<\/title>\n<meta name=\"robots\" content=\"index, follow, max-snippet:-1, max-image-preview:large, max-video-preview:-1\" \/>\n<link rel=\"canonical\" href=\"https:\/\/poten100mos.org\/gl\/plataforma-festival-diversidarte\/\" \/>\n<meta property=\"og:locale\" content=\"gl_ES\" \/>\n<meta property=\"og:type\" content=\"article\" \/>\n<meta property=\"og:title\" content=\"Plataforma Diversidarte | Asociacion Poten100mos\" \/>\n<meta property=\"og:description\" content=\"ARTE Y DIVERSIDAD - Conoce la plataforma DiversidArte Continue reading &ldquo;Plataforma Diversidarte&rdquo;&hellip;\" \/>\n<meta property=\"og:url\" content=\"https:\/\/poten100mos.org\/gl\/plataforma-festival-diversidarte\/\" \/>\n<meta property=\"og:site_name\" content=\"Asociacion Poten100mos\" \/>\n<meta property=\"article:publisher\" content=\"https:\/\/www.facebook.com\/poten100mos\/\" \/>\n<meta property=\"article:modified_time\" content=\"2025-02-07T11:09:50+00:00\" \/>\n<meta property=\"og:image\" content=\"https:\/\/poten100mos.org\/wp-content\/uploads\/2023\/09\/Foto-Arte-Y-Diversidad.png\" \/>\n<meta name=\"twitter:card\" content=\"summary_large_image\" \/>\n<meta name=\"twitter:label1\" content=\"Tempo de lectura\" \/>\n\t<meta name=\"twitter:data1\" content=\"4 minutos\" \/>\n<script type=\"application\/ld+json\" class=\"yoast-schema-graph\">{\"@context\":\"https:\/\/schema.org\",\"@graph\":[{\"@type\":\"WebPage\",\"@id\":\"https:\/\/poten100mos.org\/plataforma-festival-diversidarte\/\",\"url\":\"https:\/\/poten100mos.org\/plataforma-festival-diversidarte\/\",\"name\":\"Plataforma Diversidarte | Asociacion Poten100mos\",\"isPartOf\":{\"@id\":\"https:\/\/poten100mos.org\/#website\"},\"datePublished\":\"2019-02-26T17:50:53+00:00\",\"dateModified\":\"2025-02-07T11:09:50+00:00\",\"breadcrumb\":{\"@id\":\"https:\/\/poten100mos.org\/plataforma-festival-diversidarte\/#breadcrumb\"},\"inLanguage\":\"gl-ES\",\"potentialAction\":[{\"@type\":\"ReadAction\",\"target\":[\"https:\/\/poten100mos.org\/plataforma-festival-diversidarte\/\"]}]},{\"@type\":\"BreadcrumbList\",\"@id\":\"https:\/\/poten100mos.org\/plataforma-festival-diversidarte\/#breadcrumb\",\"itemListElement\":[{\"@type\":\"ListItem\",\"position\":1,\"name\":\"Portada\",\"item\":\"https:\/\/poten100mos.org\/\"},{\"@type\":\"ListItem\",\"position\":2,\"name\":\"Plataforma Diversidarte\"}]},{\"@type\":\"WebSite\",\"@id\":\"https:\/\/poten100mos.org\/#website\",\"url\":\"https:\/\/poten100mos.org\/\",\"name\":\"Asociacion Poten100mos\",\"description\":\"P\u00e1gina web de la Asociaci\u00f3n Poten100mos\",\"publisher\":{\"@id\":\"https:\/\/poten100mos.org\/#organization\"},\"potentialAction\":[{\"@type\":\"SearchAction\",\"target\":{\"@type\":\"EntryPoint\",\"urlTemplate\":\"https:\/\/poten100mos.org\/?s={search_term_string}\"},\"query-input\":\"required name=search_term_string\"}],\"inLanguage\":\"gl-ES\"},{\"@type\":\"Organization\",\"@id\":\"https:\/\/poten100mos.org\/#organization\",\"name\":\"Asociaci\u00f3n Poten100mos\",\"url\":\"https:\/\/poten100mos.org\/\",\"logo\":{\"@type\":\"ImageObject\",\"inLanguage\":\"gl-ES\",\"@id\":\"https:\/\/poten100mos.org\/#\/schema\/logo\/image\/\",\"url\":\"https:\/\/poten100mos.org\/wp-content\/uploads\/2019\/07\/Poten100mos-Logo-peq.png\",\"contentUrl\":\"https:\/\/poten100mos.org\/wp-content\/uploads\/2019\/07\/Poten100mos-Logo-peq.png\",\"width\":400,\"height\":400,\"caption\":\"Asociaci\u00f3n Poten100mos\"},\"image\":{\"@id\":\"https:\/\/poten100mos.org\/#\/schema\/logo\/image\/\"},\"sameAs\":[\"https:\/\/www.facebook.com\/poten100mos\/\",\"https:\/\/www.instagram.com\/poten100mos\/\"]}]}<\/script>\n<!-- \/ Yoast SEO plugin. -->","yoast_head_json":{"title":"Plataforma Diversidarte | Asociacion Poten100mos","robots":{"index":"index","follow":"follow","max-snippet":"max-snippet:-1","max-image-preview":"max-image-preview:large","max-video-preview":"max-video-preview:-1"},"canonical":"https:\/\/poten100mos.org\/gl\/plataforma-festival-diversidarte\/","og_locale":"gl_ES","og_type":"article","og_title":"Plataforma Diversidarte | Asociacion Poten100mos","og_description":"ARTE Y DIVERSIDAD - Conoce la plataforma DiversidArte Continue reading &ldquo;Plataforma Diversidarte&rdquo;&hellip;","og_url":"https:\/\/poten100mos.org\/gl\/plataforma-festival-diversidarte\/","og_site_name":"Asociacion Poten100mos","article_publisher":"https:\/\/www.facebook.com\/poten100mos\/","article_modified_time":"2025-02-07T11:09:50+00:00","og_image":[{"url":"https:\/\/poten100mos.org\/wp-content\/uploads\/2023\/09\/Foto-Arte-Y-Diversidad.png"}],"twitter_card":"summary_large_image","twitter_misc":{"Tempo de lectura":"4 minutos"},"schema":{"@context":"https:\/\/schema.org","@graph":[{"@type":"WebPage","@id":"https:\/\/poten100mos.org\/plataforma-festival-diversidarte\/","url":"https:\/\/poten100mos.org\/plataforma-festival-diversidarte\/","name":"Plataforma Diversidarte | Asociacion Poten100mos","isPartOf":{"@id":"https:\/\/poten100mos.org\/#website"},"datePublished":"2019-02-26T17:50:53+00:00","dateModified":"2025-02-07T11:09:50+00:00","breadcrumb":{"@id":"https:\/\/poten100mos.org\/plataforma-festival-diversidarte\/#breadcrumb"},"inLanguage":"gl-ES","potentialAction":[{"@type":"ReadAction","target":["https:\/\/poten100mos.org\/plataforma-festival-diversidarte\/"]}]},{"@type":"BreadcrumbList","@id":"https:\/\/poten100mos.org\/plataforma-festival-diversidarte\/#breadcrumb","itemListElement":[{"@type":"ListItem","position":1,"name":"Portada","item":"https:\/\/poten100mos.org\/"},{"@type":"ListItem","position":2,"name":"Plataforma Diversidarte"}]},{"@type":"WebSite","@id":"https:\/\/poten100mos.org\/#website","url":"https:\/\/poten100mos.org\/","name":"Asociacion Poten100mos","description":"P\u00e1gina web de la Asociaci\u00f3n Poten100mos","publisher":{"@id":"https:\/\/poten100mos.org\/#organization"},"potentialAction":[{"@type":"SearchAction","target":{"@type":"EntryPoint","urlTemplate":"https:\/\/poten100mos.org\/?s={search_term_string}"},"query-input":"required name=search_term_string"}],"inLanguage":"gl-ES"},{"@type":"Organization","@id":"https:\/\/poten100mos.org\/#organization","name":"Asociaci\u00f3n Poten100mos","url":"https:\/\/poten100mos.org\/","logo":{"@type":"ImageObject","inLanguage":"gl-ES","@id":"https:\/\/poten100mos.org\/#\/schema\/logo\/image\/","url":"https:\/\/poten100mos.org\/wp-content\/uploads\/2019\/07\/Poten100mos-Logo-peq.png","contentUrl":"https:\/\/poten100mos.org\/wp-content\/uploads\/2019\/07\/Poten100mos-Logo-peq.png","width":400,"height":400,"caption":"Asociaci\u00f3n Poten100mos"},"image":{"@id":"https:\/\/poten100mos.org\/#\/schema\/logo\/image\/"},"sameAs":["https:\/\/www.facebook.com\/poten100mos\/","https:\/\/www.instagram.com\/poten100mos\/"]}]}},"_links":{"self":[{"href":"https:\/\/poten100mos.org\/gl\/wp-json\/wp\/v2\/pages\/1176"}],"collection":[{"href":"https:\/\/poten100mos.org\/gl\/wp-json\/wp\/v2\/pages"}],"about":[{"href":"https:\/\/poten100mos.org\/gl\/wp-json\/wp\/v2\/types\/page"}],"author":[{"embeddable":true,"href":"https:\/\/poten100mos.org\/gl\/wp-json\/wp\/v2\/users\/1"}],"replies":[{"embeddable":true,"href":"https:\/\/poten100mos.org\/gl\/wp-json\/wp\/v2\/comments?post=1176"}],"version-history":[{"count":26,"href":"https:\/\/poten100mos.org\/gl\/wp-json\/wp\/v2\/pages\/1176\/revisions"}],"predecessor-version":[{"id":3159,"href":"https:\/\/poten100mos.org\/gl\/wp-json\/wp\/v2\/pages\/1176\/revisions\/3159"}],"wp:attachment":[{"href":"https:\/\/poten100mos.org\/gl\/wp-json\/wp\/v2\/media?parent=1176"}],"curies":[{"name":"wp","href":"https:\/\/api.w.org\/{rel}","templated":true}]}}