{"id":1255,"date":"2019-02-27T20:21:04","date_gmt":"2019-02-27T19:21:04","guid":{"rendered":"http:\/\/poten100mos.org\/?page_id=1255"},"modified":"2025-02-07T13:57:15","modified_gmt":"2025-02-07T12:57:15","slug":"proyectos","status":"publish","type":"page","link":"https:\/\/poten100mos.org\/gl\/proyectos\/","title":{"rendered":"Proxectos"},"content":{"rendered":"<p>A nosa iniciativa Cultura Accesible e Inclusiva abrangue un amplo abano de proxectos que incl\u00faen eventos para promover a visibilidade e contrataci\u00f3n de artistas que se atopan en situaci\u00f3n de exclusi\u00f3n social tanto dentro da cidade como no medio rural, as\u00ed como programas de formaci\u00f3n en teatro, m\u00fasica e estilo libre.<\/p>\n<p>Aqu\u00ed poder\u00e1s atopar os proxectos desarrollados por a Plataforma DiversidArte <strong>Plataforma Diversidarte<\/strong>.<\/p>\n\t<h2>DIVERSIDARTE NO RURAL:<\/h2>\n\t<p>Desde 2019 reunimos a artistas pertencentes a diversos colectivos sociais (diversidade f\u00edsica, intelectual, mental e\/ou sensorial; migraci\u00f3n\/refuxiados; minor\u00edas \u00e9tnicas; adicci\u00f3ns, etc.) utilizando a arte como ferramenta universal, lev\u00e1ndoos \u00e1s zonas rurais do provincia da Coru\u00f1a onde Hai menos oportunidades non s\u00f3 de apreciar as diferentes diversidades sen\u00f3n de comprendelas, aceptalas e, polo tanto, inclu\u00edlas.<\/p>\n<p>Promovemos as\u00ed la inclusi\u00f3n social de estos artistas en las diferentes programaciones y espacios culturales en zonas rurales, mezclando diferentes artistas de diferentes colectivos pero tambi\u00e9n diferentes disciplinas art\u00edsticas como m\u00fasica, danza, teatro&#8230;<\/p>\n\t\t\t\t<img decoding=\"async\" loading=\"lazy\" src=\"https:\/\/poten100mos.org\/wp-content\/uploads\/2023\/07\/Foto-Rural-1736x1080.jpg\" alt=\"Foto Rural\" itemprop=\"image\" height=\"747\" width=\"1200\" title=\"Foto Rural\" onerror=\"this.style.display='none'\"  \/>\n\t<h3>Financiado por:<\/h3>\n\t\t\t\t<img decoding=\"async\" loading=\"lazy\" src=\"https:\/\/poten100mos.org\/wp-content\/uploads\/2023\/07\/Fundacion-La-Caixa-Logo.png\" alt=\"Fundacio\u0301n La Caixa Logo\" itemprop=\"image\" height=\"201\" width=\"839\" title=\"Fundacio\u0301n La Caixa Logo\" onerror=\"this.style.display='none'\"  \/>\n\t\t\t\t<img decoding=\"async\" loading=\"lazy\" src=\"https:\/\/poten100mos.org\/wp-content\/uploads\/2024\/06\/Logo-diputacion-480x270.jpg\" alt=\"Logo diputaci\u00f3n\" itemprop=\"image\" height=\"270\" width=\"480\" title=\"Logo diputaci\u00f3n\" onerror=\"this.style.display='none'\"  \/>\n\t<h2>FREESTYLE PEOPLE: FREESTYLE INCLUSIVO, ESCRIBE TUS RAPS Y ACT\u00daA!<\/h2>\n\t<p>Desde Xaneiro de 2024 e grazas \u00e1 Convocatoria de Cultura Inclusiva e Accesible de Fundaci\u00f3n Emalcsa e a colaboraci\u00f3n de Galos do Norte, levamos a cabo unha serie de sesi\u00f3ns de freestyle que resultaron ser un \u00e9xito rotundo e unha experiencia completamente enriquecedora para todos os participantes.<\/p>\n<p>Este \u00e9 un proxecto que non s\u00f3 se centra na m\u00fasica e o ritmo, sen\u00f3n que tam\u00e9n transmite valores fundamentais como o respecto, a uni\u00f3n, a paz e o amor a trav\u00e9s do rap e de forma improvisada que semana a semana practican e po\u00f1en a proba nas s\u00faas m\u00faltiples actuaci\u00f3ns.<\/p>\n<p>Ademais das sesi\u00f3ns regulares de freestyle, introducimos sesi\u00f3ns de poes\u00eda creativa para apoiar a que as persoas participantes nas sesi\u00f3ns de freestyle te\u00f1an un espazo para escribir as s\u00faas propias rimas, mellorar o seu vocabulario, forma de expresi\u00f3n, abrindo novas portas e creando un espazo onde todos, sen importar as s\u00faas capacidades ou circunstancias, poden brillar e facer unha diferenza significativa nas s\u00faas vidas e na sociedade.<\/p>\n<p>No freestyle cabemos T\u00f3dolos\/as!<\/p>\n\t\t\t\t<img decoding=\"async\" loading=\"lazy\" src=\"https:\/\/poten100mos.org\/wp-content\/uploads\/2025\/01\/FREESTYLE-1200x943.png\" alt=\"FREESTYLE\" itemprop=\"image\" height=\"943\" width=\"1200\" title=\"FREESTYLE\" onerror=\"this.style.display='none'\"  \/>\n\t<h2>EL MISTERIOSO CABARET DEL SR. PILGRIM&#8230; Y FREESTYLE<\/h2>\n\t<p>O Cabaret, coa s\u00faa mestura de m\u00fasica, baile e acci\u00f3n, at\u00f3pase co freestyle, unha forma din\u00e1mica de improvisaci\u00f3n verbal sobre ritmos de hip hop. Esta fusi\u00f3n de estilos non s\u00f3 entret\u00e9n, sen\u00f3n tam\u00e9n transmite valores de respecto, unidade, paz e amor.<\/p>\n<p>As\u00ed, en 2024 preparamos y estrenamos el Proyecto \u00abEl Misterioso Cabaret del Sr. Pilgrim.. Y Freestyle\u00bb. Este proyecto no es solo un espect\u00e1culo, es una plataforma de inclusi\u00f3n y cambio social. Reuniendo a j\u00f3venes tutelados, personas con discapacidad intelectual, personas migrantes, y aquellos afectados por enfermedades, a trav\u00e9s del Cabaret y del Freestyle (rap) se propuso mostrar las realidades sociales m\u00e1s actuales de forma divertida y c\u00f3mica, pero con un trasfondo de reflexi\u00f3n sobre temas como la violencia de g\u00e9nero, la salud mental, la migraci\u00f3n y la falta de recursos.<\/p>\n<p>Coa direcci\u00f3n de Jos\u00e9 Le\u00f3n no \u00e1mbito teatral e \u00c1lvaro Pumares no freestyle, este proxecto abraza a innovaci\u00f3n e a accesibilidade en todas as s\u00faas facetas. Ad\u00e1ptanse formatos e implem\u00e9ntanse recursos de comunicaci\u00f3n visual, linguaxe clara e gestualidad para garantir a participaci\u00f3n plena de persoas con diferentes capacidades. Ademais, aseg\u00farase a accesibilidade f\u00edsica dos espazos e util\u00edzanse tecnolox\u00edas de apoio como o sistema de audio-descrici\u00f3n e o bucle magn\u00e9tico para persoas con discapacidades visuais e auditivas, respectivamente.<\/p>\n\t\t\t\t<img decoding=\"async\" loading=\"lazy\" src=\"https:\/\/poten100mos.org\/wp-content\/uploads\/2024\/06\/OK-O-Misterioso-Cabaret-do-Sr.-Pilgrim.-.-e-Freestyle-2.png\" alt=\"OK- O Misterioso Cabaret do Sr. Pilgrim... ... e Freestyle (2)\" itemprop=\"image\" height=\"2000\" width=\"1414\" title=\"OK- O Misterioso Cabaret do Sr. Pilgrim... ... e Freestyle (2)\" onerror=\"this.style.display='none'\"  \/>\n\t<h3>Financiado por:<\/h3>\n\t\t\t\t<img decoding=\"async\" loading=\"lazy\" src=\"https:\/\/poten100mos.org\/wp-content\/uploads\/2024\/06\/Financia.png\" alt=\"Financia\" itemprop=\"image\" height=\"1080\" width=\"1920\" title=\"Financia\" onerror=\"this.style.display='none'\"  \/>\n\t<h2>BANDA DE MUSICA DIVERSIDARTE:<\/h2>\n\t<p>No ano 2021 f\u00f3rmase esta banda con aut\u00e9ntica motivaci\u00f3n e esp\u00edrito musical, co obxectivo de gozar e actuar en escenarios dignos tanto na Coru\u00f1a como no rural. A s\u00faa singularidade radica na s\u00faa composici\u00f3n, xa que est\u00e1 formada por usuarios de entidades con diversidade funcional intelectual, f\u00edsica e\/ou sensorial, persoas con enfermidades reumatol\u00f3xicas, participantes de colectivos migrantes e minor\u00edas \u00e9tnicas (grupo xitano).<\/p>\n<p>Na actualidade, a banda conta con m\u00e1is de 20 m\u00fasicos e fixo as delicias do p\u00fablico cos seus cativantes ritmos percusivos, deixando a todos sen palabras en cada un dos seus concertos. Conseguiron levar a s\u00faa alegr\u00eda a diversos espazos da Coru\u00f1a, como o Auditorio Domus, durante eventos como Acampa e o Festival, as\u00ed como en toda a provincia, en localidades como Santa Comba, Mi\u00f1o, Rois ou Cabanas, entre outros.<\/p>\n\t\t\t\t<img decoding=\"async\" loading=\"lazy\" src=\"https:\/\/poten100mos.org\/wp-content\/uploads\/2023\/07\/Foto-concierto-18-Junio-2023.jpeg\" alt=\"Foto concierto 18 Junio 2023\" itemprop=\"image\" height=\"837\" width=\"1080\" title=\"Foto concierto 18 Junio 2023\" onerror=\"this.style.display='none'\"  \/>\n\t<h3>Financiado por:<\/h3>\n\t\t\t\t<img decoding=\"async\" loading=\"lazy\" src=\"https:\/\/poten100mos.org\/wp-content\/uploads\/2023\/08\/Logo-Concello-Coruna.png\" alt=\"Logo Concello Corun\u0303a\" itemprop=\"image\" height=\"109\" width=\"463\" title=\"Logo Concello Corun\u0303a\" onerror=\"this.style.display='none'\"  \/>\n\t\t\t\t<img decoding=\"async\" loading=\"lazy\" src=\"https:\/\/poten100mos.org\/wp-content\/uploads\/2022\/10\/Logo-Cultura-Inclusiva-Emalcsa.png\" alt=\"Logo Cultura Inclusiva Emalcsa\" itemprop=\"image\" height=\"134\" width=\"250\" title=\"Logo Cultura Inclusiva Emalcsa\" onerror=\"this.style.display='none'\"  \/>\n\t\t\t\t<img decoding=\"async\" loading=\"lazy\" src=\"https:\/\/poten100mos.org\/wp-content\/uploads\/2020\/12\/Fundacion-Emalcsa-2-scaled.jpg\" alt=\"Fundacion-Emalcsa-2\" itemprop=\"image\" height=\"1207\" width=\"2560\" title=\"Fundacion-Emalcsa-2\" onerror=\"this.style.display='none'\"  \/>\n\t\t\t\t<img decoding=\"async\" loading=\"lazy\" src=\"https:\/\/poten100mos.org\/wp-content\/uploads\/2023\/07\/Fundacion-La-Caixa-Logo.png\" alt=\"Fundacio\u0301n La Caixa Logo\" itemprop=\"image\" height=\"201\" width=\"839\" title=\"Fundacio\u0301n La Caixa Logo\" onerror=\"this.style.display='none'\"  \/>\n\t<h3>Colabora:<\/h3>\n\t\t\t\t<img decoding=\"async\" loading=\"lazy\" src=\"https:\/\/poten100mos.org\/wp-content\/uploads\/2020\/12\/logos-poten100mos-3.png\" alt=\"logos poten100mos (3)\" itemprop=\"image\" height=\"150\" width=\"150\" title=\"logos poten100mos (3)\" onerror=\"this.style.display='none'\"  \/>\n\t\t\t\t<img decoding=\"async\" loading=\"lazy\" src=\"https:\/\/poten100mos.org\/wp-content\/uploads\/2020\/12\/logos-poten100mos-def-1.png\" alt=\"logos poten100mos def (1)\" itemprop=\"image\" height=\"150\" width=\"150\" title=\"logos poten100mos def (1)\" onerror=\"this.style.display='none'\"  \/>\n\t<h2>PROXECTO TAIGETO, SUE\u00d1OS Y NORMALIDAD<\/h2>\n\t\t\t\t<img decoding=\"async\" loading=\"lazy\" src=\"https:\/\/poten100mos.org\/wp-content\/uploads\/2023\/09\/Cartel-Taigeto-744x1066.jpg\" alt=\"Cartel Taigeto\" itemprop=\"image\" height=\"1066\" width=\"744\" title=\"Cartel Taigeto\" onerror=\"this.style.display='none'\"  \/>\n\tEl nombre del proyecto deriva de los espartanos de la antigua Grecia, los cuales arrojaban desde el Monte Taigeto a las personas con discapacidad, pues no quer\u00edan que \u00aben su bella y floreciente civilizaci\u00f3n\u00bb existieran personas diferentes. Aunque hoy d\u00eda estos hechos nos parezcan una aberraci\u00f3n, todav\u00eda existen barreras psicol\u00f3gicas que separan \u00abEstos de los Otros\u00bb. Barreras que se transmiten en una realidad diaria y frenan la normalizaci\u00f3n de much\u00edsimas personas y su plena inclusi\u00f3n dentro de la sociedad.\nDurante el 2019, se formaron 10 grupos, cada uno de ellos formado por personas de diferentes colectivos que, junto a fot\u00f3grafos profesionales en esta disciplina y \u00abconscientes\u00bb de la realidad que queremos cambiar trabajaron desde la expresi\u00f3n, el debate y que dio lugar a una exposici\u00f3n colectiva formada por 40 obras maestras y un libro editado con el trabajo realizado.\nTodos ellos trabajaron por un objetivo com\u00fan: el de plasmar en fotograf\u00eda la realidad diaria, la normalidad desconocida entre los \u00abnormales\u00bb que rompa esa barrera y que, aunque diferentes (\u00a1y menos mal!), no nos hace tan distintos&#8230;\n\t\t\t\t<img decoding=\"async\" src=\"https:\/\/poten100mos.org\/wp-content\/plugins\/beaver-builder-lite-version\/img\/pixel.png\" alt=\"\" itemprop=\"image\" onerror=\"this.style.display='none'\"  \/>","protected":false},"excerpt":{"rendered":"<div class=\"entry-summary\">\n<div class=\"entry-summary\">\nPlataforma DiversidArte\n<\/div>\n<div class=\"link-more\"><a href=\"https:\/\/poten100mos.org\/gl\/proyectos\/\" class=\"more-link\">Continue reading<span class=\"screen-reader-text\"> &ldquo;Proyectos&rdquo;<\/span>&hellip;<\/a><\/div>\n<\/div>\n<div class=\"link-more\"><a href=\"https:\/\/poten100mos.org\/gl\/proyectos\/\" class=\"more-link\">Continue reading<span class=\"screen-reader-text\"> &ldquo;Proyectos&rdquo;<\/span>&hellip;<\/a><\/div>","protected":false},"author":1,"featured_media":0,"parent":0,"menu_order":0,"comment_status":"closed","ping_status":"closed","template":"templates\/no-intro.php","meta":{"footnotes":""},"acf":[],"yoast_head":"<!-- This site is optimized with the Yoast SEO plugin v21.4 - https:\/\/yoast.com\/wordpress\/plugins\/seo\/ -->\n<title>Proyectos | Asociacion Poten100mos<\/title>\n<meta name=\"robots\" content=\"index, follow, max-snippet:-1, max-image-preview:large, max-video-preview:-1\" \/>\n<link rel=\"canonical\" href=\"https:\/\/poten100mos.org\/gl\/proyectos\/\" \/>\n<meta property=\"og:locale\" content=\"gl_ES\" \/>\n<meta property=\"og:type\" content=\"article\" \/>\n<meta property=\"og:title\" content=\"Proyectos | Asociacion Poten100mos\" \/>\n<meta property=\"og:description\" content=\"Plataforma DiversidArte Continue reading &ldquo;Proyectos&rdquo;&hellip;\" \/>\n<meta property=\"og:url\" content=\"https:\/\/poten100mos.org\/gl\/proyectos\/\" \/>\n<meta property=\"og:site_name\" content=\"Asociacion Poten100mos\" \/>\n<meta property=\"article:publisher\" content=\"https:\/\/www.facebook.com\/poten100mos\/\" \/>\n<meta property=\"article:modified_time\" content=\"2025-02-07T12:57:15+00:00\" \/>\n<meta property=\"og:image\" content=\"https:\/\/poten100mos.org\/wp-content\/uploads\/2023\/07\/Foto-Rural-1736x1080.jpg\" \/>\n<meta name=\"twitter:card\" content=\"summary_large_image\" \/>\n<meta name=\"twitter:label1\" content=\"Tempo de lectura\" \/>\n\t<meta name=\"twitter:data1\" content=\"4 minutos\" \/>\n<script type=\"application\/ld+json\" class=\"yoast-schema-graph\">{\"@context\":\"https:\/\/schema.org\",\"@graph\":[{\"@type\":\"WebPage\",\"@id\":\"https:\/\/poten100mos.org\/proyectos\/\",\"url\":\"https:\/\/poten100mos.org\/proyectos\/\",\"name\":\"Proyectos | Asociacion Poten100mos\",\"isPartOf\":{\"@id\":\"https:\/\/poten100mos.org\/#website\"},\"datePublished\":\"2019-02-27T19:21:04+00:00\",\"dateModified\":\"2025-02-07T12:57:15+00:00\",\"breadcrumb\":{\"@id\":\"https:\/\/poten100mos.org\/proyectos\/#breadcrumb\"},\"inLanguage\":\"gl-ES\",\"potentialAction\":[{\"@type\":\"ReadAction\",\"target\":[\"https:\/\/poten100mos.org\/proyectos\/\"]}]},{\"@type\":\"BreadcrumbList\",\"@id\":\"https:\/\/poten100mos.org\/proyectos\/#breadcrumb\",\"itemListElement\":[{\"@type\":\"ListItem\",\"position\":1,\"name\":\"Portada\",\"item\":\"https:\/\/poten100mos.org\/\"},{\"@type\":\"ListItem\",\"position\":2,\"name\":\"Proyectos\"}]},{\"@type\":\"WebSite\",\"@id\":\"https:\/\/poten100mos.org\/#website\",\"url\":\"https:\/\/poten100mos.org\/\",\"name\":\"Asociacion Poten100mos\",\"description\":\"P\u00e1gina web de la Asociaci\u00f3n Poten100mos\",\"publisher\":{\"@id\":\"https:\/\/poten100mos.org\/#organization\"},\"potentialAction\":[{\"@type\":\"SearchAction\",\"target\":{\"@type\":\"EntryPoint\",\"urlTemplate\":\"https:\/\/poten100mos.org\/?s={search_term_string}\"},\"query-input\":\"required name=search_term_string\"}],\"inLanguage\":\"gl-ES\"},{\"@type\":\"Organization\",\"@id\":\"https:\/\/poten100mos.org\/#organization\",\"name\":\"Asociaci\u00f3n Poten100mos\",\"url\":\"https:\/\/poten100mos.org\/\",\"logo\":{\"@type\":\"ImageObject\",\"inLanguage\":\"gl-ES\",\"@id\":\"https:\/\/poten100mos.org\/#\/schema\/logo\/image\/\",\"url\":\"https:\/\/poten100mos.org\/wp-content\/uploads\/2019\/07\/Poten100mos-Logo-peq.png\",\"contentUrl\":\"https:\/\/poten100mos.org\/wp-content\/uploads\/2019\/07\/Poten100mos-Logo-peq.png\",\"width\":400,\"height\":400,\"caption\":\"Asociaci\u00f3n Poten100mos\"},\"image\":{\"@id\":\"https:\/\/poten100mos.org\/#\/schema\/logo\/image\/\"},\"sameAs\":[\"https:\/\/www.facebook.com\/poten100mos\/\",\"https:\/\/www.instagram.com\/poten100mos\/\"]}]}<\/script>\n<!-- \/ Yoast SEO plugin. -->","yoast_head_json":{"title":"Proyectos | Asociacion Poten100mos","robots":{"index":"index","follow":"follow","max-snippet":"max-snippet:-1","max-image-preview":"max-image-preview:large","max-video-preview":"max-video-preview:-1"},"canonical":"https:\/\/poten100mos.org\/gl\/proyectos\/","og_locale":"gl_ES","og_type":"article","og_title":"Proyectos | Asociacion Poten100mos","og_description":"Plataforma DiversidArte Continue reading &ldquo;Proyectos&rdquo;&hellip;","og_url":"https:\/\/poten100mos.org\/gl\/proyectos\/","og_site_name":"Asociacion Poten100mos","article_publisher":"https:\/\/www.facebook.com\/poten100mos\/","article_modified_time":"2025-02-07T12:57:15+00:00","og_image":[{"url":"https:\/\/poten100mos.org\/wp-content\/uploads\/2023\/07\/Foto-Rural-1736x1080.jpg"}],"twitter_card":"summary_large_image","twitter_misc":{"Tempo de lectura":"4 minutos"},"schema":{"@context":"https:\/\/schema.org","@graph":[{"@type":"WebPage","@id":"https:\/\/poten100mos.org\/proyectos\/","url":"https:\/\/poten100mos.org\/proyectos\/","name":"Proyectos | Asociacion Poten100mos","isPartOf":{"@id":"https:\/\/poten100mos.org\/#website"},"datePublished":"2019-02-27T19:21:04+00:00","dateModified":"2025-02-07T12:57:15+00:00","breadcrumb":{"@id":"https:\/\/poten100mos.org\/proyectos\/#breadcrumb"},"inLanguage":"gl-ES","potentialAction":[{"@type":"ReadAction","target":["https:\/\/poten100mos.org\/proyectos\/"]}]},{"@type":"BreadcrumbList","@id":"https:\/\/poten100mos.org\/proyectos\/#breadcrumb","itemListElement":[{"@type":"ListItem","position":1,"name":"Portada","item":"https:\/\/poten100mos.org\/"},{"@type":"ListItem","position":2,"name":"Proyectos"}]},{"@type":"WebSite","@id":"https:\/\/poten100mos.org\/#website","url":"https:\/\/poten100mos.org\/","name":"Asociacion Poten100mos","description":"P\u00e1gina web de la Asociaci\u00f3n Poten100mos","publisher":{"@id":"https:\/\/poten100mos.org\/#organization"},"potentialAction":[{"@type":"SearchAction","target":{"@type":"EntryPoint","urlTemplate":"https:\/\/poten100mos.org\/?s={search_term_string}"},"query-input":"required name=search_term_string"}],"inLanguage":"gl-ES"},{"@type":"Organization","@id":"https:\/\/poten100mos.org\/#organization","name":"Asociaci\u00f3n Poten100mos","url":"https:\/\/poten100mos.org\/","logo":{"@type":"ImageObject","inLanguage":"gl-ES","@id":"https:\/\/poten100mos.org\/#\/schema\/logo\/image\/","url":"https:\/\/poten100mos.org\/wp-content\/uploads\/2019\/07\/Poten100mos-Logo-peq.png","contentUrl":"https:\/\/poten100mos.org\/wp-content\/uploads\/2019\/07\/Poten100mos-Logo-peq.png","width":400,"height":400,"caption":"Asociaci\u00f3n Poten100mos"},"image":{"@id":"https:\/\/poten100mos.org\/#\/schema\/logo\/image\/"},"sameAs":["https:\/\/www.facebook.com\/poten100mos\/","https:\/\/www.instagram.com\/poten100mos\/"]}]}},"_links":{"self":[{"href":"https:\/\/poten100mos.org\/gl\/wp-json\/wp\/v2\/pages\/1255"}],"collection":[{"href":"https:\/\/poten100mos.org\/gl\/wp-json\/wp\/v2\/pages"}],"about":[{"href":"https:\/\/poten100mos.org\/gl\/wp-json\/wp\/v2\/types\/page"}],"author":[{"embeddable":true,"href":"https:\/\/poten100mos.org\/gl\/wp-json\/wp\/v2\/users\/1"}],"replies":[{"embeddable":true,"href":"https:\/\/poten100mos.org\/gl\/wp-json\/wp\/v2\/comments?post=1255"}],"version-history":[{"count":32,"href":"https:\/\/poten100mos.org\/gl\/wp-json\/wp\/v2\/pages\/1255\/revisions"}],"predecessor-version":[{"id":3170,"href":"https:\/\/poten100mos.org\/gl\/wp-json\/wp\/v2\/pages\/1255\/revisions\/3170"}],"wp:attachment":[{"href":"https:\/\/poten100mos.org\/gl\/wp-json\/wp\/v2\/media?parent=1255"}],"curies":[{"name":"wp","href":"https:\/\/api.w.org\/{rel}","templated":true}]}}