{"id":1279,"date":"2019-02-28T00:55:56","date_gmt":"2019-02-27T23:55:56","guid":{"rendered":"http:\/\/poten100mos.org\/?page_id=1279"},"modified":"2023-08-04T10:52:22","modified_gmt":"2023-08-04T09:52:22","slug":"inclusion-residencial","status":"publish","type":"page","link":"https:\/\/poten100mos.org\/gl\/inclusion-residencial\/","title":{"rendered":"Inclusi\u00f3n residencial"},"content":{"rendered":"<h2>\n\t\tINCLUSI\u00d3N RESIDENCIAL:\n\t<\/h2>\n<p>Se te atopas nunha situaci\u00f3n de exclusi\u00f3n social e vulnerabilidade, e tam\u00e9n est\u00e1s a vivir a dif\u00edcil crise do mercado de aluguer de vivendas, debes saber que estamos para axudarte. Se cumpre os requisitos m\u00ednimos solicitados no mercado (por exemplo, ter algu\u00e9n que poida ser o seu avalista e que cumpra os requisitos do seguro de impago, ter di\u00f1eiro suficiente para cubrir o dep\u00f3sito e ter capacidade econ\u00f3mica axeitada para facer fronte \u00e1s mensualidades), podemos ofrecerlle un apoio exhaustivo na s\u00faa procura diaria de vivenda en aluguer, as\u00ed como mediaci\u00f3n e asistencia durante todo o proceso de transici\u00f3n cara a unha vivenda estable.<\/p>\n\t\t\t\t<img decoding=\"async\" loading=\"lazy\" src=\"https:\/\/poten100mos.org\/wp-content\/uploads\/2023\/07\/Foto-vivienda.jpg\" alt=\"Mujer con ni\u00f1o sonriendo\" itemprop=\"image\" height=\"1440\" width=\"810\" onerror=\"this.style.display='none'\"  \/>\n<h3>\n\t\tFINANCIADO POR:\n\t<\/h3>\n\t\t\t\t<img decoding=\"async\" loading=\"lazy\" src=\"https:\/\/poten100mos.org\/wp-content\/uploads\/2023\/01\/conselleriapoliticasocial_1.png\" alt=\"conselleriapoliticasocial_1\" itemprop=\"image\" height=\"477\" width=\"949\" title=\"conselleriapoliticasocial_1\" onerror=\"this.style.display='none'\"  \/>","protected":false},"excerpt":{"rendered":"<div class=\"entry-summary\">\n<div class=\"entry-summary\">\nINCLUSI\u00d3N RESIDENCIAL: Si te encuentras en una situacio\u0301n de exclusio\u0301n social y vulnerabilidad, y adema\u0301s esta\u0301s experimentando la difi\u0301cil crisis del mercado de alquiler de viviendas, debes saber que estamos aqui\u0301 para ayudarte. Si cumples con los requisitos mi\u0301nimos que&hellip;\n<\/div>\n<div class=\"link-more\"><a href=\"https:\/\/poten100mos.org\/gl\/inclusion-residencial\/\" class=\"more-link\">Continue reading<span class=\"screen-reader-text\"> &ldquo;Inclusi\u00f3n residencial&rdquo;<\/span>&hellip;<\/a><\/div>\n<\/div>\n<div class=\"link-more\"><a href=\"https:\/\/poten100mos.org\/gl\/inclusion-residencial\/\" class=\"more-link\">Continue reading<span class=\"screen-reader-text\"> &ldquo;Inclusi\u00f3n residencial&rdquo;<\/span>&hellip;<\/a><\/div>","protected":false},"author":1,"featured_media":0,"parent":0,"menu_order":0,"comment_status":"closed","ping_status":"closed","template":"templates\/no-intro.php","meta":{"footnotes":""},"acf":[],"yoast_head":"<!-- This site is optimized with the Yoast SEO plugin v21.4 - https:\/\/yoast.com\/wordpress\/plugins\/seo\/ -->\n<title>Inclusi\u00f3n residencial | Asociacion Poten100mos<\/title>\n<meta name=\"robots\" content=\"index, follow, max-snippet:-1, max-image-preview:large, max-video-preview:-1\" \/>\n<link rel=\"canonical\" href=\"https:\/\/poten100mos.org\/gl\/inclusion-residencial\/\" \/>\n<meta property=\"og:locale\" content=\"gl_ES\" \/>\n<meta property=\"og:type\" content=\"article\" \/>\n<meta property=\"og:title\" content=\"Inclusi\u00f3n residencial | Asociacion Poten100mos\" \/>\n<meta property=\"og:description\" content=\"INCLUSI\u00d3N RESIDENCIAL: Si te encuentras en una situacio\u0301n de exclusio\u0301n social y vulnerabilidad, y adema\u0301s esta\u0301s experimentando la difi\u0301cil crisis del mercado de alquiler de viviendas, debes saber que estamos aqui\u0301 para ayudarte. Si cumples con los requisitos mi\u0301nimos que&hellip; Continue reading &ldquo;Inclusi\u00f3n residencial&rdquo;&hellip;\" \/>\n<meta property=\"og:url\" content=\"https:\/\/poten100mos.org\/gl\/inclusion-residencial\/\" \/>\n<meta property=\"og:site_name\" content=\"Asociacion Poten100mos\" \/>\n<meta property=\"article:publisher\" content=\"https:\/\/www.facebook.com\/poten100mos\/\" \/>\n<meta property=\"article:modified_time\" content=\"2023-08-04T09:52:22+00:00\" \/>\n<meta property=\"og:image\" content=\"https:\/\/poten100mos.org\/wp-content\/uploads\/2023\/07\/Foto-vivienda.jpg\" \/>\n<meta name=\"twitter:card\" content=\"summary_large_image\" \/>\n<meta name=\"twitter:label1\" content=\"Tempo de lectura\" \/>\n\t<meta name=\"twitter:data1\" content=\"1 minuto\" \/>\n<script type=\"application\/ld+json\" class=\"yoast-schema-graph\">{\"@context\":\"https:\/\/schema.org\",\"@graph\":[{\"@type\":\"WebPage\",\"@id\":\"https:\/\/poten100mos.org\/inclusion-residencial\/\",\"url\":\"https:\/\/poten100mos.org\/inclusion-residencial\/\",\"name\":\"Inclusi\u00f3n residencial | Asociacion Poten100mos\",\"isPartOf\":{\"@id\":\"https:\/\/poten100mos.org\/#website\"},\"datePublished\":\"2019-02-27T23:55:56+00:00\",\"dateModified\":\"2023-08-04T09:52:22+00:00\",\"breadcrumb\":{\"@id\":\"https:\/\/poten100mos.org\/inclusion-residencial\/#breadcrumb\"},\"inLanguage\":\"gl-ES\",\"potentialAction\":[{\"@type\":\"ReadAction\",\"target\":[\"https:\/\/poten100mos.org\/inclusion-residencial\/\"]}]},{\"@type\":\"BreadcrumbList\",\"@id\":\"https:\/\/poten100mos.org\/inclusion-residencial\/#breadcrumb\",\"itemListElement\":[{\"@type\":\"ListItem\",\"position\":1,\"name\":\"Portada\",\"item\":\"https:\/\/poten100mos.org\/\"},{\"@type\":\"ListItem\",\"position\":2,\"name\":\"Inclusi\u00f3n residencial\"}]},{\"@type\":\"WebSite\",\"@id\":\"https:\/\/poten100mos.org\/#website\",\"url\":\"https:\/\/poten100mos.org\/\",\"name\":\"Asociacion Poten100mos\",\"description\":\"P\u00e1gina web de la Asociaci\u00f3n Poten100mos\",\"publisher\":{\"@id\":\"https:\/\/poten100mos.org\/#organization\"},\"potentialAction\":[{\"@type\":\"SearchAction\",\"target\":{\"@type\":\"EntryPoint\",\"urlTemplate\":\"https:\/\/poten100mos.org\/?s={search_term_string}\"},\"query-input\":\"required name=search_term_string\"}],\"inLanguage\":\"gl-ES\"},{\"@type\":\"Organization\",\"@id\":\"https:\/\/poten100mos.org\/#organization\",\"name\":\"Asociaci\u00f3n Poten100mos\",\"url\":\"https:\/\/poten100mos.org\/\",\"logo\":{\"@type\":\"ImageObject\",\"inLanguage\":\"gl-ES\",\"@id\":\"https:\/\/poten100mos.org\/#\/schema\/logo\/image\/\",\"url\":\"https:\/\/poten100mos.org\/wp-content\/uploads\/2019\/07\/Poten100mos-Logo-peq.png\",\"contentUrl\":\"https:\/\/poten100mos.org\/wp-content\/uploads\/2019\/07\/Poten100mos-Logo-peq.png\",\"width\":400,\"height\":400,\"caption\":\"Asociaci\u00f3n Poten100mos\"},\"image\":{\"@id\":\"https:\/\/poten100mos.org\/#\/schema\/logo\/image\/\"},\"sameAs\":[\"https:\/\/www.facebook.com\/poten100mos\/\",\"https:\/\/www.instagram.com\/poten100mos\/\"]}]}<\/script>\n<!-- \/ Yoast SEO plugin. -->","yoast_head_json":{"title":"Inclusi\u00f3n residencial | Asociacion Poten100mos","robots":{"index":"index","follow":"follow","max-snippet":"max-snippet:-1","max-image-preview":"max-image-preview:large","max-video-preview":"max-video-preview:-1"},"canonical":"https:\/\/poten100mos.org\/gl\/inclusion-residencial\/","og_locale":"gl_ES","og_type":"article","og_title":"Inclusi\u00f3n residencial | Asociacion Poten100mos","og_description":"INCLUSI\u00d3N RESIDENCIAL: Si te encuentras en una situacio\u0301n de exclusio\u0301n social y vulnerabilidad, y adema\u0301s esta\u0301s experimentando la difi\u0301cil crisis del mercado de alquiler de viviendas, debes saber que estamos aqui\u0301 para ayudarte. Si cumples con los requisitos mi\u0301nimos que&hellip; Continue reading &ldquo;Inclusi\u00f3n residencial&rdquo;&hellip;","og_url":"https:\/\/poten100mos.org\/gl\/inclusion-residencial\/","og_site_name":"Asociacion Poten100mos","article_publisher":"https:\/\/www.facebook.com\/poten100mos\/","article_modified_time":"2023-08-04T09:52:22+00:00","og_image":[{"url":"https:\/\/poten100mos.org\/wp-content\/uploads\/2023\/07\/Foto-vivienda.jpg"}],"twitter_card":"summary_large_image","twitter_misc":{"Tempo de lectura":"1 minuto"},"schema":{"@context":"https:\/\/schema.org","@graph":[{"@type":"WebPage","@id":"https:\/\/poten100mos.org\/inclusion-residencial\/","url":"https:\/\/poten100mos.org\/inclusion-residencial\/","name":"Inclusi\u00f3n residencial | Asociacion Poten100mos","isPartOf":{"@id":"https:\/\/poten100mos.org\/#website"},"datePublished":"2019-02-27T23:55:56+00:00","dateModified":"2023-08-04T09:52:22+00:00","breadcrumb":{"@id":"https:\/\/poten100mos.org\/inclusion-residencial\/#breadcrumb"},"inLanguage":"gl-ES","potentialAction":[{"@type":"ReadAction","target":["https:\/\/poten100mos.org\/inclusion-residencial\/"]}]},{"@type":"BreadcrumbList","@id":"https:\/\/poten100mos.org\/inclusion-residencial\/#breadcrumb","itemListElement":[{"@type":"ListItem","position":1,"name":"Portada","item":"https:\/\/poten100mos.org\/"},{"@type":"ListItem","position":2,"name":"Inclusi\u00f3n residencial"}]},{"@type":"WebSite","@id":"https:\/\/poten100mos.org\/#website","url":"https:\/\/poten100mos.org\/","name":"Asociacion Poten100mos","description":"P\u00e1gina web de la Asociaci\u00f3n Poten100mos","publisher":{"@id":"https:\/\/poten100mos.org\/#organization"},"potentialAction":[{"@type":"SearchAction","target":{"@type":"EntryPoint","urlTemplate":"https:\/\/poten100mos.org\/?s={search_term_string}"},"query-input":"required name=search_term_string"}],"inLanguage":"gl-ES"},{"@type":"Organization","@id":"https:\/\/poten100mos.org\/#organization","name":"Asociaci\u00f3n Poten100mos","url":"https:\/\/poten100mos.org\/","logo":{"@type":"ImageObject","inLanguage":"gl-ES","@id":"https:\/\/poten100mos.org\/#\/schema\/logo\/image\/","url":"https:\/\/poten100mos.org\/wp-content\/uploads\/2019\/07\/Poten100mos-Logo-peq.png","contentUrl":"https:\/\/poten100mos.org\/wp-content\/uploads\/2019\/07\/Poten100mos-Logo-peq.png","width":400,"height":400,"caption":"Asociaci\u00f3n Poten100mos"},"image":{"@id":"https:\/\/poten100mos.org\/#\/schema\/logo\/image\/"},"sameAs":["https:\/\/www.facebook.com\/poten100mos\/","https:\/\/www.instagram.com\/poten100mos\/"]}]}},"_links":{"self":[{"href":"https:\/\/poten100mos.org\/gl\/wp-json\/wp\/v2\/pages\/1279"}],"collection":[{"href":"https:\/\/poten100mos.org\/gl\/wp-json\/wp\/v2\/pages"}],"about":[{"href":"https:\/\/poten100mos.org\/gl\/wp-json\/wp\/v2\/types\/page"}],"author":[{"embeddable":true,"href":"https:\/\/poten100mos.org\/gl\/wp-json\/wp\/v2\/users\/1"}],"replies":[{"embeddable":true,"href":"https:\/\/poten100mos.org\/gl\/wp-json\/wp\/v2\/comments?post=1279"}],"version-history":[{"count":7,"href":"https:\/\/poten100mos.org\/gl\/wp-json\/wp\/v2\/pages\/1279\/revisions"}],"predecessor-version":[{"id":3016,"href":"https:\/\/poten100mos.org\/gl\/wp-json\/wp\/v2\/pages\/1279\/revisions\/3016"}],"wp:attachment":[{"href":"https:\/\/poten100mos.org\/gl\/wp-json\/wp\/v2\/media?parent=1279"}],"curies":[{"name":"wp","href":"https:\/\/api.w.org\/{rel}","templated":true}]}}