{"id":1422,"date":"2019-03-13T10:57:14","date_gmt":"2019-03-13T09:57:14","guid":{"rendered":"http:\/\/poten100mos.org\/?page_id=1422"},"modified":"2023-08-04T10:35:46","modified_gmt":"2023-08-04T09:35:46","slug":"empleo-e-inclusion","status":"publish","type":"page","link":"https:\/\/poten100mos.org\/gl\/empleo-e-inclusion\/","title":{"rendered":"Empleo e inclusi\u00f3n"},"content":{"rendered":"<h2 id=\"menu1\">Programa completo de transici\u00f3n \u00f3 empleo:<\/h2>\n\t\t\t\t<img decoding=\"async\" loading=\"lazy\" src=\"https:\/\/poten100mos.org\/wp-content\/uploads\/2023\/07\/Foto-Empleo.jpg\" alt=\"Foto Empleo\" itemprop=\"image\" height=\"1600\" width=\"1280\" title=\"Foto Empleo\" onerror=\"this.style.display='none'\"  \/>\n<p>Se buscas emprego e te atopas nunha situaci\u00f3n de exclusi\u00f3n social, queremos ser o teu apoio. Ofrec\u00e9monos para reforzar as competencias m\u00e1is solicitadas no mercado laboral segundo o teu perfil profesional, mellorando a t\u00faa empregabilidade mediante un seguimento personalizado na t\u00faa busca de emprego. Ademais, centr\u00e1monos en fortalecer as t\u00faas habilidades persoais, superar os teus medos, elevar a t\u00faa autoestima e as habilidades sociais necesarias para acadar o \u00e9xito.<\/p>\n\t<h2 id=\"menu1\">Sesi\u00f3ns Impresiona:<\/h2>\n<p>Se es unha muller que se atopa nunha situaci\u00f3n de exclusi\u00f3n social e desemprego, temos unha sesi\u00f3n especial chamada Impressa, pensada para axudarche. Nesta sesi\u00f3n non s\u00f3 recibir\u00e1s ferramentas para afrontar a t\u00faa pr\u00f3xima entrevista de traballo da man dun experto en Recursos Humanos dunha empresa e do noso especialista en orientaci\u00f3n laboral, sen\u00f3n que tam\u00e9n poremos \u00e1 t\u00faa disposici\u00f3n un equipo de estilistas que che asesorar\u00e1n. . Ademais, como agasallo especial, proporcionar\u00e9mosche roupa nova e adecuada para garantir que a t\u00faa pr\u00f3xima entrevista sexa un \u00e9xito. Estamos aqu\u00ed para apoiarte!<\/p>\n\t\t\t\t<a href=\"https:\/\/poten100mos.org\/wp-content\/uploads\/2023\/07\/Impresiona-Imagen-2023.jpg\" target=\"_self\" itemprop=\"url\" rel=\"noopener\">\n\t\t\t\t<img decoding=\"async\" loading=\"lazy\" src=\"https:\/\/poten100mos.org\/wp-content\/uploads\/2023\/07\/Impresiona-Imagen-2023.jpg\" alt=\"Impresiona Imagen 2023\" itemprop=\"image\" height=\"268\" width=\"567\" onerror=\"this.style.display='none'\"  \/>\n\t\t\t\t<\/a>\n\t<h4><em>Programa subvencionado por:<\/em><\/h4>\n\t\t\t\t<a href=\"https:\/\/www.xunta.gal\/portada\" target=\"_blank\" rel=\"noopener\" itemprop=\"url\">\n\t\t\t\t<img decoding=\"async\" loading=\"lazy\" src=\"https:\/\/poten100mos.org\/wp-content\/uploads\/2020\/06\/ayuntamiento-coruna-logo-vector.jpg\" alt=\"ayuntamiento-coruna-logo-vector\" itemprop=\"image\" height=\"320\" width=\"630\" title=\"ayuntamiento-coruna-logo-vector\" onerror=\"this.style.display='none'\"  \/>\n\t\t\t\t<\/a>\n\t\t\t\t<a href=\"https:\/\/poten100mos.org\/wp-content\/uploads\/2019\/03\/FSE.png\" target=\"_self\" itemprop=\"url\" rel=\"noopener\">\n\t\t\t\t<img decoding=\"async\" src=\"http:\/\/poten100mos.org\/wp-content\/uploads\/2019\/03\/FSE.png\" alt=\"FSE\" itemprop=\"image\" title=\"FSE\" onerror=\"this.style.display='none'\"  \/>\n\t\t\t\t<\/a>\n\t<h4><em>Grazas a:<\/em><\/h4>\n\t\t\t\t<img decoding=\"async\" loading=\"lazy\" src=\"https:\/\/poten100mos.org\/wp-content\/uploads\/2023\/07\/Fundacion-La-Caixa-Logo-744x178.png\" alt=\"Fundacio\u0301n La Caixa Logo\" itemprop=\"image\" height=\"178\" width=\"744\" title=\"Fundacio\u0301n La Caixa Logo\" onerror=\"this.style.display='none'\"  \/>\n\t<h4><em>E a colaboraci\u00f3n de:<\/em><\/h4>\n\t\t\t\t<img decoding=\"async\" loading=\"lazy\" src=\"https:\/\/poten100mos.org\/wp-content\/uploads\/2019\/07\/cc-marineda-city.png\" alt=\"cc-marineda-city\" itemprop=\"image\" height=\"256\" width=\"256\" title=\"cc-marineda-city\" onerror=\"this.style.display='none'\"  \/>","protected":false},"excerpt":{"rendered":"<div class=\"entry-summary\">\n<div class=\"entry-summary\">\nToda la informaci\u00f3n sobre los programas de inclusi\u00f3n y desarrollo.\n<\/div>\n<div class=\"link-more\"><a href=\"https:\/\/poten100mos.org\/gl\/empleo-e-inclusion\/\" class=\"more-link\">Continue reading<span class=\"screen-reader-text\"> &ldquo;Empleo e inclusi\u00f3n&rdquo;<\/span>&hellip;<\/a><\/div>\n<\/div>\n<div class=\"link-more\"><a href=\"https:\/\/poten100mos.org\/gl\/empleo-e-inclusion\/\" class=\"more-link\">Continue reading<span class=\"screen-reader-text\"> &ldquo;Empleo e inclusi\u00f3n&rdquo;<\/span>&hellip;<\/a><\/div>","protected":false},"author":1,"featured_media":0,"parent":0,"menu_order":0,"comment_status":"closed","ping_status":"closed","template":"templates\/no-intro.php","meta":{"footnotes":""},"acf":[],"yoast_head":"<!-- This site is optimized with the Yoast SEO plugin v21.4 - https:\/\/yoast.com\/wordpress\/plugins\/seo\/ -->\n<title>Empleo e inclusi\u00f3n | Asociacion Poten100mos<\/title>\n<meta name=\"robots\" content=\"index, follow, max-snippet:-1, max-image-preview:large, max-video-preview:-1\" \/>\n<link rel=\"canonical\" href=\"https:\/\/poten100mos.org\/gl\/empleo-e-inclusion\/\" \/>\n<meta property=\"og:locale\" content=\"gl_ES\" \/>\n<meta property=\"og:type\" content=\"article\" \/>\n<meta property=\"og:title\" content=\"Empleo e inclusi\u00f3n | Asociacion Poten100mos\" \/>\n<meta property=\"og:description\" content=\"Toda la informaci\u00f3n sobre los programas de inclusi\u00f3n y desarrollo. Continue reading &ldquo;Empleo e inclusi\u00f3n&rdquo;&hellip;\" \/>\n<meta property=\"og:url\" content=\"https:\/\/poten100mos.org\/gl\/empleo-e-inclusion\/\" \/>\n<meta property=\"og:site_name\" content=\"Asociacion Poten100mos\" \/>\n<meta property=\"article:publisher\" content=\"https:\/\/www.facebook.com\/poten100mos\/\" \/>\n<meta property=\"article:modified_time\" content=\"2023-08-04T09:35:46+00:00\" \/>\n<meta property=\"og:image\" content=\"https:\/\/poten100mos.org\/wp-content\/uploads\/2023\/07\/Foto-Empleo.jpg\" \/>\n<meta name=\"twitter:card\" content=\"summary_large_image\" \/>\n<meta name=\"twitter:label1\" content=\"Tempo de lectura\" \/>\n\t<meta name=\"twitter:data1\" content=\"10 minutos\" \/>\n<script type=\"application\/ld+json\" class=\"yoast-schema-graph\">{\"@context\":\"https:\/\/schema.org\",\"@graph\":[{\"@type\":\"WebPage\",\"@id\":\"https:\/\/poten100mos.org\/empleo-e-inclusion\/\",\"url\":\"https:\/\/poten100mos.org\/empleo-e-inclusion\/\",\"name\":\"Empleo e inclusi\u00f3n | Asociacion Poten100mos\",\"isPartOf\":{\"@id\":\"https:\/\/poten100mos.org\/#website\"},\"datePublished\":\"2019-03-13T09:57:14+00:00\",\"dateModified\":\"2023-08-04T09:35:46+00:00\",\"breadcrumb\":{\"@id\":\"https:\/\/poten100mos.org\/empleo-e-inclusion\/#breadcrumb\"},\"inLanguage\":\"gl-ES\",\"potentialAction\":[{\"@type\":\"ReadAction\",\"target\":[\"https:\/\/poten100mos.org\/empleo-e-inclusion\/\"]}]},{\"@type\":\"BreadcrumbList\",\"@id\":\"https:\/\/poten100mos.org\/empleo-e-inclusion\/#breadcrumb\",\"itemListElement\":[{\"@type\":\"ListItem\",\"position\":1,\"name\":\"Portada\",\"item\":\"https:\/\/poten100mos.org\/\"},{\"@type\":\"ListItem\",\"position\":2,\"name\":\"Empleo e inclusi\u00f3n\"}]},{\"@type\":\"WebSite\",\"@id\":\"https:\/\/poten100mos.org\/#website\",\"url\":\"https:\/\/poten100mos.org\/\",\"name\":\"Asociacion Poten100mos\",\"description\":\"P\u00e1gina web de la Asociaci\u00f3n Poten100mos\",\"publisher\":{\"@id\":\"https:\/\/poten100mos.org\/#organization\"},\"potentialAction\":[{\"@type\":\"SearchAction\",\"target\":{\"@type\":\"EntryPoint\",\"urlTemplate\":\"https:\/\/poten100mos.org\/?s={search_term_string}\"},\"query-input\":\"required name=search_term_string\"}],\"inLanguage\":\"gl-ES\"},{\"@type\":\"Organization\",\"@id\":\"https:\/\/poten100mos.org\/#organization\",\"name\":\"Asociaci\u00f3n Poten100mos\",\"url\":\"https:\/\/poten100mos.org\/\",\"logo\":{\"@type\":\"ImageObject\",\"inLanguage\":\"gl-ES\",\"@id\":\"https:\/\/poten100mos.org\/#\/schema\/logo\/image\/\",\"url\":\"https:\/\/poten100mos.org\/wp-content\/uploads\/2019\/07\/Poten100mos-Logo-peq.png\",\"contentUrl\":\"https:\/\/poten100mos.org\/wp-content\/uploads\/2019\/07\/Poten100mos-Logo-peq.png\",\"width\":400,\"height\":400,\"caption\":\"Asociaci\u00f3n Poten100mos\"},\"image\":{\"@id\":\"https:\/\/poten100mos.org\/#\/schema\/logo\/image\/\"},\"sameAs\":[\"https:\/\/www.facebook.com\/poten100mos\/\",\"https:\/\/www.instagram.com\/poten100mos\/\"]}]}<\/script>\n<!-- \/ Yoast SEO plugin. -->","yoast_head_json":{"title":"Empleo e inclusi\u00f3n | Asociacion Poten100mos","robots":{"index":"index","follow":"follow","max-snippet":"max-snippet:-1","max-image-preview":"max-image-preview:large","max-video-preview":"max-video-preview:-1"},"canonical":"https:\/\/poten100mos.org\/gl\/empleo-e-inclusion\/","og_locale":"gl_ES","og_type":"article","og_title":"Empleo e inclusi\u00f3n | Asociacion Poten100mos","og_description":"Toda la informaci\u00f3n sobre los programas de inclusi\u00f3n y desarrollo. Continue reading &ldquo;Empleo e inclusi\u00f3n&rdquo;&hellip;","og_url":"https:\/\/poten100mos.org\/gl\/empleo-e-inclusion\/","og_site_name":"Asociacion Poten100mos","article_publisher":"https:\/\/www.facebook.com\/poten100mos\/","article_modified_time":"2023-08-04T09:35:46+00:00","og_image":[{"url":"https:\/\/poten100mos.org\/wp-content\/uploads\/2023\/07\/Foto-Empleo.jpg"}],"twitter_card":"summary_large_image","twitter_misc":{"Tempo de lectura":"10 minutos"},"schema":{"@context":"https:\/\/schema.org","@graph":[{"@type":"WebPage","@id":"https:\/\/poten100mos.org\/empleo-e-inclusion\/","url":"https:\/\/poten100mos.org\/empleo-e-inclusion\/","name":"Empleo e inclusi\u00f3n | Asociacion Poten100mos","isPartOf":{"@id":"https:\/\/poten100mos.org\/#website"},"datePublished":"2019-03-13T09:57:14+00:00","dateModified":"2023-08-04T09:35:46+00:00","breadcrumb":{"@id":"https:\/\/poten100mos.org\/empleo-e-inclusion\/#breadcrumb"},"inLanguage":"gl-ES","potentialAction":[{"@type":"ReadAction","target":["https:\/\/poten100mos.org\/empleo-e-inclusion\/"]}]},{"@type":"BreadcrumbList","@id":"https:\/\/poten100mos.org\/empleo-e-inclusion\/#breadcrumb","itemListElement":[{"@type":"ListItem","position":1,"name":"Portada","item":"https:\/\/poten100mos.org\/"},{"@type":"ListItem","position":2,"name":"Empleo e inclusi\u00f3n"}]},{"@type":"WebSite","@id":"https:\/\/poten100mos.org\/#website","url":"https:\/\/poten100mos.org\/","name":"Asociacion Poten100mos","description":"P\u00e1gina web de la Asociaci\u00f3n Poten100mos","publisher":{"@id":"https:\/\/poten100mos.org\/#organization"},"potentialAction":[{"@type":"SearchAction","target":{"@type":"EntryPoint","urlTemplate":"https:\/\/poten100mos.org\/?s={search_term_string}"},"query-input":"required name=search_term_string"}],"inLanguage":"gl-ES"},{"@type":"Organization","@id":"https:\/\/poten100mos.org\/#organization","name":"Asociaci\u00f3n Poten100mos","url":"https:\/\/poten100mos.org\/","logo":{"@type":"ImageObject","inLanguage":"gl-ES","@id":"https:\/\/poten100mos.org\/#\/schema\/logo\/image\/","url":"https:\/\/poten100mos.org\/wp-content\/uploads\/2019\/07\/Poten100mos-Logo-peq.png","contentUrl":"https:\/\/poten100mos.org\/wp-content\/uploads\/2019\/07\/Poten100mos-Logo-peq.png","width":400,"height":400,"caption":"Asociaci\u00f3n Poten100mos"},"image":{"@id":"https:\/\/poten100mos.org\/#\/schema\/logo\/image\/"},"sameAs":["https:\/\/www.facebook.com\/poten100mos\/","https:\/\/www.instagram.com\/poten100mos\/"]}]}},"_links":{"self":[{"href":"https:\/\/poten100mos.org\/gl\/wp-json\/wp\/v2\/pages\/1422"}],"collection":[{"href":"https:\/\/poten100mos.org\/gl\/wp-json\/wp\/v2\/pages"}],"about":[{"href":"https:\/\/poten100mos.org\/gl\/wp-json\/wp\/v2\/types\/page"}],"author":[{"embeddable":true,"href":"https:\/\/poten100mos.org\/gl\/wp-json\/wp\/v2\/users\/1"}],"replies":[{"embeddable":true,"href":"https:\/\/poten100mos.org\/gl\/wp-json\/wp\/v2\/comments?post=1422"}],"version-history":[{"count":16,"href":"https:\/\/poten100mos.org\/gl\/wp-json\/wp\/v2\/pages\/1422\/revisions"}],"predecessor-version":[{"id":3011,"href":"https:\/\/poten100mos.org\/gl\/wp-json\/wp\/v2\/pages\/1422\/revisions\/3011"}],"wp:attachment":[{"href":"https:\/\/poten100mos.org\/gl\/wp-json\/wp\/v2\/media?parent=1422"}],"curies":[{"name":"wp","href":"https:\/\/api.w.org\/{rel}","templated":true}]}}