{"id":1479,"date":"2019-03-14T10:57:45","date_gmt":"2019-03-14T09:57:45","guid":{"rendered":"http:\/\/poten100mos.org\/?page_id=1479"},"modified":"2024-01-29T12:05:51","modified_gmt":"2024-01-29T11:05:51","slug":"accesibilidad","status":"publish","type":"page","link":"https:\/\/poten100mos.org\/gl\/accesibilidad\/","title":{"rendered":"Accesibilidad"},"content":{"rendered":"<p>El objetivo es que todas las personas que visiten la p\u00e1gina, independientemente de tener una discapacidad, de la edad o de acceder a la web desde tecnolog\u00edas poco convencionales, puedan navegar por las p\u00e1ginas de este sitio web sin encontrar dificultades de acceso.<\/p>\r\n<p>El desarrollo del portal se ha basado en el cumplimiento de las Pautas de Accesibilidad al Contenido en la Web 1.0 establecidas por el W3C (Consorcio de la World Wide Web).<\/p>\r\n<p>Algunas de las funcionalidades implementadas en la web para permitirle acceder a todos los contenidos con mayor facilidad son:<\/p>\r\n<p>Las caracter\u00edsticas visuales del portal (tipo de letra, t\u00edtulos H2, color de fuente y fondo, contrastes de color, etc.) se definen mediante la hoja de estilos para que el usuario pueda ajustar el texto a sus preferencias.<\/p>\r\n<p>Los tama\u00f1os de las fuentes se han definido con unidades relativas para que pueda ampliar o disminuir el tama\u00f1o de la fuente desde las opciones del navegador (por defecto los t\u00edtulos est\u00e1n en un tama\u00f1o H2).<\/p>\r\n<p>Si un usuario accede al portal con un navegador que no soporta hoja de estilos, no supondr\u00e1 una dificultad, ya que de igual manera se puede acceder a todos los contenidos con la CSS desactivada.<\/p>\r\n<p>Las p\u00e1ginas tienen una estructura clara tanto para el usuario que puede ver todo el contenido, como para el que lee la informaci\u00f3n con un lector de pantalla, usuarios que desactivan la hoja de estilos, etc.<\/p>","protected":false},"excerpt":{"rendered":"<div class=\"entry-summary\">\n<div class=\"entry-summary\">\nEl objetivo es que todas las personas que visiten la p\u00e1gina, independientemente de tener una discapacidad, de la edad o de acceder a la web desde tecnolog\u00edas poco convencionales, puedan navegar por las p\u00e1ginas de este sitio web sin encontrar&hellip;\n<\/div>\n<div class=\"link-more\"><a href=\"https:\/\/poten100mos.org\/gl\/accesibilidad\/\" class=\"more-link\">Continue reading<span class=\"screen-reader-text\"> &ldquo;Accesibilidad&rdquo;<\/span>&hellip;<\/a><\/div>\n<\/div>\n<div class=\"link-more\"><a href=\"https:\/\/poten100mos.org\/gl\/accesibilidad\/\" class=\"more-link\">Continue reading<span class=\"screen-reader-text\"> &ldquo;Accesibilidad&rdquo;<\/span>&hellip;<\/a><\/div>","protected":false},"author":1,"featured_media":0,"parent":0,"menu_order":0,"comment_status":"closed","ping_status":"closed","template":"","meta":{"footnotes":""},"acf":[],"yoast_head":"<!-- This site is optimized with the Yoast SEO plugin v21.4 - https:\/\/yoast.com\/wordpress\/plugins\/seo\/ -->\n<title>Accesibilidad | Asociacion Poten100mos<\/title>\n<meta name=\"robots\" content=\"index, follow, max-snippet:-1, max-image-preview:large, max-video-preview:-1\" \/>\n<link rel=\"canonical\" href=\"https:\/\/poten100mos.org\/gl\/accesibilidad\/\" \/>\n<meta property=\"og:locale\" content=\"gl_ES\" \/>\n<meta property=\"og:type\" content=\"article\" \/>\n<meta property=\"og:title\" content=\"Accesibilidad | Asociacion Poten100mos\" \/>\n<meta property=\"og:description\" content=\"El objetivo es que todas las personas que visiten la p\u00e1gina, independientemente de tener una discapacidad, de la edad o de acceder a la web desde tecnolog\u00edas poco convencionales, puedan navegar por las p\u00e1ginas de este sitio web sin encontrar&hellip; Continue reading &ldquo;Accesibilidad&rdquo;&hellip;\" \/>\n<meta property=\"og:url\" content=\"https:\/\/poten100mos.org\/gl\/accesibilidad\/\" \/>\n<meta property=\"og:site_name\" content=\"Asociacion Poten100mos\" \/>\n<meta property=\"article:publisher\" content=\"https:\/\/www.facebook.com\/poten100mos\/\" \/>\n<meta property=\"article:modified_time\" content=\"2024-01-29T11:05:51+00:00\" \/>\n<meta name=\"twitter:card\" content=\"summary_large_image\" \/>\n<meta name=\"twitter:label1\" content=\"Tempo de lectura\" \/>\n\t<meta name=\"twitter:data1\" content=\"2 minutos\" \/>\n<script type=\"application\/ld+json\" class=\"yoast-schema-graph\">{\"@context\":\"https:\/\/schema.org\",\"@graph\":[{\"@type\":\"WebPage\",\"@id\":\"https:\/\/poten100mos.org\/accesibilidad\/\",\"url\":\"https:\/\/poten100mos.org\/accesibilidad\/\",\"name\":\"Accesibilidad | Asociacion Poten100mos\",\"isPartOf\":{\"@id\":\"https:\/\/poten100mos.org\/#website\"},\"datePublished\":\"2019-03-14T09:57:45+00:00\",\"dateModified\":\"2024-01-29T11:05:51+00:00\",\"breadcrumb\":{\"@id\":\"https:\/\/poten100mos.org\/accesibilidad\/#breadcrumb\"},\"inLanguage\":\"gl-ES\",\"potentialAction\":[{\"@type\":\"ReadAction\",\"target\":[\"https:\/\/poten100mos.org\/accesibilidad\/\"]}]},{\"@type\":\"BreadcrumbList\",\"@id\":\"https:\/\/poten100mos.org\/accesibilidad\/#breadcrumb\",\"itemListElement\":[{\"@type\":\"ListItem\",\"position\":1,\"name\":\"Portada\",\"item\":\"https:\/\/poten100mos.org\/\"},{\"@type\":\"ListItem\",\"position\":2,\"name\":\"Accesibilidad\"}]},{\"@type\":\"WebSite\",\"@id\":\"https:\/\/poten100mos.org\/#website\",\"url\":\"https:\/\/poten100mos.org\/\",\"name\":\"Asociacion Poten100mos\",\"description\":\"P\u00e1gina web de la Asociaci\u00f3n Poten100mos\",\"publisher\":{\"@id\":\"https:\/\/poten100mos.org\/#organization\"},\"potentialAction\":[{\"@type\":\"SearchAction\",\"target\":{\"@type\":\"EntryPoint\",\"urlTemplate\":\"https:\/\/poten100mos.org\/?s={search_term_string}\"},\"query-input\":\"required name=search_term_string\"}],\"inLanguage\":\"gl-ES\"},{\"@type\":\"Organization\",\"@id\":\"https:\/\/poten100mos.org\/#organization\",\"name\":\"Asociaci\u00f3n Poten100mos\",\"url\":\"https:\/\/poten100mos.org\/\",\"logo\":{\"@type\":\"ImageObject\",\"inLanguage\":\"gl-ES\",\"@id\":\"https:\/\/poten100mos.org\/#\/schema\/logo\/image\/\",\"url\":\"https:\/\/poten100mos.org\/wp-content\/uploads\/2019\/07\/Poten100mos-Logo-peq.png\",\"contentUrl\":\"https:\/\/poten100mos.org\/wp-content\/uploads\/2019\/07\/Poten100mos-Logo-peq.png\",\"width\":400,\"height\":400,\"caption\":\"Asociaci\u00f3n Poten100mos\"},\"image\":{\"@id\":\"https:\/\/poten100mos.org\/#\/schema\/logo\/image\/\"},\"sameAs\":[\"https:\/\/www.facebook.com\/poten100mos\/\",\"https:\/\/www.instagram.com\/poten100mos\/\"]}]}<\/script>\n<!-- \/ Yoast SEO plugin. -->","yoast_head_json":{"title":"Accesibilidad | Asociacion Poten100mos","robots":{"index":"index","follow":"follow","max-snippet":"max-snippet:-1","max-image-preview":"max-image-preview:large","max-video-preview":"max-video-preview:-1"},"canonical":"https:\/\/poten100mos.org\/gl\/accesibilidad\/","og_locale":"gl_ES","og_type":"article","og_title":"Accesibilidad | Asociacion Poten100mos","og_description":"El objetivo es que todas las personas que visiten la p\u00e1gina, independientemente de tener una discapacidad, de la edad o de acceder a la web desde tecnolog\u00edas poco convencionales, puedan navegar por las p\u00e1ginas de este sitio web sin encontrar&hellip; Continue reading &ldquo;Accesibilidad&rdquo;&hellip;","og_url":"https:\/\/poten100mos.org\/gl\/accesibilidad\/","og_site_name":"Asociacion Poten100mos","article_publisher":"https:\/\/www.facebook.com\/poten100mos\/","article_modified_time":"2024-01-29T11:05:51+00:00","twitter_card":"summary_large_image","twitter_misc":{"Tempo de lectura":"2 minutos"},"schema":{"@context":"https:\/\/schema.org","@graph":[{"@type":"WebPage","@id":"https:\/\/poten100mos.org\/accesibilidad\/","url":"https:\/\/poten100mos.org\/accesibilidad\/","name":"Accesibilidad | Asociacion Poten100mos","isPartOf":{"@id":"https:\/\/poten100mos.org\/#website"},"datePublished":"2019-03-14T09:57:45+00:00","dateModified":"2024-01-29T11:05:51+00:00","breadcrumb":{"@id":"https:\/\/poten100mos.org\/accesibilidad\/#breadcrumb"},"inLanguage":"gl-ES","potentialAction":[{"@type":"ReadAction","target":["https:\/\/poten100mos.org\/accesibilidad\/"]}]},{"@type":"BreadcrumbList","@id":"https:\/\/poten100mos.org\/accesibilidad\/#breadcrumb","itemListElement":[{"@type":"ListItem","position":1,"name":"Portada","item":"https:\/\/poten100mos.org\/"},{"@type":"ListItem","position":2,"name":"Accesibilidad"}]},{"@type":"WebSite","@id":"https:\/\/poten100mos.org\/#website","url":"https:\/\/poten100mos.org\/","name":"Asociacion Poten100mos","description":"P\u00e1gina web de la Asociaci\u00f3n Poten100mos","publisher":{"@id":"https:\/\/poten100mos.org\/#organization"},"potentialAction":[{"@type":"SearchAction","target":{"@type":"EntryPoint","urlTemplate":"https:\/\/poten100mos.org\/?s={search_term_string}"},"query-input":"required name=search_term_string"}],"inLanguage":"gl-ES"},{"@type":"Organization","@id":"https:\/\/poten100mos.org\/#organization","name":"Asociaci\u00f3n Poten100mos","url":"https:\/\/poten100mos.org\/","logo":{"@type":"ImageObject","inLanguage":"gl-ES","@id":"https:\/\/poten100mos.org\/#\/schema\/logo\/image\/","url":"https:\/\/poten100mos.org\/wp-content\/uploads\/2019\/07\/Poten100mos-Logo-peq.png","contentUrl":"https:\/\/poten100mos.org\/wp-content\/uploads\/2019\/07\/Poten100mos-Logo-peq.png","width":400,"height":400,"caption":"Asociaci\u00f3n Poten100mos"},"image":{"@id":"https:\/\/poten100mos.org\/#\/schema\/logo\/image\/"},"sameAs":["https:\/\/www.facebook.com\/poten100mos\/","https:\/\/www.instagram.com\/poten100mos\/"]}]}},"_links":{"self":[{"href":"https:\/\/poten100mos.org\/gl\/wp-json\/wp\/v2\/pages\/1479"}],"collection":[{"href":"https:\/\/poten100mos.org\/gl\/wp-json\/wp\/v2\/pages"}],"about":[{"href":"https:\/\/poten100mos.org\/gl\/wp-json\/wp\/v2\/types\/page"}],"author":[{"embeddable":true,"href":"https:\/\/poten100mos.org\/gl\/wp-json\/wp\/v2\/users\/1"}],"replies":[{"embeddable":true,"href":"https:\/\/poten100mos.org\/gl\/wp-json\/wp\/v2\/comments?post=1479"}],"version-history":[{"count":4,"href":"https:\/\/poten100mos.org\/gl\/wp-json\/wp\/v2\/pages\/1479\/revisions"}],"predecessor-version":[{"id":3103,"href":"https:\/\/poten100mos.org\/gl\/wp-json\/wp\/v2\/pages\/1479\/revisions\/3103"}],"wp:attachment":[{"href":"https:\/\/poten100mos.org\/gl\/wp-json\/wp\/v2\/media?parent=1479"}],"curies":[{"name":"wp","href":"https:\/\/api.w.org\/{rel}","templated":true}]}}