{"id":1584,"date":"2019-03-26T11:01:54","date_gmt":"2019-03-26T10:01:54","guid":{"rendered":"http:\/\/poten100mos.org\/?page_id=1584"},"modified":"2025-01-29T19:46:22","modified_gmt":"2025-01-29T18:46:22","slug":"transparencia","status":"publish","type":"page","link":"https:\/\/poten100mos.org\/gl\/transparencia\/","title":{"rendered":"Transparencia"},"content":{"rendered":"<p>Para a Asociaci\u00f3n sen \u00e1nimo de lucro, Poten100mos, a transparencia e a rendici\u00f3n de contas \u00e9 un principio fundamental, o alfa e o omega, \u00e1 hora de xestionar a nosa misi\u00f3n.<\/p>\n<p>Non s\u00f3 porque as organizaci\u00f3ns deben cumprir a legalidade, xustificando os nosos ingresos e gastos mediante unha auditor\u00eda como fai calquera empresa, sen\u00f3n porque \u00e9 o noso deber explicar polo mi\u00fado aos nosos colaboradores (privados ou p\u00fablicos) a que destinamos os nosos fondos (os seus). . ), como, onde e que facemos con eles. Para iso publicamos os seguintes documentos que atopar\u00e1s a continuaci\u00f3n:<\/p>\n\t\t\t\t<a href=\"https:\/\/poten100mos.org\/wp-content\/uploads\/2025\/01\/NOVOS-Estatutos-18.4.2024_REXISTRADOS.pdf\" target=\"_blank\" rel=\"noopener\" itemprop=\"url\">\n\t\t\t\t<img decoding=\"async\" loading=\"lazy\" src=\"https:\/\/poten100mos.org\/wp-content\/uploads\/2023\/05\/Captura-de-pantalla-2023-05-15-a-las-23.04.22.png\" alt=\"Captura de pantalla 2023-05-15 a las 23.04.22\" itemprop=\"image\" height=\"154\" width=\"251\" title=\"Captura de pantalla 2023-05-15 a las 23.04.22\" onerror=\"this.style.display='none'\"  \/>\n\t\t\t\t<\/a>\n\t\t\t\t<a href=\"https:\/\/poten100mos.org\/wp-content\/uploads\/2022\/03\/Codigo-Etico-Poten100mos.pdf\" target=\"_blank\" rel=\"noopener\" itemprop=\"url\">\n\t\t\t\t<img decoding=\"async\" loading=\"lazy\" src=\"https:\/\/poten100mos.org\/wp-content\/uploads\/2023\/05\/Captura-de-pantalla-2023-05-15-a-las-23.05.09-e1684184832400.png\" alt=\"C\u00f3digo \u00e9tico\" itemprop=\"image\" height=\"130\" width=\"136\" title=\"C\u00f3digo \u00e9tico\" onerror=\"this.style.display='none'\"  \/>\n\t\t\t\t<\/a>\n\t\t\t\t<img decoding=\"async\" loading=\"lazy\" src=\"https:\/\/poten100mos.org\/wp-content\/uploads\/2025\/01\/MEMORIA-FINANCIERA-2024.png\" alt=\"MEMORIA FINANCIERA 2024\" itemprop=\"image\" height=\"151\" width=\"257\" title=\"MEMORIA FINANCIERA 2024\" onerror=\"this.style.display='none'\"  \/>\n\t\t\t\t<a href=\"https:\/\/poten100mos.org\/wp-content\/uploads\/2025\/01\/MEMORIA-FINANCIERA-2023.pdf\" target=\"_blank\" rel=\"noopener\" itemprop=\"url\">\n\t\t\t\t<img decoding=\"async\" loading=\"lazy\" src=\"https:\/\/poten100mos.org\/wp-content\/uploads\/2025\/01\/MEMORIA-FINANCIERA-2023.png\" alt=\"MEMORIA FINANCIERA 2023\" itemprop=\"image\" height=\"151\" width=\"257\" title=\"MEMORIA FINANCIERA 2023\" onerror=\"this.style.display='none'\"  \/>\n\t\t\t\t<\/a>\n\t\t\t\t<a href=\"https:\/\/poten100mos.org\/wp-content\/uploads\/2023\/07\/MEmoria-economica-firmada-2022.pdf\" target=\"_blank\" rel=\"noopener\" itemprop=\"url\">\n\t\t\t\t<img decoding=\"async\" loading=\"lazy\" src=\"https:\/\/poten100mos.org\/wp-content\/uploads\/2023\/07\/Captura-de-pantalla-2023-07-26-a-las-7.28.38.png\" alt=\"Memoria Financiera 22\" itemprop=\"image\" height=\"155\" width=\"261\" title=\"Memoria Financiera 22\" onerror=\"this.style.display='none'\"  \/>\n\t\t\t\t<\/a>\n\t\t\t\t<a href=\"https:\/\/poten100mos.org\/wp-content\/uploads\/2022\/03\/Memoria-economica-2021-Firmada-2.2.21.pdf\" target=\"_blank\" rel=\"noopener\" itemprop=\"url\">\n\t\t\t\t<img decoding=\"async\" loading=\"lazy\" src=\"https:\/\/poten100mos.org\/wp-content\/uploads\/2023\/05\/Captura-de-pantalla-2023-05-15-a-las-23.04.48-e1684185014841.png\" alt=\"Captura de pantalla 2023-05-15 a las 23.04.48\" itemprop=\"image\" height=\"151\" width=\"257\" title=\"Captura de pantalla 2023-05-15 a las 23.04.48\" onerror=\"this.style.display='none'\"  \/>\n\t\t\t\t<\/a>\n\t\t\t\t<img decoding=\"async\" loading=\"lazy\" src=\"https:\/\/poten100mos.org\/wp-content\/uploads\/2025\/01\/Memoria-actividades-2024.png\" alt=\"Memoria-actividades-2024\" itemprop=\"image\" height=\"197\" width=\"351\" title=\"Memoria-actividades-2024\" onerror=\"this.style.display='none'\"  \/>\n\t\t\t\t<a href=\"https:\/\/poten100mos.org\/wp-content\/uploads\/2025\/01\/MEMORIA-ACTIVIDADES-2023.pdf\" target=\"_blank\" rel=\"noopener\" itemprop=\"url\">\n\t\t\t\t<img decoding=\"async\" loading=\"lazy\" src=\"https:\/\/poten100mos.org\/wp-content\/uploads\/2025\/01\/Memoria-actividades-2023.png\" alt=\"Memoria-actividades-2023\" itemprop=\"image\" height=\"197\" width=\"351\" title=\"Memoria-actividades-2023\" onerror=\"this.style.display='none'\"  \/>\n\t\t\t\t<\/a>\n\t\t\t\t<a href=\"https:\/\/poten100mos.org\/wp-content\/uploads\/2023\/08\/M-E-M-O-R-I-A-ACTIVIDADES-2022.pdf\" target=\"_blank\" rel=\"noopener\" itemprop=\"url\">\n\t\t\t\t<img decoding=\"async\" loading=\"lazy\" src=\"https:\/\/poten100mos.org\/wp-content\/uploads\/2023\/08\/Memoria-Actividades-2022.png\" alt=\"Memoria Actividades 2022\" itemprop=\"image\" height=\"197\" width=\"351\" title=\"Memoria Actividades 2022\" onerror=\"this.style.display='none'\"  \/>\n\t\t\t\t<\/a>\n\t\t\t\t<a href=\"https:\/\/poten100mos.org\/wp-content\/uploads\/2023\/08\/M-E-M-O-R-I-A-ACTIVIDADES-2021.pdf\" target=\"_blank\" rel=\"noopener\" itemprop=\"url\">\n\t\t\t\t<img decoding=\"async\" loading=\"lazy\" src=\"https:\/\/poten100mos.org\/wp-content\/uploads\/2023\/08\/Memoria-actividades-21.png\" alt=\"Memoria actividades 21\" itemprop=\"image\" height=\"197\" width=\"351\" title=\"Memoria actividades 21\" onerror=\"this.style.display='none'\"  \/>\n\t\t\t\t<\/a>","protected":false},"excerpt":{"rendered":"<div class=\"entry-summary\">\n<div class=\"entry-summary\">\nPara la Asociaci\u00f3n sin \u00e1nimo de lucro, Poten100mos, la transparencia y rendici\u00f3n de cuentas es un principio fundamental, el alfa y el omega, a la hora de gestionar nuestra misi\u00f3n. No s\u00f3lo porque las organizaciones debemos cumplir con la ley,&hellip;\n<\/div>\n<div class=\"link-more\"><a href=\"https:\/\/poten100mos.org\/gl\/transparencia\/\" class=\"more-link\">Continue reading<span class=\"screen-reader-text\"> &ldquo;Transparencia&rdquo;<\/span>&hellip;<\/a><\/div>\n<\/div>\n<div class=\"link-more\"><a href=\"https:\/\/poten100mos.org\/gl\/transparencia\/\" class=\"more-link\">Continue reading<span class=\"screen-reader-text\"> &ldquo;Transparencia&rdquo;<\/span>&hellip;<\/a><\/div>","protected":false},"author":1,"featured_media":0,"parent":0,"menu_order":0,"comment_status":"closed","ping_status":"closed","template":"templates\/no-intro.php","meta":{"footnotes":""},"acf":[],"yoast_head":"<!-- This site is optimized with the Yoast SEO plugin v21.4 - https:\/\/yoast.com\/wordpress\/plugins\/seo\/ -->\n<title>Transparencia | Asociacion Poten100mos<\/title>\n<meta name=\"robots\" content=\"index, follow, max-snippet:-1, max-image-preview:large, max-video-preview:-1\" \/>\n<link rel=\"canonical\" href=\"https:\/\/poten100mos.org\/gl\/transparencia\/\" \/>\n<meta property=\"og:locale\" content=\"gl_ES\" \/>\n<meta property=\"og:type\" content=\"article\" \/>\n<meta property=\"og:title\" content=\"Transparencia | Asociacion Poten100mos\" \/>\n<meta property=\"og:description\" content=\"Para la Asociaci\u00f3n sin \u00e1nimo de lucro, Poten100mos, la transparencia y rendici\u00f3n de cuentas es un principio fundamental, el alfa y el omega, a la hora de gestionar nuestra misi\u00f3n. No s\u00f3lo porque las organizaciones debemos cumplir con la ley,&hellip; Continue reading &ldquo;Transparencia&rdquo;&hellip;\" \/>\n<meta property=\"og:url\" content=\"https:\/\/poten100mos.org\/gl\/transparencia\/\" \/>\n<meta property=\"og:site_name\" content=\"Asociacion Poten100mos\" \/>\n<meta property=\"article:publisher\" content=\"https:\/\/www.facebook.com\/poten100mos\/\" \/>\n<meta property=\"article:modified_time\" content=\"2025-01-29T18:46:22+00:00\" \/>\n<meta property=\"og:image\" content=\"https:\/\/poten100mos.org\/wp-content\/uploads\/2023\/05\/Captura-de-pantalla-2023-05-15-a-las-23.04.22.png\" \/>\n<meta name=\"twitter:card\" content=\"summary_large_image\" \/>\n<meta name=\"twitter:label1\" content=\"Tempo de lectura\" \/>\n\t<meta name=\"twitter:data1\" content=\"2 minutos\" \/>\n<script type=\"application\/ld+json\" class=\"yoast-schema-graph\">{\"@context\":\"https:\/\/schema.org\",\"@graph\":[{\"@type\":\"WebPage\",\"@id\":\"https:\/\/poten100mos.org\/transparencia\/\",\"url\":\"https:\/\/poten100mos.org\/transparencia\/\",\"name\":\"Transparencia | Asociacion Poten100mos\",\"isPartOf\":{\"@id\":\"https:\/\/poten100mos.org\/#website\"},\"datePublished\":\"2019-03-26T10:01:54+00:00\",\"dateModified\":\"2025-01-29T18:46:22+00:00\",\"breadcrumb\":{\"@id\":\"https:\/\/poten100mos.org\/transparencia\/#breadcrumb\"},\"inLanguage\":\"gl-ES\",\"potentialAction\":[{\"@type\":\"ReadAction\",\"target\":[\"https:\/\/poten100mos.org\/transparencia\/\"]}]},{\"@type\":\"BreadcrumbList\",\"@id\":\"https:\/\/poten100mos.org\/transparencia\/#breadcrumb\",\"itemListElement\":[{\"@type\":\"ListItem\",\"position\":1,\"name\":\"Portada\",\"item\":\"https:\/\/poten100mos.org\/\"},{\"@type\":\"ListItem\",\"position\":2,\"name\":\"Transparencia\"}]},{\"@type\":\"WebSite\",\"@id\":\"https:\/\/poten100mos.org\/#website\",\"url\":\"https:\/\/poten100mos.org\/\",\"name\":\"Asociacion Poten100mos\",\"description\":\"P\u00e1gina web de la Asociaci\u00f3n Poten100mos\",\"publisher\":{\"@id\":\"https:\/\/poten100mos.org\/#organization\"},\"potentialAction\":[{\"@type\":\"SearchAction\",\"target\":{\"@type\":\"EntryPoint\",\"urlTemplate\":\"https:\/\/poten100mos.org\/?s={search_term_string}\"},\"query-input\":\"required name=search_term_string\"}],\"inLanguage\":\"gl-ES\"},{\"@type\":\"Organization\",\"@id\":\"https:\/\/poten100mos.org\/#organization\",\"name\":\"Asociaci\u00f3n Poten100mos\",\"url\":\"https:\/\/poten100mos.org\/\",\"logo\":{\"@type\":\"ImageObject\",\"inLanguage\":\"gl-ES\",\"@id\":\"https:\/\/poten100mos.org\/#\/schema\/logo\/image\/\",\"url\":\"https:\/\/poten100mos.org\/wp-content\/uploads\/2019\/07\/Poten100mos-Logo-peq.png\",\"contentUrl\":\"https:\/\/poten100mos.org\/wp-content\/uploads\/2019\/07\/Poten100mos-Logo-peq.png\",\"width\":400,\"height\":400,\"caption\":\"Asociaci\u00f3n Poten100mos\"},\"image\":{\"@id\":\"https:\/\/poten100mos.org\/#\/schema\/logo\/image\/\"},\"sameAs\":[\"https:\/\/www.facebook.com\/poten100mos\/\",\"https:\/\/www.instagram.com\/poten100mos\/\"]}]}<\/script>\n<!-- \/ Yoast SEO plugin. -->","yoast_head_json":{"title":"Transparencia | Asociacion Poten100mos","robots":{"index":"index","follow":"follow","max-snippet":"max-snippet:-1","max-image-preview":"max-image-preview:large","max-video-preview":"max-video-preview:-1"},"canonical":"https:\/\/poten100mos.org\/gl\/transparencia\/","og_locale":"gl_ES","og_type":"article","og_title":"Transparencia | Asociacion Poten100mos","og_description":"Para la Asociaci\u00f3n sin \u00e1nimo de lucro, Poten100mos, la transparencia y rendici\u00f3n de cuentas es un principio fundamental, el alfa y el omega, a la hora de gestionar nuestra misi\u00f3n. No s\u00f3lo porque las organizaciones debemos cumplir con la ley,&hellip; Continue reading &ldquo;Transparencia&rdquo;&hellip;","og_url":"https:\/\/poten100mos.org\/gl\/transparencia\/","og_site_name":"Asociacion Poten100mos","article_publisher":"https:\/\/www.facebook.com\/poten100mos\/","article_modified_time":"2025-01-29T18:46:22+00:00","og_image":[{"url":"https:\/\/poten100mos.org\/wp-content\/uploads\/2023\/05\/Captura-de-pantalla-2023-05-15-a-las-23.04.22.png"}],"twitter_card":"summary_large_image","twitter_misc":{"Tempo de lectura":"2 minutos"},"schema":{"@context":"https:\/\/schema.org","@graph":[{"@type":"WebPage","@id":"https:\/\/poten100mos.org\/transparencia\/","url":"https:\/\/poten100mos.org\/transparencia\/","name":"Transparencia | Asociacion Poten100mos","isPartOf":{"@id":"https:\/\/poten100mos.org\/#website"},"datePublished":"2019-03-26T10:01:54+00:00","dateModified":"2025-01-29T18:46:22+00:00","breadcrumb":{"@id":"https:\/\/poten100mos.org\/transparencia\/#breadcrumb"},"inLanguage":"gl-ES","potentialAction":[{"@type":"ReadAction","target":["https:\/\/poten100mos.org\/transparencia\/"]}]},{"@type":"BreadcrumbList","@id":"https:\/\/poten100mos.org\/transparencia\/#breadcrumb","itemListElement":[{"@type":"ListItem","position":1,"name":"Portada","item":"https:\/\/poten100mos.org\/"},{"@type":"ListItem","position":2,"name":"Transparencia"}]},{"@type":"WebSite","@id":"https:\/\/poten100mos.org\/#website","url":"https:\/\/poten100mos.org\/","name":"Asociacion Poten100mos","description":"P\u00e1gina web de la Asociaci\u00f3n Poten100mos","publisher":{"@id":"https:\/\/poten100mos.org\/#organization"},"potentialAction":[{"@type":"SearchAction","target":{"@type":"EntryPoint","urlTemplate":"https:\/\/poten100mos.org\/?s={search_term_string}"},"query-input":"required name=search_term_string"}],"inLanguage":"gl-ES"},{"@type":"Organization","@id":"https:\/\/poten100mos.org\/#organization","name":"Asociaci\u00f3n Poten100mos","url":"https:\/\/poten100mos.org\/","logo":{"@type":"ImageObject","inLanguage":"gl-ES","@id":"https:\/\/poten100mos.org\/#\/schema\/logo\/image\/","url":"https:\/\/poten100mos.org\/wp-content\/uploads\/2019\/07\/Poten100mos-Logo-peq.png","contentUrl":"https:\/\/poten100mos.org\/wp-content\/uploads\/2019\/07\/Poten100mos-Logo-peq.png","width":400,"height":400,"caption":"Asociaci\u00f3n Poten100mos"},"image":{"@id":"https:\/\/poten100mos.org\/#\/schema\/logo\/image\/"},"sameAs":["https:\/\/www.facebook.com\/poten100mos\/","https:\/\/www.instagram.com\/poten100mos\/"]}]}},"_links":{"self":[{"href":"https:\/\/poten100mos.org\/gl\/wp-json\/wp\/v2\/pages\/1584"}],"collection":[{"href":"https:\/\/poten100mos.org\/gl\/wp-json\/wp\/v2\/pages"}],"about":[{"href":"https:\/\/poten100mos.org\/gl\/wp-json\/wp\/v2\/types\/page"}],"author":[{"embeddable":true,"href":"https:\/\/poten100mos.org\/gl\/wp-json\/wp\/v2\/users\/1"}],"replies":[{"embeddable":true,"href":"https:\/\/poten100mos.org\/gl\/wp-json\/wp\/v2\/comments?post=1584"}],"version-history":[{"count":30,"href":"https:\/\/poten100mos.org\/gl\/wp-json\/wp\/v2\/pages\/1584\/revisions"}],"predecessor-version":[{"id":3145,"href":"https:\/\/poten100mos.org\/gl\/wp-json\/wp\/v2\/pages\/1584\/revisions\/3145"}],"wp:attachment":[{"href":"https:\/\/poten100mos.org\/gl\/wp-json\/wp\/v2\/media?parent=1584"}],"curies":[{"name":"wp","href":"https:\/\/api.w.org\/{rel}","templated":true}]}}