{"id":1834,"date":"2019-04-17T09:56:24","date_gmt":"2019-04-17T08:56:24","guid":{"rendered":"http:\/\/poten100mos.org\/?page_id=1834"},"modified":"2024-01-29T12:33:28","modified_gmt":"2024-01-29T11:33:28","slug":"proyecto-pagina-web-accesible","status":"publish","type":"page","link":"https:\/\/poten100mos.org\/gl\/proyecto-pagina-web-accesible\/","title":{"rendered":"\u00abP\u00e1gina web accesible\u00bb"},"content":{"rendered":"<p>El objetivo de la web poten100mos.org es que todas las personas que visiten la p\u00e1gina, independientemente de tener una discapacidad, de la edad o de acceder a la web desde tecnolog\u00edas poco convencionales, puedan navegar por las p\u00e1ginas de este sitio web sin encontrar dificultades de acceso.<\/p>\r\n<p>El desarrollo de la web se ha basado en el cumplimiento de las Pautas de Accesibilidad al Contenido en la Web 1.0 establecidas por el W3C (Consorcio de la World Wide Web).<\/p>\r\n<p>Por ello la web cuida las caracter\u00edsticas visuales como los colores, contrastes de color, tama\u00f1o de las letras y su tipograf\u00eda. Tambi\u00e9n, si un usuario accede a la web con un navegador que no soporta hoja de estilos, no supondr\u00e1 una dificultad, ya que de igual manera se puede acceder a todos los contenidos con la CSS desactivada.<\/p>\r\n<p><a href=\"http:\/\/poten100mos.org\/wp-content\/uploads\/2019\/04\/Imagen-Web_page-0001.jpg\" target=\"_self\" rel=\"noopener noreferrer\"> <img decoding=\"async\" loading=\"lazy\" title=\"Imagen Web_page-0001\" src=\"http:\/\/poten100mos.org\/wp-content\/uploads\/2019\/04\/Imagen-Web_page-0001.jpg\" alt=\"Imagen Web_page-0001\" width=\"1650\" height=\"1275\" \/> <\/a><\/p>","protected":false},"excerpt":{"rendered":"<div class=\"entry-summary\">\n<div class=\"entry-summary\">\nProyecto \u00abP\u00e1gina web accesible\u00bb\n<\/div>\n<div class=\"link-more\"><a href=\"https:\/\/poten100mos.org\/gl\/proyecto-pagina-web-accesible\/\" class=\"more-link\">Continue reading<span class=\"screen-reader-text\"> &ldquo;\u00abP\u00e1gina web accesible\u00bb&rdquo;<\/span>&hellip;<\/a><\/div>\n<\/div>\n<div class=\"link-more\"><a href=\"https:\/\/poten100mos.org\/gl\/proyecto-pagina-web-accesible\/\" class=\"more-link\">Continue reading<span class=\"screen-reader-text\"> &ldquo;\u00abP\u00e1gina web accesible\u00bb&rdquo;<\/span>&hellip;<\/a><\/div>","protected":false},"author":1,"featured_media":0,"parent":0,"menu_order":0,"comment_status":"closed","ping_status":"closed","template":"","meta":{"footnotes":""},"acf":[],"yoast_head":"<!-- This site is optimized with the Yoast SEO plugin v21.4 - https:\/\/yoast.com\/wordpress\/plugins\/seo\/ -->\n<title>&quot;P\u00e1gina web accesible&quot; | Asociacion Poten100mos<\/title>\n<meta name=\"robots\" content=\"index, follow, max-snippet:-1, max-image-preview:large, max-video-preview:-1\" \/>\n<link rel=\"canonical\" href=\"https:\/\/poten100mos.org\/gl\/proyecto-pagina-web-accesible\/\" \/>\n<meta property=\"og:locale\" content=\"gl_ES\" \/>\n<meta property=\"og:type\" content=\"article\" \/>\n<meta property=\"og:title\" content=\"&quot;P\u00e1gina web accesible&quot; | Asociacion Poten100mos\" \/>\n<meta property=\"og:description\" content=\"Proyecto &quot;P\u00e1gina web accesible&quot; Continue reading &ldquo;\u00abP\u00e1gina web accesible\u00bb&rdquo;&hellip;\" \/>\n<meta property=\"og:url\" content=\"https:\/\/poten100mos.org\/gl\/proyecto-pagina-web-accesible\/\" \/>\n<meta property=\"og:site_name\" content=\"Asociacion Poten100mos\" \/>\n<meta property=\"article:publisher\" content=\"https:\/\/www.facebook.com\/poten100mos\/\" \/>\n<meta property=\"article:modified_time\" content=\"2024-01-29T11:33:28+00:00\" \/>\n<meta property=\"og:image\" content=\"http:\/\/poten100mos.org\/wp-content\/uploads\/2019\/04\/Imagen-Web_page-0001.jpg\" \/>\n<meta name=\"twitter:card\" content=\"summary_large_image\" \/>\n<meta name=\"twitter:label1\" content=\"Tempo de lectura\" \/>\n\t<meta name=\"twitter:data1\" content=\"1 minuto\" \/>\n<script type=\"application\/ld+json\" class=\"yoast-schema-graph\">{\"@context\":\"https:\/\/schema.org\",\"@graph\":[{\"@type\":\"WebPage\",\"@id\":\"https:\/\/poten100mos.org\/proyecto-pagina-web-accesible\/\",\"url\":\"https:\/\/poten100mos.org\/proyecto-pagina-web-accesible\/\",\"name\":\"\\\"P\u00e1gina web accesible\\\" | Asociacion Poten100mos\",\"isPartOf\":{\"@id\":\"https:\/\/poten100mos.org\/#website\"},\"datePublished\":\"2019-04-17T08:56:24+00:00\",\"dateModified\":\"2024-01-29T11:33:28+00:00\",\"breadcrumb\":{\"@id\":\"https:\/\/poten100mos.org\/proyecto-pagina-web-accesible\/#breadcrumb\"},\"inLanguage\":\"gl-ES\",\"potentialAction\":[{\"@type\":\"ReadAction\",\"target\":[\"https:\/\/poten100mos.org\/proyecto-pagina-web-accesible\/\"]}]},{\"@type\":\"BreadcrumbList\",\"@id\":\"https:\/\/poten100mos.org\/proyecto-pagina-web-accesible\/#breadcrumb\",\"itemListElement\":[{\"@type\":\"ListItem\",\"position\":1,\"name\":\"Portada\",\"item\":\"https:\/\/poten100mos.org\/\"},{\"@type\":\"ListItem\",\"position\":2,\"name\":\"\u00abP\u00e1gina web accesible\u00bb\"}]},{\"@type\":\"WebSite\",\"@id\":\"https:\/\/poten100mos.org\/#website\",\"url\":\"https:\/\/poten100mos.org\/\",\"name\":\"Asociacion Poten100mos\",\"description\":\"P\u00e1gina web de la Asociaci\u00f3n Poten100mos\",\"publisher\":{\"@id\":\"https:\/\/poten100mos.org\/#organization\"},\"potentialAction\":[{\"@type\":\"SearchAction\",\"target\":{\"@type\":\"EntryPoint\",\"urlTemplate\":\"https:\/\/poten100mos.org\/?s={search_term_string}\"},\"query-input\":\"required name=search_term_string\"}],\"inLanguage\":\"gl-ES\"},{\"@type\":\"Organization\",\"@id\":\"https:\/\/poten100mos.org\/#organization\",\"name\":\"Asociaci\u00f3n Poten100mos\",\"url\":\"https:\/\/poten100mos.org\/\",\"logo\":{\"@type\":\"ImageObject\",\"inLanguage\":\"gl-ES\",\"@id\":\"https:\/\/poten100mos.org\/#\/schema\/logo\/image\/\",\"url\":\"https:\/\/poten100mos.org\/wp-content\/uploads\/2019\/07\/Poten100mos-Logo-peq.png\",\"contentUrl\":\"https:\/\/poten100mos.org\/wp-content\/uploads\/2019\/07\/Poten100mos-Logo-peq.png\",\"width\":400,\"height\":400,\"caption\":\"Asociaci\u00f3n Poten100mos\"},\"image\":{\"@id\":\"https:\/\/poten100mos.org\/#\/schema\/logo\/image\/\"},\"sameAs\":[\"https:\/\/www.facebook.com\/poten100mos\/\",\"https:\/\/www.instagram.com\/poten100mos\/\"]}]}<\/script>\n<!-- \/ Yoast SEO plugin. -->","yoast_head_json":{"title":"\"P\u00e1gina web accesible\" | Asociacion Poten100mos","robots":{"index":"index","follow":"follow","max-snippet":"max-snippet:-1","max-image-preview":"max-image-preview:large","max-video-preview":"max-video-preview:-1"},"canonical":"https:\/\/poten100mos.org\/gl\/proyecto-pagina-web-accesible\/","og_locale":"gl_ES","og_type":"article","og_title":"\"P\u00e1gina web accesible\" | Asociacion Poten100mos","og_description":"Proyecto \"P\u00e1gina web accesible\" Continue reading &ldquo;\u00abP\u00e1gina web accesible\u00bb&rdquo;&hellip;","og_url":"https:\/\/poten100mos.org\/gl\/proyecto-pagina-web-accesible\/","og_site_name":"Asociacion Poten100mos","article_publisher":"https:\/\/www.facebook.com\/poten100mos\/","article_modified_time":"2024-01-29T11:33:28+00:00","og_image":[{"url":"http:\/\/poten100mos.org\/wp-content\/uploads\/2019\/04\/Imagen-Web_page-0001.jpg"}],"twitter_card":"summary_large_image","twitter_misc":{"Tempo de lectura":"1 minuto"},"schema":{"@context":"https:\/\/schema.org","@graph":[{"@type":"WebPage","@id":"https:\/\/poten100mos.org\/proyecto-pagina-web-accesible\/","url":"https:\/\/poten100mos.org\/proyecto-pagina-web-accesible\/","name":"\"P\u00e1gina web accesible\" | Asociacion Poten100mos","isPartOf":{"@id":"https:\/\/poten100mos.org\/#website"},"datePublished":"2019-04-17T08:56:24+00:00","dateModified":"2024-01-29T11:33:28+00:00","breadcrumb":{"@id":"https:\/\/poten100mos.org\/proyecto-pagina-web-accesible\/#breadcrumb"},"inLanguage":"gl-ES","potentialAction":[{"@type":"ReadAction","target":["https:\/\/poten100mos.org\/proyecto-pagina-web-accesible\/"]}]},{"@type":"BreadcrumbList","@id":"https:\/\/poten100mos.org\/proyecto-pagina-web-accesible\/#breadcrumb","itemListElement":[{"@type":"ListItem","position":1,"name":"Portada","item":"https:\/\/poten100mos.org\/"},{"@type":"ListItem","position":2,"name":"\u00abP\u00e1gina web accesible\u00bb"}]},{"@type":"WebSite","@id":"https:\/\/poten100mos.org\/#website","url":"https:\/\/poten100mos.org\/","name":"Asociacion Poten100mos","description":"P\u00e1gina web de la Asociaci\u00f3n Poten100mos","publisher":{"@id":"https:\/\/poten100mos.org\/#organization"},"potentialAction":[{"@type":"SearchAction","target":{"@type":"EntryPoint","urlTemplate":"https:\/\/poten100mos.org\/?s={search_term_string}"},"query-input":"required name=search_term_string"}],"inLanguage":"gl-ES"},{"@type":"Organization","@id":"https:\/\/poten100mos.org\/#organization","name":"Asociaci\u00f3n Poten100mos","url":"https:\/\/poten100mos.org\/","logo":{"@type":"ImageObject","inLanguage":"gl-ES","@id":"https:\/\/poten100mos.org\/#\/schema\/logo\/image\/","url":"https:\/\/poten100mos.org\/wp-content\/uploads\/2019\/07\/Poten100mos-Logo-peq.png","contentUrl":"https:\/\/poten100mos.org\/wp-content\/uploads\/2019\/07\/Poten100mos-Logo-peq.png","width":400,"height":400,"caption":"Asociaci\u00f3n Poten100mos"},"image":{"@id":"https:\/\/poten100mos.org\/#\/schema\/logo\/image\/"},"sameAs":["https:\/\/www.facebook.com\/poten100mos\/","https:\/\/www.instagram.com\/poten100mos\/"]}]}},"_links":{"self":[{"href":"https:\/\/poten100mos.org\/gl\/wp-json\/wp\/v2\/pages\/1834"}],"collection":[{"href":"https:\/\/poten100mos.org\/gl\/wp-json\/wp\/v2\/pages"}],"about":[{"href":"https:\/\/poten100mos.org\/gl\/wp-json\/wp\/v2\/types\/page"}],"author":[{"embeddable":true,"href":"https:\/\/poten100mos.org\/gl\/wp-json\/wp\/v2\/users\/1"}],"replies":[{"embeddable":true,"href":"https:\/\/poten100mos.org\/gl\/wp-json\/wp\/v2\/comments?post=1834"}],"version-history":[{"count":5,"href":"https:\/\/poten100mos.org\/gl\/wp-json\/wp\/v2\/pages\/1834\/revisions"}],"predecessor-version":[{"id":3104,"href":"https:\/\/poten100mos.org\/gl\/wp-json\/wp\/v2\/pages\/1834\/revisions\/3104"}],"wp:attachment":[{"href":"https:\/\/poten100mos.org\/gl\/wp-json\/wp\/v2\/media?parent=1834"}],"curies":[{"name":"wp","href":"https:\/\/api.w.org\/{rel}","templated":true}]}}