{"id":1974,"date":"2019-07-17T10:37:37","date_gmt":"2019-07-17T09:37:37","guid":{"rendered":"http:\/\/poten100mos.org\/?page_id=1974"},"modified":"2021-04-07T22:04:25","modified_gmt":"2021-04-07T21:04:25","slug":"quen-somos","status":"publish","type":"page","link":"https:\/\/poten100mos.org\/gl\/quen-somos\/","title":{"rendered":"Quen somos?"},"content":{"rendered":"<h2><strong>MISI\u00d3N<\/strong><\/h2>\n\t<p><strong>Poten100mos<\/strong> \u00e9 unha asociaci\u00f3n sen \u00e1nimo de lucro que traballa para o desenvolvemento persoal e a inclusi\u00f3n social e laboral de persoas en situaci\u00f3ns de vulnerabilidade f\u00edsica, psicol\u00f3xica e \/ ou social de xeito integral e que infl\u00faen en todos os aspectos da vida dunha persoa.<\/p>\n<p><strong>Poten100mos<\/strong> fomenta o empoderamento e a participaci\u00f3n, fuxindo do enfoque de asistencia e ofrecendo unha alternativa \u00e1s formas tradicionais de inclusi\u00f3n social cun proxecto innovador, centrado na mellora persoal, mellorando as s\u00faas habilidades, habilidades e intelixencia emocional, asesorando no dese\u00f1o do seu propio proxecto vital e acompa\u00f1ando de xeito activo e individualizado para superar os obst\u00e1culos que impiden a s\u00faa inclusi\u00f3n na sociedade, o acceso efectivo ao mercado de traballo e a s\u00faa permanencia.<\/p>\n<p><strong>Poten100mos<\/strong> desenvolve proxectos que promoven a diversidade e a inclusi\u00f3n, visualizando efectivamente todos os grupos da sociedade<\/p>\n\t\t\t\t<img decoding=\"async\" src=\"http:\/\/poten100mos.org\/wp-content\/uploads\/2019\/02\/Poten100mos-Logo-peq.png\" alt=\"Asociaci\u00f3n Poten100mos\" itemprop=\"image\" title=\"Asociaci\u00f3n Poten100mos\" onerror=\"this.style.display='none'\"  \/>\n\t<p>&#038;nbsp<\/p>\n\t\t\t\t<img decoding=\"async\" src=\"http:\/\/poten100mos.org\/wp-content\/uploads\/2019\/02\/Foro-colectivo-migrants-1.jpg\" alt=\"Foro colectivo migrants (1)\" itemprop=\"image\" title=\"Foro colectivo migrants (1)\" onerror=\"this.style.display='none'\"  \/>\n\t<h2><strong>VISI\u00d3N<\/strong><\/h2>\n\t<p>Traballar por unha sociedade interdependente na que te\u00f1amos lugar todos, capaz de ver na doferenza e na diversidade unha parte fundamental da s\u00faa riqueza e raz\u00f3n de ser.<\/p>\n\t<h2><strong>VALORES<\/strong><\/h2>\n\t<ul>\n<li>Asegurar a integridade da persoa, o respecto e a estabilidade socioecon\u00f3mica e igualdade de oportunidades.<\/li>\n<li>Buscar unha verdadeira inclusi\u00f3n tendo en conta todos os aspectos da vida dunha persoa, de xeito integral e dirixida a calquera persoa nunha situaci\u00f3n de vulnerabilidade, f\u00edsica, mental e \/ ou social, po\u00f1endo forza nas circunstancias de cada persoa e nos seus procesos. independentemente do colectivo en exclusi\u00f3n ao que pertencen.<\/li>\n<li>Promover o cambio e a educaci\u00f3n social para a normalizaci\u00f3n das relaci\u00f3ns da sociedade con todas as persoas nunha situaci\u00f3n de exclusi\u00f3n, celebrando as\u00ed a riqueza da diversidade.<\/li>\n<\/ul>\n\t<p>&#038;nbsp<\/p>\n\t<h2><strong>PRINCIPIOS<\/strong><\/h2>\n<div class=\"wm-accordion clearfix\" data-active=\"0\" data-mode=\"accordion\">\r\n<div class=\"wm-item wm-item-wrap\"><h3 class=\"wm-item-title\" data-tags=\"\" data-tag-names=\"\">IGUALDADE E UNIVERSALIDADE<\/h3><div class=\"wm-item-content clearfix IGUALDADEEUNIVERSALIDADE\"><p>Po\u00f1emos as bases para a intervenci\u00f3n en igualdade de trato e igualdade de oportunidades, traballando con persoas sen discriminaci\u00f3n por raz\u00f3n de raza, sexo, relixi\u00f3n, circunstancias de exclusi\u00f3n ou discapacidade.<\/p>\n<\/div><\/div>\r\n\r\n<div class=\"wm-item wm-item-wrap\"><h3 class=\"wm-item-title\" data-tags=\"\" data-tag-names=\"\">NORMALIZACI\u00d3N E INTEGRACI\u00d3N<\/h3><div class=\"wm-item-content clearfix NORMALIZACINEINTEGRACIN\"><p>Realizamos actuaci\u00f3ns en lugares p\u00fablicos da cidade, necesarios para favorecer a incorporaci\u00f3n das persoas cara a unha vida normalizada, d\u00e1ndolles as habilidades necesarias para facelo posible.<\/p>\n<\/div><\/div>\r\n\r\n<div class=\"wm-item wm-item-wrap\"><h3 class=\"wm-item-title\" data-tags=\"\" data-tag-names=\"\">AUTONOM\u00cdA DAS PERSOAS<\/h3><div class=\"wm-item-content clearfix AUTONOMADASPERSOAS\"><p>Actuamos promovendo a autonom\u00eda das persoas para que sexan capaces de funcionar de xeito aut\u00f3nomo na sociedade, como axente activo das s\u00faas vidas, sen imposici\u00f3ns con acci\u00f3ns consensuais, tendo en conta o individuo como o principal motor do cambio.<\/p>\n<\/div><\/div>\r\n\r\n<div class=\"wm-item wm-item-wrap\"><h3 class=\"wm-item-title\" data-tags=\"\" data-tag-names=\"\">MULTIDIMENSIONALIDADE<\/h3><div class=\"wm-item-content clearfix MULTIDIMENSIONALIDADE\"><p>Temos en conta todos os aspectos da vida dunha persoa, tendo en conta os distintos factores que causan o fen\u00f3meno de exclusi\u00f3n social, para permitir unha intervenci\u00f3n\u00a0efectiva nas causas que a causan.<\/p>\n<\/div><\/div>\r\n\r\n<div class=\"wm-item wm-item-wrap\"><h3 class=\"wm-item-title\" data-tags=\"\" data-tag-names=\"\">ATENCI\u00d3N PERSONALIZADA E INTEGRAL<\/h3><div class=\"wm-item-content clearfix ATENCINPERSONALIZADAEINTEGRAL\"><p>Ofrecemos atenci\u00f3n personalizada adaptada \u00e1s necesidades particulares da persoa en base a un diagn\u00f3stico completo da situaci\u00f3n.<\/p>\n<\/div><\/div>\r\n\r\n<div class=\"wm-item wm-item-wrap\"><h3 class=\"wm-item-title\" data-tags=\"\" data-tag-names=\"\">PLANIFICACI\u00d3N<\/h3><div class=\"wm-item-content clearfix PLANIFICACIN\"><p>Realizamos unha intervenci\u00f3n a trav\u00e9s dunha programaci\u00f3n previamente desenvolvida para lograr unha acci\u00f3n integral.<\/p>\n<\/div><\/div>\r\n\r\n<div class=\"wm-item wm-item-wrap\"><h3 class=\"wm-item-title\" data-tags=\"\" data-tag-names=\"\">FLEXIBILIDADE<\/h3><div class=\"wm-item-content clearfix FLEXIBILIDADE\"><p>Adapt\u00e1monos en todo momento \u00e1s necesidades e cambios que poden ocorrer.<\/p>\n<\/div><\/div>\r\n\r\n<div class=\"wm-item wm-item-wrap\"><h3 class=\"wm-item-title\" data-tags=\"\" data-tag-names=\"\">TRABALLO EN REDE E COORDINACI\u00d3N<\/h3><div class=\"wm-item-content clearfix TRABALLOENREDEECOORDINACIN\"><p>Traballamos en rede contando coa implicaci\u00f3n das distintas administraci\u00f3ns p\u00fablicas e de todas as organizaci\u00f3ns sociais coas que traballamos con responsabilidade na materia, como requisito indispensable para unha xesti\u00f3n compartida dos casos.<\/p>\n<\/div><\/div>\r\n\r\n<div class=\"wm-item wm-item-wrap\"><h3 class=\"wm-item-title\" data-tags=\"\" data-tag-names=\"\">TRABALLO INTERDISCIPLINARIO<\/h3><div class=\"wm-item-content clearfix TRABALLOINTERDISCIPLINARIO\"><p>A trav\u00e9s do traballo interdisciplinar co resto dos profesionais doutros programas e servizos implicados, o traballo a desenvolver co individuo, a trav\u00e9s da metodolox\u00eda do micro equipo.<\/p>\n<\/div><\/div>\r\n<\/div>\n\t\t\t\t<img decoding=\"async\" src=\"http:\/\/poten100mos.org\/wp-content\/uploads\/2019\/04\/Coaching-Grupo-ok.jpg\" alt=\"Coaching en Grupo\" itemprop=\"image\" title=\"Coaching en Grupo\" onerror=\"this.style.display='none'\"  \/>\n\t\t\t\t<img decoding=\"async\" src=\"http:\/\/poten100mos.org\/wp-content\/uploads\/2019\/04\/Editadaproba-i5-sesi\u00f3n-individual-poten100mos-1200x900.jpg\" alt=\"Editadaproba-i5-sesi\u00f3n-individual-poten100mos-1200x900\" itemprop=\"image\" title=\"Editadaproba-i5-sesi\u00f3n-individual-poten100mos-1200x900\" onerror=\"this.style.display='none'\"  \/>\n<hr class=\"wm-divider type-double-line\" \/>\n\t<h2><strong>O EQUIPO<\/strong><\/h2>\n\t<h4><img decoding=\"async\" loading=\"lazy\" src=\"http:\/\/poten100mos.org\/wp-content\/uploads\/2019\/04\/Potenciemos-Cris.png\" alt=\"\" width=\"300\" height=\"300\" \/><\/h4>\n<h4>Cristina de la Puente<\/h4>\n<p><em>Directora e Coordinadora de Proxectos<\/em><\/p>\n\t<h4><img decoding=\"async\" loading=\"lazy\" src=\"http:\/\/poten100mos.org\/wp-content\/uploads\/2019\/04\/Potenciemos-isabel.png\" alt=\"\" width=\"300\" height=\"300\" \/><\/h4>\n<h4>Isabel Zas<\/h4>\n<p><em>Educadora Social e Monitora de biodanza e ioga<\/em><\/p>\n\t<h4><img decoding=\"async\" loading=\"lazy\" src=\"https:\/\/poten100mos.org\/wp-content\/uploads\/2021\/04\/Disen\u0303o-sin-ti\u0301tulo-2021-04-07T230030.099.png\" alt=\"\" width=\"296\" height=\"296\" \/><\/h4>\n<h4>Antonio Arias \u00abTon\u00bb<\/h4>\n<p><em>Coordinador T\u00e9cnico DiversidArte<\/em><\/p>\n\t<h4><img decoding=\"async\" loading=\"lazy\" src=\"http:\/\/poten100mos.org\/wp-content\/uploads\/2019\/04\/Potenciemos-Gaby.png\" alt=\"\" width=\"300\" height=\"300\" \/><\/h4>\n<h4>Gabriela Mendoza<\/h4>\n<p><em>Experta en recursos humanos e asesora laboral<\/em><\/p>\n\t<h4><img decoding=\"async\" loading=\"lazy\" src=\"http:\/\/poten100mos.org\/wp-content\/uploads\/2019\/04\/Potenciemos-Sara.png\" alt=\"\" width=\"300\" height=\"300\" \/><\/h4>\n<h4>Sara Acosta<\/h4>\n<p><em> Integradora Social<\/em><\/p>","protected":false},"excerpt":{"rendered":"<div class=\"entry-summary\">\n<div class=\"entry-summary\">\nMISI\u00d3N \u00b7 VISI\u00d3N \u00b7 VALORES \u00b7 PRINCIPIOS\n<\/div>\n<div class=\"link-more\"><a href=\"https:\/\/poten100mos.org\/gl\/quen-somos\/\" class=\"more-link\">Continue reading<span class=\"screen-reader-text\"> &ldquo;Quen somos?&rdquo;<\/span>&hellip;<\/a><\/div>\n<\/div>\n<div class=\"link-more\"><a href=\"https:\/\/poten100mos.org\/gl\/quen-somos\/\" class=\"more-link\">Continue reading<span class=\"screen-reader-text\"> &ldquo;Quen somos?&rdquo;<\/span>&hellip;<\/a><\/div>","protected":false},"author":1,"featured_media":0,"parent":0,"menu_order":0,"comment_status":"closed","ping_status":"closed","template":"","meta":{"footnotes":""},"acf":[],"yoast_head":"<!-- This site is optimized with the Yoast SEO plugin v21.4 - https:\/\/yoast.com\/wordpress\/plugins\/seo\/ -->\n<title>Quen somos? | Asociacion Poten100mos<\/title>\n<meta name=\"robots\" content=\"index, follow, max-snippet:-1, max-image-preview:large, max-video-preview:-1\" \/>\n<link rel=\"canonical\" href=\"https:\/\/poten100mos.org\/gl\/quen-somos\/\" \/>\n<meta property=\"og:locale\" content=\"gl_ES\" \/>\n<meta property=\"og:type\" content=\"article\" \/>\n<meta property=\"og:title\" content=\"Quen somos? | Asociacion Poten100mos\" \/>\n<meta property=\"og:description\" content=\"MISI\u00d3N \u00b7 VISI\u00d3N \u00b7 VALORES \u00b7 PRINCIPIOS Continue reading &ldquo;Quen somos?&rdquo;&hellip;\" \/>\n<meta property=\"og:url\" content=\"https:\/\/poten100mos.org\/gl\/quen-somos\/\" \/>\n<meta property=\"og:site_name\" content=\"Asociacion Poten100mos\" \/>\n<meta property=\"article:publisher\" content=\"https:\/\/www.facebook.com\/poten100mos\/\" \/>\n<meta property=\"article:modified_time\" content=\"2021-04-07T21:04:25+00:00\" \/>\n<meta property=\"og:image\" content=\"http:\/\/poten100mos.org\/wp-content\/uploads\/2019\/02\/Poten100mos-Logo-peq.png\" \/>\n<meta name=\"twitter:card\" content=\"summary_large_image\" \/>\n<meta name=\"twitter:label1\" content=\"Tempo de lectura\" \/>\n\t<meta name=\"twitter:data1\" content=\"3 minutos\" \/>\n<script type=\"application\/ld+json\" class=\"yoast-schema-graph\">{\"@context\":\"https:\/\/schema.org\",\"@graph\":[{\"@type\":\"WebPage\",\"@id\":\"https:\/\/poten100mos.org\/gl\/quen-somos\/\",\"url\":\"https:\/\/poten100mos.org\/gl\/quen-somos\/\",\"name\":\"Quen somos? | Asociacion Poten100mos\",\"isPartOf\":{\"@id\":\"https:\/\/poten100mos.org\/#website\"},\"datePublished\":\"2019-07-17T09:37:37+00:00\",\"dateModified\":\"2021-04-07T21:04:25+00:00\",\"breadcrumb\":{\"@id\":\"https:\/\/poten100mos.org\/gl\/quen-somos\/#breadcrumb\"},\"inLanguage\":\"gl-ES\",\"potentialAction\":[{\"@type\":\"ReadAction\",\"target\":[\"https:\/\/poten100mos.org\/gl\/quen-somos\/\"]}]},{\"@type\":\"BreadcrumbList\",\"@id\":\"https:\/\/poten100mos.org\/gl\/quen-somos\/#breadcrumb\",\"itemListElement\":[{\"@type\":\"ListItem\",\"position\":1,\"name\":\"Portada\",\"item\":\"https:\/\/poten100mos.org\/\"},{\"@type\":\"ListItem\",\"position\":2,\"name\":\"Quen somos?\"}]},{\"@type\":\"WebSite\",\"@id\":\"https:\/\/poten100mos.org\/#website\",\"url\":\"https:\/\/poten100mos.org\/\",\"name\":\"Asociacion Poten100mos\",\"description\":\"P\u00e1gina web de la Asociaci\u00f3n Poten100mos\",\"publisher\":{\"@id\":\"https:\/\/poten100mos.org\/#organization\"},\"potentialAction\":[{\"@type\":\"SearchAction\",\"target\":{\"@type\":\"EntryPoint\",\"urlTemplate\":\"https:\/\/poten100mos.org\/?s={search_term_string}\"},\"query-input\":\"required name=search_term_string\"}],\"inLanguage\":\"gl-ES\"},{\"@type\":\"Organization\",\"@id\":\"https:\/\/poten100mos.org\/#organization\",\"name\":\"Asociaci\u00f3n Poten100mos\",\"url\":\"https:\/\/poten100mos.org\/\",\"logo\":{\"@type\":\"ImageObject\",\"inLanguage\":\"gl-ES\",\"@id\":\"https:\/\/poten100mos.org\/#\/schema\/logo\/image\/\",\"url\":\"https:\/\/poten100mos.org\/wp-content\/uploads\/2019\/07\/Poten100mos-Logo-peq.png\",\"contentUrl\":\"https:\/\/poten100mos.org\/wp-content\/uploads\/2019\/07\/Poten100mos-Logo-peq.png\",\"width\":400,\"height\":400,\"caption\":\"Asociaci\u00f3n Poten100mos\"},\"image\":{\"@id\":\"https:\/\/poten100mos.org\/#\/schema\/logo\/image\/\"},\"sameAs\":[\"https:\/\/www.facebook.com\/poten100mos\/\",\"https:\/\/www.instagram.com\/poten100mos\/\"]}]}<\/script>\n<!-- \/ Yoast SEO plugin. -->","yoast_head_json":{"title":"Quen somos? | Asociacion Poten100mos","robots":{"index":"index","follow":"follow","max-snippet":"max-snippet:-1","max-image-preview":"max-image-preview:large","max-video-preview":"max-video-preview:-1"},"canonical":"https:\/\/poten100mos.org\/gl\/quen-somos\/","og_locale":"gl_ES","og_type":"article","og_title":"Quen somos? | Asociacion Poten100mos","og_description":"MISI\u00d3N \u00b7 VISI\u00d3N \u00b7 VALORES \u00b7 PRINCIPIOS Continue reading &ldquo;Quen somos?&rdquo;&hellip;","og_url":"https:\/\/poten100mos.org\/gl\/quen-somos\/","og_site_name":"Asociacion Poten100mos","article_publisher":"https:\/\/www.facebook.com\/poten100mos\/","article_modified_time":"2021-04-07T21:04:25+00:00","og_image":[{"url":"http:\/\/poten100mos.org\/wp-content\/uploads\/2019\/02\/Poten100mos-Logo-peq.png"}],"twitter_card":"summary_large_image","twitter_misc":{"Tempo de lectura":"3 minutos"},"schema":{"@context":"https:\/\/schema.org","@graph":[{"@type":"WebPage","@id":"https:\/\/poten100mos.org\/gl\/quen-somos\/","url":"https:\/\/poten100mos.org\/gl\/quen-somos\/","name":"Quen somos? | Asociacion Poten100mos","isPartOf":{"@id":"https:\/\/poten100mos.org\/#website"},"datePublished":"2019-07-17T09:37:37+00:00","dateModified":"2021-04-07T21:04:25+00:00","breadcrumb":{"@id":"https:\/\/poten100mos.org\/gl\/quen-somos\/#breadcrumb"},"inLanguage":"gl-ES","potentialAction":[{"@type":"ReadAction","target":["https:\/\/poten100mos.org\/gl\/quen-somos\/"]}]},{"@type":"BreadcrumbList","@id":"https:\/\/poten100mos.org\/gl\/quen-somos\/#breadcrumb","itemListElement":[{"@type":"ListItem","position":1,"name":"Portada","item":"https:\/\/poten100mos.org\/"},{"@type":"ListItem","position":2,"name":"Quen somos?"}]},{"@type":"WebSite","@id":"https:\/\/poten100mos.org\/#website","url":"https:\/\/poten100mos.org\/","name":"Asociacion Poten100mos","description":"P\u00e1gina web de la Asociaci\u00f3n Poten100mos","publisher":{"@id":"https:\/\/poten100mos.org\/#organization"},"potentialAction":[{"@type":"SearchAction","target":{"@type":"EntryPoint","urlTemplate":"https:\/\/poten100mos.org\/?s={search_term_string}"},"query-input":"required name=search_term_string"}],"inLanguage":"gl-ES"},{"@type":"Organization","@id":"https:\/\/poten100mos.org\/#organization","name":"Asociaci\u00f3n Poten100mos","url":"https:\/\/poten100mos.org\/","logo":{"@type":"ImageObject","inLanguage":"gl-ES","@id":"https:\/\/poten100mos.org\/#\/schema\/logo\/image\/","url":"https:\/\/poten100mos.org\/wp-content\/uploads\/2019\/07\/Poten100mos-Logo-peq.png","contentUrl":"https:\/\/poten100mos.org\/wp-content\/uploads\/2019\/07\/Poten100mos-Logo-peq.png","width":400,"height":400,"caption":"Asociaci\u00f3n Poten100mos"},"image":{"@id":"https:\/\/poten100mos.org\/#\/schema\/logo\/image\/"},"sameAs":["https:\/\/www.facebook.com\/poten100mos\/","https:\/\/www.instagram.com\/poten100mos\/"]}]}},"_links":{"self":[{"href":"https:\/\/poten100mos.org\/gl\/wp-json\/wp\/v2\/pages\/1974"}],"collection":[{"href":"https:\/\/poten100mos.org\/gl\/wp-json\/wp\/v2\/pages"}],"about":[{"href":"https:\/\/poten100mos.org\/gl\/wp-json\/wp\/v2\/types\/page"}],"author":[{"embeddable":true,"href":"https:\/\/poten100mos.org\/gl\/wp-json\/wp\/v2\/users\/1"}],"replies":[{"embeddable":true,"href":"https:\/\/poten100mos.org\/gl\/wp-json\/wp\/v2\/comments?post=1974"}],"version-history":[{"count":4,"href":"https:\/\/poten100mos.org\/gl\/wp-json\/wp\/v2\/pages\/1974\/revisions"}],"predecessor-version":[{"id":2628,"href":"https:\/\/poten100mos.org\/gl\/wp-json\/wp\/v2\/pages\/1974\/revisions\/2628"}],"wp:attachment":[{"href":"https:\/\/poten100mos.org\/gl\/wp-json\/wp\/v2\/media?parent=1974"}],"curies":[{"name":"wp","href":"https:\/\/api.w.org\/{rel}","templated":true}]}}