{"id":2024,"date":"2019-07-23T16:45:46","date_gmt":"2019-07-23T15:45:46","guid":{"rendered":"http:\/\/poten100mos.org\/?page_id=2024"},"modified":"2020-12-30T10:20:00","modified_gmt":"2020-12-30T09:20:00","slug":"taigeto-2","status":"publish","type":"page","link":"https:\/\/poten100mos.org\/gl\/taigeto-2\/","title":{"rendered":"Taigeto"},"content":{"rendered":"<h2><b>\u00bfQu\u00e9 \u00e9 \u201cTaigeto Sue\u00f1os y Normalidad\u201d?<\/b><\/h2>\r\n<p>Este \u00e9 un novo reto art\u00edstico organizado pola asociaci\u00f3n sen \u00e1nimo de lucro Poten100mos no seu proxecto Plataforma DiversidArte que re\u00fane a todos os grupos en situaci\u00f3ns de vulnerabilidade e \/ ou exclusi\u00f3n. O nome do proxecto deriva dos espartanos da antiga Grecia, que tiraron desde o monte Taigeto a persoas con discapacidade, porque non quer\u00edan que \u00abna s\u00faa fermosa e florecente civilizaci\u00f3n\u00bb houbese persoas diferentes.<\/p>\r\n<p>Con este proxecto e dende esta perspectiva hist\u00f3rica, o proxecto Taigeto da plataforma DiversidArte tratar\u00e1 de transmitir unha mensaxe de normalizaci\u00f3n que contrib\u00faa a eliminar os estereotipos. Para iso, varios grupos formados por persoas de diferentes grupos e interesados \u200b\u200bna fotograf\u00eda traballar\u00e1n durante varios d\u00edas xunto cun fot\u00f3grafo profesional para acadar as fotograf\u00edas m\u00e1is art\u00edsticas e precisas que expresen a nosa normalidade diaria, todo o que nos une e non o que a sociedade pensa que nos separa.<\/p>\r\n\t\t\t\t<a href=\"http:\/\/poten100mos.org\/wp-content\/uploads\/2019\/03\/ADCOR-CAPD-1.jpg\" target=\"_self\" itemprop=\"url\" rel=\"noopener noreferrer\">\r\n\t\t\t\t<img decoding=\"async\" loading=\"lazy\" src=\"http:\/\/poten100mos.org\/wp-content\/uploads\/2019\/03\/ADCOR-CAPD-1.jpg\" alt=\"ADCOR-CAPD (1)\" itemprop=\"image\" height=\"787\" width=\"1181\" title=\"ADCOR-CAPD (1)\" onerror=\"this.style.display='none'\"  \/>\r\n\t\t\t\t<\/a>\r\n<div class=\"wm-posts wm-posts-wrap clearfix wm-posts-post wm-posts-layout-default posts\"><div class=\"wm-posts-container wm-items-container with-margin\" data-columns=\"3\" data-time=\"0\" data-layout-mode=\"masonry\"><div class=\"wm-row with-margin\">\r\n<div class=\"wm-posts-item wm-posts-item-1931 wm-column width-1-3 with-margin has-thumbnail\">\r\n\r\n\t\r\n\r\n<article id=\"post-1931\" class=\"post-1931 post type-post status-publish format-standard has-post-thumbnail hentry category-taigeto-es entry\">\r\n\r\n\t<div class=\"entry-media\"><figure class=\"post-thumbnail\"><a href=\"https:\/\/poten100mos.org\/gl\/taigeto-suenos-y-normalidad\/\"><img width=\"744\" height=\"372\" src=\"https:\/\/poten100mos.org\/wp-content\/uploads\/2019\/06\/rsz_img_6723_2-744x372.png\" class=\"attachment-icelander-thumbnail size-icelander-thumbnail wp-post-image\" alt=\"\" decoding=\"async\" \/><\/a><\/figure><\/div><header class=\"entry-header\"><h2 class=\"entry-title\"><a href=\"https:\/\/poten100mos.org\/gl\/taigeto-suenos-y-normalidad\/\" rel=\"bookmark\">\u00abTaigeto, Sue\u00f1os y Normalidad\u00bb<\/a><\/h2><\/header>\n<footer class=\"entry-meta\">\n<span class=\"entry-meta-element entry-date posted-on\">\n\t<span class=\"entry-meta-description label-published\">\n\t\tPosted on:\t<\/span>\n\t<a href=\"https:\/\/poten100mos.org\/gl\/taigeto-suenos-y-normalidad\/\" rel=\"bookmark\">\n\t\t<time datetime=\"2019-06-18T19:22:56+01:00\" class=\"published\" title=\"Posted on: 18\/06\/2019\">\n\t\t\t18\/06\/2019\t\t<\/time>\n\t<\/a>\n\t<span class=\"entry-meta-description label-updated\">\n\t\tLast updated on:\t<\/span>\n\t<time class=\"updated\" datetime=\"2019-07-23T16:53:30+01:00\" title=\"Last updated on: 23\/07\/2019\">\n\t\t23\/07\/2019\t<\/time>\n<\/span>\n\n<span class=\"entry-meta-element byline author vcard\">\n\t<span class=\"entry-meta-description\">\n\t\tWritten by:\t<\/span>\n\t<a href=\"https:\/\/poten100mos.org\/gl\/author\/aso-poten100mos\/\" class=\"url fn n\" rel=\"author\">\n\t\tAso-Poten100mos\t<\/a>\n<\/span>\n<\/footer>\n\r\n\t<div class=\"entry-content\"><div class=\"entry-summary\">\n<div class=\"entry-summary\">\nTaigeto, Sue\u00f1os y Normalidad es un proyecto de fotograf\u00eda colectiva que muestra aspectos cotidianos de la vida para evidenciar que lo diferente enriquece a la sociedad y a cada una de las personas que la forman. En este proyecto han&hellip;\n<\/div>\n<div class=\"link-more\"><a href=\"https:\/\/poten100mos.org\/gl\/taigeto-suenos-y-normalidad\/\" class=\"more-link\">Continue reading<span class=\"screen-reader-text\"> &ldquo;\u00abTaigeto, Sue\u00f1os y Normalidad\u00bb&rdquo;<\/span>&hellip;<\/a><\/div>\n<\/div>\n<div class=\"link-more\"><a href=\"https:\/\/poten100mos.org\/gl\/taigeto-suenos-y-normalidad\/\" class=\"more-link\">Continue reading<span class=\"screen-reader-text\"> &ldquo;\u00abTaigeto, Sue\u00f1os y Normalidad\u00bb&rdquo;<\/span>&hellip;<\/a><\/div>\n<\/div>\r\n\r\n\t\r\n<\/article>\r\n\r\n\r\n<\/div>\r\n<\/div><\/div><\/div><hr class=\"wm-divider type-double-line\" \/>\r\n\t<h4><em>Organizan:<\/em><\/h4>\r\n\t\t\t\t<a href=\"https:\/\/poten100mos.org\/gl\/\" target=\"_blank\" rel=\"noopener noreferrer\" itemprop=\"url\">\r\n\t\t\t\t<img decoding=\"async\" loading=\"lazy\" src=\"http:\/\/poten100mos.org\/wp-content\/uploads\/2019\/02\/Poten100mos-Logo-peq.png\" alt=\"Asociaci\u00f3n Poten100mos\" itemprop=\"image\" height=\"400\" width=\"400\" title=\"Asociaci\u00f3n Poten100mos\" onerror=\"this.style.display='none'\"  \/>\r\n\t\t\t\t<\/a>\r\n\t<h4><em>Patrocinan:<\/em><\/h4>\r\n\t\t\t\t<a href=\"https:\/\/fundacionemalcsa.org\" target=\"_blank\" rel=\"noopener noreferrer\" itemprop=\"url\">\r\n\t\t\t\t<img decoding=\"async\" loading=\"lazy\" src=\"http:\/\/poten100mos.org\/wp-content\/uploads\/2019\/03\/Fundacion-Emalcsa-2-744x351.jpg\" alt=\"Fundacion-Emalcsa-2\" itemprop=\"image\" height=\"351\" width=\"744\" title=\"Fundacion-Emalcsa-2\" onerror=\"this.style.display='none'\"  \/>\r\n\t\t\t\t<\/a>\r\n\t\t\t\t<a href=\"https:\/\/www.coruna.gal\/portal\/es?argIdioma=es\" target=\"_blank\" rel=\"noopener noreferrer\" itemprop=\"url\">\r\n\t\t\t\t<img decoding=\"async\" loading=\"lazy\" src=\"http:\/\/poten100mos.org\/wp-content\/uploads\/2019\/03\/logocoruna.78f8082e.png\" alt=\"logocoruna.78f8082e\" itemprop=\"image\" height=\"352\" width=\"694\" title=\"logocoruna.78f8082e\" onerror=\"this.style.display='none'\"  \/>\r\n\t\t\t\t<\/a>\r\n\t<h4><em>Colaboran:<\/em><\/h4>\r\n\t\t\t\t<a href=\"https:\/\/www.ligareumatoloxicagalega.es\/\" target=\"_blank\" rel=\"noopener noreferrer\" itemprop=\"url\">\r\n\t\t\t\t<img decoding=\"async\" loading=\"lazy\" src=\"http:\/\/poten100mos.org\/wp-content\/uploads\/2019\/03\/liga-logo.png\" alt=\"liga logo\" itemprop=\"image\" height=\"441\" width=\"591\" title=\"liga logo\" onerror=\"this.style.display='none'\"  \/>\r\n\t\t\t\t<\/a>\r\n\t\t\t\t<a href=\"http:\/\/www.adcor.org\/\" target=\"_blank\" rel=\"noopener noreferrer\" itemprop=\"url\">\r\n\t\t\t\t<img decoding=\"async\" loading=\"lazy\" src=\"http:\/\/poten100mos.org\/wp-content\/uploads\/2019\/03\/Logo-Adcor.jpg\" alt=\"Logo Adcor\" itemprop=\"image\" height=\"360\" width=\"360\" title=\"Logo Adcor\" onerror=\"this.style.display='none'\"  \/>\r\n\t\t\t\t<\/a>\r\n\t\t\t\t<a href=\"http:\/\/www.felgtb.org\/entidades\/i\/11235\/425\/a-l-a-s-a-coruna\" target=\"_blank\" rel=\"noopener noreferrer\" itemprop=\"url\">\r\n\t\t\t\t<img decoding=\"async\" loading=\"lazy\" src=\"http:\/\/poten100mos.org\/wp-content\/uploads\/2019\/03\/ALAS.jpg\" alt=\"ALAS\" itemprop=\"image\" height=\"242\" width=\"617\" title=\"ALAS\" onerror=\"this.style.display='none'\"  \/>\r\n\t\t\t\t<\/a>\r\n\t\t\t\t<a href=\"http:\/\/grumico.com\/?lang=es\" target=\"_blank\" rel=\"noopener noreferrer\" itemprop=\"url\">\r\n\t\t\t\t<img decoding=\"async\" loading=\"lazy\" src=\"http:\/\/poten100mos.org\/wp-content\/uploads\/2019\/03\/Logo-Grumico.jpg\" alt=\"Logo Grumico\" itemprop=\"image\" height=\"192\" width=\"181\" title=\"Logo Grumico\" onerror=\"this.style.display='none'\"  \/>\r\n\t\t\t\t<\/a>\r\n\t\t\t\t<img decoding=\"async\" loading=\"lazy\" src=\"http:\/\/poten100mos.org\/wp-content\/uploads\/2019\/03\/Logo-Casco.jpg\" alt=\"Logo Casco\" itemprop=\"image\" height=\"900\" width=\"900\" title=\"Logo Casco\" onerror=\"this.style.display='none'\"  \/>\r\n\t\t\t\t<a href=\"https:\/\/www.juegosonce.es\/\" target=\"_blank\" rel=\"noopener noreferrer\" itemprop=\"url\">\r\n\t\t\t\t<img decoding=\"async\" loading=\"lazy\" src=\"http:\/\/poten100mos.org\/wp-content\/uploads\/2019\/03\/LOGOTIPO-ONCE-.jpg\" alt=\"LOGOTIPO ONCE\" itemprop=\"image\" height=\"716\" width=\"3091\" title=\"LOGOTIPO ONCE\" onerror=\"this.style.display='none'\"  \/>\r\n\t\t\t\t<\/a>\r\n\t\t\t\t<a href=\"https:\/\/www.accem.es\/\" target=\"_blank\" rel=\"noopener noreferrer\" itemprop=\"url\">\r\n\t\t\t\t<img decoding=\"async\" loading=\"lazy\" src=\"http:\/\/poten100mos.org\/wp-content\/uploads\/2019\/03\/ACCEM.jpg\" alt=\"ACCEM\" itemprop=\"image\" height=\"156\" width=\"400\" title=\"ACCEM\" onerror=\"this.style.display='none'\"  \/>\r\n\t\t\t\t<\/a>\r\n\t\t\t\t<a href=\"http:\/\/www.xn--acladcorua-19a.es\/\" target=\"_blank\" rel=\"noopener noreferrer\" itemprop=\"url\">\r\n\t\t\t\t<img decoding=\"async\" loading=\"lazy\" src=\"http:\/\/poten100mos.org\/wp-content\/uploads\/2019\/03\/aclad_logo_web-1.png\" alt=\"aclad_logo_web (1)\" itemprop=\"image\" height=\"200\" width=\"500\" title=\"aclad_logo_web (1)\" onerror=\"this.style.display='none'\"  \/>\r\n\t\t\t\t<\/a>","protected":false},"excerpt":{"rendered":"<div class=\"entry-summary\">\nPlataforma DiversidArte &#8211; Proxecto Social colectivo de fotograf\u00eda \u201cTAIGETO, SUE\u00d1OS Y NORMALIDAD\u201d\n<\/div>\n<div class=\"link-more\"><a href=\"https:\/\/poten100mos.org\/gl\/taigeto-suenos-y-normalidad\/\" class=\"more-link\">Continue reading<span class=\"screen-reader-text\"> &ldquo;\u00abTaigeto, Sue\u00f1os y Normalidad\u00bb&rdquo;<\/span>&hellip;<\/a><\/div>","protected":false},"author":1,"featured_media":0,"parent":0,"menu_order":0,"comment_status":"closed","ping_status":"closed","template":"","meta":{"footnotes":""},"acf":[],"yoast_head":"<!-- This site is optimized with the Yoast SEO plugin v21.4 - https:\/\/yoast.com\/wordpress\/plugins\/seo\/ -->\n<title>Taigeto | Asociacion Poten100mos<\/title>\n<meta name=\"robots\" content=\"index, follow, max-snippet:-1, max-image-preview:large, max-video-preview:-1\" \/>\n<link rel=\"canonical\" href=\"https:\/\/poten100mos.org\/gl\/taigeto-2\/\" \/>\n<meta property=\"og:locale\" content=\"gl_ES\" \/>\n<meta property=\"og:type\" content=\"article\" \/>\n<meta property=\"og:title\" content=\"Taigeto | Asociacion Poten100mos\" \/>\n<meta property=\"og:description\" content=\"Plataforma DiversidArte - Proxecto Social colectivo de fotograf\u00eda \u201cTAIGETO, SUE\u00d1OS Y NORMALIDAD\u201d Continue reading &ldquo;\u00abTaigeto, Sue\u00f1os y Normalidad\u00bb&rdquo;&hellip;\" \/>\n<meta property=\"og:url\" content=\"https:\/\/poten100mos.org\/gl\/taigeto-2\/\" \/>\n<meta property=\"og:site_name\" content=\"Asociacion Poten100mos\" \/>\n<meta property=\"article:publisher\" content=\"https:\/\/www.facebook.com\/poten100mos\/\" \/>\n<meta property=\"article:modified_time\" content=\"2020-12-30T09:20:00+00:00\" \/>\n<meta property=\"og:image\" content=\"http:\/\/poten100mos.org\/wp-content\/uploads\/2019\/03\/ADCOR-CAPD-1.jpg\" \/>\n<meta name=\"twitter:card\" content=\"summary_large_image\" \/>\n<meta name=\"twitter:label1\" content=\"Tempo de lectura\" \/>\n\t<meta name=\"twitter:data1\" content=\"1 minuto\" \/>\n<script type=\"application\/ld+json\" class=\"yoast-schema-graph\">{\"@context\":\"https:\/\/schema.org\",\"@graph\":[{\"@type\":\"WebPage\",\"@id\":\"https:\/\/poten100mos.org\/gl\/taigeto-2\/\",\"url\":\"https:\/\/poten100mos.org\/gl\/taigeto-2\/\",\"name\":\"Taigeto | Asociacion Poten100mos\",\"isPartOf\":{\"@id\":\"https:\/\/poten100mos.org\/#website\"},\"datePublished\":\"2019-07-23T15:45:46+00:00\",\"dateModified\":\"2020-12-30T09:20:00+00:00\",\"breadcrumb\":{\"@id\":\"https:\/\/poten100mos.org\/gl\/taigeto-2\/#breadcrumb\"},\"inLanguage\":\"gl-ES\",\"potentialAction\":[{\"@type\":\"ReadAction\",\"target\":[\"https:\/\/poten100mos.org\/gl\/taigeto-2\/\"]}]},{\"@type\":\"BreadcrumbList\",\"@id\":\"https:\/\/poten100mos.org\/gl\/taigeto-2\/#breadcrumb\",\"itemListElement\":[{\"@type\":\"ListItem\",\"position\":1,\"name\":\"Portada\",\"item\":\"https:\/\/poten100mos.org\/\"},{\"@type\":\"ListItem\",\"position\":2,\"name\":\"Taigeto\"}]},{\"@type\":\"WebSite\",\"@id\":\"https:\/\/poten100mos.org\/#website\",\"url\":\"https:\/\/poten100mos.org\/\",\"name\":\"Asociacion Poten100mos\",\"description\":\"P\u00e1gina web de la Asociaci\u00f3n Poten100mos\",\"publisher\":{\"@id\":\"https:\/\/poten100mos.org\/#organization\"},\"potentialAction\":[{\"@type\":\"SearchAction\",\"target\":{\"@type\":\"EntryPoint\",\"urlTemplate\":\"https:\/\/poten100mos.org\/?s={search_term_string}\"},\"query-input\":\"required name=search_term_string\"}],\"inLanguage\":\"gl-ES\"},{\"@type\":\"Organization\",\"@id\":\"https:\/\/poten100mos.org\/#organization\",\"name\":\"Asociaci\u00f3n Poten100mos\",\"url\":\"https:\/\/poten100mos.org\/\",\"logo\":{\"@type\":\"ImageObject\",\"inLanguage\":\"gl-ES\",\"@id\":\"https:\/\/poten100mos.org\/#\/schema\/logo\/image\/\",\"url\":\"https:\/\/poten100mos.org\/wp-content\/uploads\/2019\/07\/Poten100mos-Logo-peq.png\",\"contentUrl\":\"https:\/\/poten100mos.org\/wp-content\/uploads\/2019\/07\/Poten100mos-Logo-peq.png\",\"width\":400,\"height\":400,\"caption\":\"Asociaci\u00f3n Poten100mos\"},\"image\":{\"@id\":\"https:\/\/poten100mos.org\/#\/schema\/logo\/image\/\"},\"sameAs\":[\"https:\/\/www.facebook.com\/poten100mos\/\",\"https:\/\/www.instagram.com\/poten100mos\/\"]}]}<\/script>\n<!-- \/ Yoast SEO plugin. -->","yoast_head_json":{"title":"Taigeto | Asociacion Poten100mos","robots":{"index":"index","follow":"follow","max-snippet":"max-snippet:-1","max-image-preview":"max-image-preview:large","max-video-preview":"max-video-preview:-1"},"canonical":"https:\/\/poten100mos.org\/gl\/taigeto-2\/","og_locale":"gl_ES","og_type":"article","og_title":"Taigeto | Asociacion Poten100mos","og_description":"Plataforma DiversidArte - Proxecto Social colectivo de fotograf\u00eda \u201cTAIGETO, SUE\u00d1OS Y NORMALIDAD\u201d Continue reading &ldquo;\u00abTaigeto, Sue\u00f1os y Normalidad\u00bb&rdquo;&hellip;","og_url":"https:\/\/poten100mos.org\/gl\/taigeto-2\/","og_site_name":"Asociacion Poten100mos","article_publisher":"https:\/\/www.facebook.com\/poten100mos\/","article_modified_time":"2020-12-30T09:20:00+00:00","og_image":[{"url":"http:\/\/poten100mos.org\/wp-content\/uploads\/2019\/03\/ADCOR-CAPD-1.jpg"}],"twitter_card":"summary_large_image","twitter_misc":{"Tempo de lectura":"1 minuto"},"schema":{"@context":"https:\/\/schema.org","@graph":[{"@type":"WebPage","@id":"https:\/\/poten100mos.org\/gl\/taigeto-2\/","url":"https:\/\/poten100mos.org\/gl\/taigeto-2\/","name":"Taigeto | Asociacion Poten100mos","isPartOf":{"@id":"https:\/\/poten100mos.org\/#website"},"datePublished":"2019-07-23T15:45:46+00:00","dateModified":"2020-12-30T09:20:00+00:00","breadcrumb":{"@id":"https:\/\/poten100mos.org\/gl\/taigeto-2\/#breadcrumb"},"inLanguage":"gl-ES","potentialAction":[{"@type":"ReadAction","target":["https:\/\/poten100mos.org\/gl\/taigeto-2\/"]}]},{"@type":"BreadcrumbList","@id":"https:\/\/poten100mos.org\/gl\/taigeto-2\/#breadcrumb","itemListElement":[{"@type":"ListItem","position":1,"name":"Portada","item":"https:\/\/poten100mos.org\/"},{"@type":"ListItem","position":2,"name":"Taigeto"}]},{"@type":"WebSite","@id":"https:\/\/poten100mos.org\/#website","url":"https:\/\/poten100mos.org\/","name":"Asociacion Poten100mos","description":"P\u00e1gina web de la Asociaci\u00f3n Poten100mos","publisher":{"@id":"https:\/\/poten100mos.org\/#organization"},"potentialAction":[{"@type":"SearchAction","target":{"@type":"EntryPoint","urlTemplate":"https:\/\/poten100mos.org\/?s={search_term_string}"},"query-input":"required name=search_term_string"}],"inLanguage":"gl-ES"},{"@type":"Organization","@id":"https:\/\/poten100mos.org\/#organization","name":"Asociaci\u00f3n Poten100mos","url":"https:\/\/poten100mos.org\/","logo":{"@type":"ImageObject","inLanguage":"gl-ES","@id":"https:\/\/poten100mos.org\/#\/schema\/logo\/image\/","url":"https:\/\/poten100mos.org\/wp-content\/uploads\/2019\/07\/Poten100mos-Logo-peq.png","contentUrl":"https:\/\/poten100mos.org\/wp-content\/uploads\/2019\/07\/Poten100mos-Logo-peq.png","width":400,"height":400,"caption":"Asociaci\u00f3n Poten100mos"},"image":{"@id":"https:\/\/poten100mos.org\/#\/schema\/logo\/image\/"},"sameAs":["https:\/\/www.facebook.com\/poten100mos\/","https:\/\/www.instagram.com\/poten100mos\/"]}]}},"_links":{"self":[{"href":"https:\/\/poten100mos.org\/gl\/wp-json\/wp\/v2\/pages\/2024"}],"collection":[{"href":"https:\/\/poten100mos.org\/gl\/wp-json\/wp\/v2\/pages"}],"about":[{"href":"https:\/\/poten100mos.org\/gl\/wp-json\/wp\/v2\/types\/page"}],"author":[{"embeddable":true,"href":"https:\/\/poten100mos.org\/gl\/wp-json\/wp\/v2\/users\/1"}],"replies":[{"embeddable":true,"href":"https:\/\/poten100mos.org\/gl\/wp-json\/wp\/v2\/comments?post=2024"}],"version-history":[{"count":2,"href":"https:\/\/poten100mos.org\/gl\/wp-json\/wp\/v2\/pages\/2024\/revisions"}],"predecessor-version":[{"id":2026,"href":"https:\/\/poten100mos.org\/gl\/wp-json\/wp\/v2\/pages\/2024\/revisions\/2026"}],"wp:attachment":[{"href":"https:\/\/poten100mos.org\/gl\/wp-json\/wp\/v2\/media?parent=2024"}],"curies":[{"name":"wp","href":"https:\/\/api.w.org\/{rel}","templated":true}]}}