{"id":2388,"date":"2020-09-04T17:18:27","date_gmt":"2020-09-04T16:18:27","guid":{"rendered":"https:\/\/poten100mos.org\/?page_id=2388"},"modified":"2020-09-16T16:39:35","modified_gmt":"2020-09-16T15:39:35","slug":"reservas-2","status":"publish","type":"page","link":"https:\/\/poten100mos.org\/gl\/reservas-2\/","title":{"rendered":"Reserva a t\u00faa praza para as actividades \u00b7 Festival DiversidArte"},"content":{"rendered":"<h1>ACCESIBILIDADE E MEDIDAS COVID-19<\/h1>\n\t\t\t\t<img decoding=\"async\" loading=\"lazy\" src=\"https:\/\/poten100mos.org\/wp-content\/uploads\/2020\/09\/Copia-de-Copia-de-noche-a-la-parrilla.png\" alt=\"Copia de Copia de noche a la parrilla\" itemprop=\"image\" height=\"1860\" width=\"2619\" title=\"Copia de Copia de noche a la parrilla\" onerror=\"this.style.display='none'\"  \/>\n\t\t\t\t<img decoding=\"async\" loading=\"lazy\" src=\"https:\/\/poten100mos.org\/wp-content\/uploads\/2020\/09\/Prevencio\u0301n-COVID-Diversidarte.png\" alt=\"Prevencio\u0301n COVID Diversidarte\" itemprop=\"image\" height=\"1860\" width=\"2619\" title=\"Prevencio\u0301n COVID Diversidarte\" onerror=\"this.style.display='none'\"  \/>\n\t<h1>RESERVA A T\u00daA PRAZA PARA ACTIVIDADES (ACTUACI\u00d3NS)<\/h1>\n\t\t\t\t<a href=\"https:\/\/docs.google.com\/forms\/d\/e\/1FAIpQLSdqoteB8YpV5hHCcmv8Pze-Wok1NOegXzv8O_k_zonwKzCz9w\/viewform?usp=sf_link\" target=\"_blank\" rel=\"noopener noreferrer\" itemprop=\"url\">\n\t\t\t\t<img decoding=\"async\" loading=\"lazy\" src=\"https:\/\/poten100mos.org\/wp-content\/uploads\/2020\/09\/Copia-de-noche-a-la-parrilla.png\" alt=\"Copia de noche a la parrilla\" itemprop=\"image\" height=\"1240\" width=\"1747\" title=\"Copia de noche a la parrilla\" onerror=\"this.style.display='none'\"  \/>\n\t\t\t\t<\/a>\n\t\t\t\t<a href=\"https:\/\/docs.google.com\/forms\/d\/e\/1FAIpQLSdLHL0CVf3jAANQHihuYY-yed25EC9ma-gpQ3lwonXkkttqQw\/viewform?usp=sf_link\" target=\"_blank\" rel=\"noopener noreferrer\" itemprop=\"url\">\n\t\t\t\t<img decoding=\"async\" loading=\"lazy\" src=\"https:\/\/poten100mos.org\/wp-content\/uploads\/2020\/09\/Copia-de-noche-a-la-parrilla.jpg\" alt=\"Copia de noche a la parrilla\" itemprop=\"image\" height=\"1240\" width=\"1747\" title=\"Copia de noche a la parrilla\" onerror=\"this.style.display='none'\"  \/>\n\t\t\t\t<\/a>\n\t\t\t\t<img decoding=\"async\" loading=\"lazy\" src=\"https:\/\/poten100mos.org\/wp-content\/uploads\/2020\/09\/Li\u0301mites-danza.jpeg\" alt=\"Li\u0301mites-danza\" itemprop=\"image\" height=\"383\" width=\"596\" title=\"Li\u0301mites-danza\" onerror=\"this.style.display='none'\"  \/>\n\t\t\t\t<img decoding=\"async\" loading=\"lazy\" src=\"https:\/\/poten100mos.org\/wp-content\/uploads\/2020\/09\/WhatsApp-Image-2020-09-16-at-11.52.54-1.png\" alt=\"WhatsApp Image 2020-09-16 at 11.52.54 (1)\" itemprop=\"image\" height=\"721\" width=\"1103\" title=\"WhatsApp Image 2020-09-16 at 11.52.54 (1)\" onerror=\"this.style.display='none'\"  \/>\n\t\t\t\t<img decoding=\"async\" loading=\"lazy\" src=\"https:\/\/poten100mos.org\/wp-content\/uploads\/2020\/09\/Foto-Cirkompacto.jpeg\" alt=\"Foto Cirkompacto\" itemprop=\"image\" height=\"334\" width=\"524\" title=\"Foto Cirkompacto\" onerror=\"this.style.display='none'\"  \/>\n\t\t\t\t<img decoding=\"async\" loading=\"lazy\" src=\"https:\/\/poten100mos.org\/wp-content\/uploads\/2020\/09\/Montxo-Nucleus-6.jpeg\" alt=\"Montxo Nucleus 6\" itemprop=\"image\" height=\"576\" width=\"1024\" title=\"Montxo Nucleus 6\" onerror=\"this.style.display='none'\"  \/>\n\t<p><strong>\u00abL\u00cdMITES\u00bb BAILE INTEGRADO DE EXPERIMENTADANZA<\/strong><\/p>\n<p><strong>S\u00e1bado, 19 de setembro, d<\/strong><strong>e 5:30 a 6 da tarde \/ Mercado San Agust\u00edn<\/strong><\/p>\n<p>Peza de baile para dous corpos posibles e diferentes, o corpo diverso que ten forza e dirixe os movementos do bailari\u0301n coma un ima\u0301n.<\/p>\n<p>&nbsp;<\/p>\n\t<p><b>ACTUACI\u00d3N MUSICAL ROBERT PIER &amp; MAMEN BAZARRA<\/b><\/p>\n<p><strong>S\u00e1bado, 19 de setembro, de 6:30 a 7:30 da tarde \/ Mercado San Agust\u00edn<\/strong><\/p>\n<p>Robert Pier e Mamen Bazarra, artistas que normalmente traballan por separado, \u00fanense nun t\u00e1ndem de m\u00fasica e diversi\u00f3n garantida.<\/p>\n\t<p><strong>\u00abHELL BROTHERS\u00bb DE CIRKOMPACTO<\/strong><\/p>\n<p><strong>S\u00e1bado, 26 de setembro, de 5:30 a 6:30 da tarde \/ Mercado San Agust\u00edn<\/strong><\/p>\n<p>Rejhuz e Glakghs Sete\u0301n son fillos de Satana\u0301s. O seu pai decide botalos do inferno para que aprendan a gan\u0303ar o mal por si mesmos. Rejhuz, o maior, e\u0301 un ego\u0301latra que chega a\u0301 terra disposto a dominar a humanidade pero&#8230; que van atopar? Son estes dous pobres dian\u0303os tan malos como presumen?<\/p>\n<p>&nbsp;<\/p>\n<p><strong>DJ INCLUSIVO MONTXO NUCLEUS 6<\/strong><\/p>\n<p><strong>S\u00e1bado, 26 de setembro, de 6:30 a 8 da tarde \/ Mercado San Agust\u00edn<\/strong><\/p>\n<p>&nbsp;<\/p>\n<p>Montxo e\u0301 un DJ moi famoso da Corun\u0303a que, grazas a\u0301 posibilidade de conectar o seu implante coclear ao mezclador e o seu gran con\u0303ecemento musical, ofreceranos unha sesio\u0301n de mu\u0301sica diferente e divertida.<\/p>\n\t<h1>RESERVA PRAZA PARA OBRADOIROS<\/h1>\n\t\t\t\t<img decoding=\"async\" loading=\"lazy\" src=\"https:\/\/poten100mos.org\/wp-content\/uploads\/2020\/09\/Reservas-Diversidarte-Actuacio\u0301ns-e-obradoiros.png\" alt=\"Reservas Diversidarte Actuacio\u0301ns e obradoiros\" itemprop=\"image\" height=\"1240\" width=\"1747\" title=\"Reservas Diversidarte Actuacio\u0301ns e obradoiros\" onerror=\"this.style.display='none'\"  \/>\n\t\t\t\t<img decoding=\"async\" loading=\"lazy\" src=\"https:\/\/poten100mos.org\/wp-content\/uploads\/2020\/09\/EAT-Impres-480x270.jpeg\" alt=\"EAT-Impres\" itemprop=\"image\" height=\"270\" width=\"480\" title=\"EAT-Impres\" onerror=\"this.style.display='none'\"  \/>\n\t\t\t\t<a href=\"https:\/\/docs.google.com\/forms\/d\/e\/1FAIpQLSdNdlKgD3AOCoHfRejJQrFtk194pLqvxt_vETDfTie1dYjilA\/viewform?usp=sf_link\" target=\"_blank\" rel=\"noopener noreferrer\" itemprop=\"url\">\n\t\t\t\t<img decoding=\"async\" loading=\"lazy\" src=\"https:\/\/poten100mos.org\/wp-content\/uploads\/2020\/09\/6-2.png\" alt=\"6\" itemprop=\"image\" height=\"2480\" width=\"3492\" title=\"6\" onerror=\"this.style.display='none'\"  \/>\n\t\t\t\t<\/a>\n\t\t\t\t<img decoding=\"async\" loading=\"lazy\" src=\"https:\/\/poten100mos.org\/wp-content\/uploads\/2020\/09\/Taller-ma\u0301scaras-Milicia-480x270.png\" alt=\"Taller-ma\u0301scaras-Milicia\" itemprop=\"image\" height=\"270\" width=\"480\" title=\"Taller-ma\u0301scaras-Milicia\" onerror=\"this.style.display='none'\"  \/>\n\t\t\t\t<a href=\"https:\/\/forms.gle\/L58ZPPbQE5uzDu5c6\" target=\"_blank\" rel=\"noopener noreferrer\" itemprop=\"url\">\n\t\t\t\t<img decoding=\"async\" loading=\"lazy\" src=\"https:\/\/poten100mos.org\/wp-content\/uploads\/2020\/09\/7-3.png\" alt=\"7\" itemprop=\"image\" height=\"2480\" width=\"3492\" title=\"7\" onerror=\"this.style.display='none'\"  \/>\n\t\t\t\t<\/a>\n\t\t\t\t<img decoding=\"async\" loading=\"lazy\" src=\"https:\/\/poten100mos.org\/wp-content\/uploads\/2020\/09\/Foto-Pablo-Rega.jpeg\" alt=\"Foto Pablo Rega\" itemprop=\"image\" height=\"226\" width=\"151\" title=\"Foto Pablo Rega\" onerror=\"this.style.display='none'\"  \/>\n<p><strong>OBRADOIRO PARA NENOS \u00bb A IMPRESIONARTE\u00bb CON MILICIA GR\u00c1FICA<\/strong><\/p>\n<p>&nbsp;<\/p>\n<p><strong>S\u00e1bado, 19 de setembro, de 11 a 1 da ma\u00f1\u00e1 \/ Mercado San Agust\u00edn<\/strong><\/p>\n<p>Cada neno gozara\u0301 de 30 minutos para usar esta marabillosa \u201cimpresora poe\u0301tica\u201d que ten como obxectivo facer reflexionar de que cada un somos o motor desta retroma\u0301quina como tame\u0301n do noso mundo e responsables dos cambios sociais positivos.<\/p>\n<p>&nbsp;<\/p>\n<p><strong>OBRADOIRO PARA NENOS E ADULTOS \u00abA M\u00c1SCARA DO ARTISTA\u00bb CON MILICIA GR\u00c1FICA<\/strong><\/p>\n<p>&nbsp;<\/p>\n<p><strong>S\u00e1bado, 26 de setembro, de 11 a 1:15 da ma\u00f1\u00e1 \/ Mercado San Agust\u00edn<\/strong><\/p>\n<p>&nbsp;<\/p>\n<p>O carto\u0301n sera\u0301 o principal material en forma de caixas de carto\u0301n desta actividade para os ma\u0301is pequenos onde experimentara\u0301n a beleza das \u00abdiferenzas\u00bb, o principal obxectivo deste obradoiro.<\/p>\n<p>&nbsp;<\/p>\n<p><strong>OBRADOIRO DE IMPROVISACIO\u0301N MUSICAL, PARTE TEO\u0301RICA E PRA\u0301CTICA (PABLO REGA)<\/strong><\/p>\n<p>&nbsp;<\/p>\n<p><strong>S\u00e1bado, 26 de setembro, de 5 a 8 da tarde \/ Mercado San Agust\u00edn<\/strong><\/p>\n<p>Neste obradoiro o pu\u0301blico podera\u0301 experimentar unha oferta cultural fo\u0301ra dos para\u0301metros habituais diferentes ao que xa se con\u0303ece como improvisacio\u0301n melo\u0301dica presente nos xe\u0301neros populares descendentes do Blues e do Jazz.<\/p>\n\t<h1>RESERVA A T\u00daA PRAZA PARA A GALA DIVERSIDARTE 2020<\/h1>\n\t\t\t\t<a href=\"https:\/\/docs.google.com\/forms\/d\/e\/1FAIpQLSd1WuHFBmbOyI2EFqcx8tbpdNdcrIPN8xzP_e3HBeBprf46ew\/viewform?usp=sf_link\" target=\"_blank\" rel=\"noopener noreferrer\" itemprop=\"url\">\n\t\t\t\t<img decoding=\"async\" loading=\"lazy\" src=\"https:\/\/poten100mos.org\/wp-content\/uploads\/2020\/09\/RESERVA-para-GALA-2.png\" alt=\"RESERVA para GALA\" itemprop=\"image\" height=\"1620\" width=\"2880\" title=\"RESERVA para GALA\" onerror=\"this.style.display='none'\"  \/>\n\t\t\t\t<\/a>\n\t\t\t\t<img decoding=\"async\" loading=\"lazy\" src=\"https:\/\/poten100mos.org\/wp-content\/uploads\/2020\/09\/metaMorfosis-scaled.jpg\" alt=\"metaMorfosis\" itemprop=\"image\" height=\"1707\" width=\"2560\" title=\"metaMorfosis\" onerror=\"this.style.display='none'\"  \/>\n\t\t\t\t<img decoding=\"async\" loading=\"lazy\" src=\"https:\/\/poten100mos.org\/wp-content\/uploads\/2020\/09\/Copia-de-Sin-ti\u0301tulo-15-744x254.png\" alt=\"Copia de Sin ti\u0301tulo (15)\" itemprop=\"image\" height=\"254\" width=\"744\" title=\"Copia de Sin ti\u0301tulo (15)\" onerror=\"this.style.display='none'\"  \/>\n\t<h3>SESI\u00d3N 1: CORTOS DOCUMENTALES NO CGAI<\/h3>\n<p>VENRES, 18 DE SETEMBRO , 7:30 da tarde<\/p>\n<p>&nbsp;<\/p>\n<h3>SESI\u00d3N 2: CORTOS DE FICCI\u00d3N NO CGAI<\/h3>\n<p>VENRES, 25 DE SEPTIEMBRE , 7:30 da tarde<\/p>\n<a href=\"https:\/\/poten100mos.org\/gl\/folleto-festival-diversidarte-2020\/\" class=\"wm-button size-large button\" target=\"_blank\"><span class=\"icon-ion-social-youtube\" aria-hidden=\"true\"> <\/span>CONSULTA AQU\u00cd A PROGRAMACI\u00d3N<\/a>","protected":false},"excerpt":{"rendered":"<div class=\"entry-summary\">\n<div class=\"entry-summary\">\nACCESIBILIDADE E MEDIDAS COVID-19 RESERVA A T\u00daA PRAZA PARA ACTIVIDADES (ACTUACI\u00d3NS) \u00abL\u00cdMITES\u00bb BAILE INTEGRADO DE EXPERIMENTADANZA S\u00e1bado, 19 de setembro, de 5:30 a 6 da tarde \/ Mercado San Agust\u00edn Peza de baile para dous corpos posibles e diferentes, o&hellip;\n<\/div>\n<div class=\"link-more\"><a href=\"https:\/\/poten100mos.org\/gl\/reservas-2\/\" class=\"more-link\">Continue reading<span class=\"screen-reader-text\"> &ldquo;Reserva a t\u00faa praza para as actividades \u00b7 Festival DiversidArte&rdquo;<\/span>&hellip;<\/a><\/div>\n<\/div>\n<div class=\"link-more\"><a href=\"https:\/\/poten100mos.org\/gl\/reservas-2\/\" class=\"more-link\">Continue reading<span class=\"screen-reader-text\"> &ldquo;Reserva a t\u00faa praza para as actividades \u00b7 Festival DiversidArte&rdquo;<\/span>&hellip;<\/a><\/div>","protected":false},"author":1,"featured_media":0,"parent":0,"menu_order":0,"comment_status":"closed","ping_status":"closed","template":"","meta":{"footnotes":""},"acf":[],"yoast_head":"<!-- This site is optimized with the Yoast SEO plugin v21.4 - https:\/\/yoast.com\/wordpress\/plugins\/seo\/ -->\n<title>Reserva a t\u00faa praza para as actividades \u00b7 Festival DiversidArte | Asociacion Poten100mos<\/title>\n<meta name=\"robots\" content=\"index, follow, max-snippet:-1, max-image-preview:large, max-video-preview:-1\" \/>\n<link rel=\"canonical\" href=\"https:\/\/poten100mos.org\/gl\/reservas-2\/\" \/>\n<meta property=\"og:locale\" content=\"gl_ES\" \/>\n<meta property=\"og:type\" content=\"article\" \/>\n<meta property=\"og:title\" content=\"Reserva a t\u00faa praza para as actividades \u00b7 Festival DiversidArte | Asociacion Poten100mos\" \/>\n<meta property=\"og:description\" content=\"ACCESIBILIDADE E MEDIDAS COVID-19 RESERVA A T\u00daA PRAZA PARA ACTIVIDADES (ACTUACI\u00d3NS) \u00abL\u00cdMITES\u00bb BAILE INTEGRADO DE EXPERIMENTADANZA S\u00e1bado, 19 de setembro, de 5:30 a 6 da tarde \/ Mercado San Agust\u00edn Peza de baile para dous corpos posibles e diferentes, o&hellip; Continue reading &ldquo;Reserva a t\u00faa praza para as actividades \u00b7 Festival DiversidArte&rdquo;&hellip;\" \/>\n<meta property=\"og:url\" content=\"https:\/\/poten100mos.org\/gl\/reservas-2\/\" \/>\n<meta property=\"og:site_name\" content=\"Asociacion Poten100mos\" \/>\n<meta property=\"article:publisher\" content=\"https:\/\/www.facebook.com\/poten100mos\/\" \/>\n<meta property=\"article:modified_time\" content=\"2020-09-16T15:39:35+00:00\" \/>\n<meta property=\"og:image\" content=\"https:\/\/poten100mos.org\/wp-content\/uploads\/2020\/09\/Copia-de-Copia-de-noche-a-la-parrilla.png\" \/>\n<meta name=\"twitter:card\" content=\"summary_large_image\" \/>\n<meta name=\"twitter:label1\" content=\"Tempo de lectura\" \/>\n\t<meta name=\"twitter:data1\" content=\"2 minutos\" \/>\n<script type=\"application\/ld+json\" class=\"yoast-schema-graph\">{\"@context\":\"https:\/\/schema.org\",\"@graph\":[{\"@type\":\"WebPage\",\"@id\":\"https:\/\/poten100mos.org\/gl\/reservas-2\/\",\"url\":\"https:\/\/poten100mos.org\/gl\/reservas-2\/\",\"name\":\"Reserva a t\u00faa praza para as actividades \u00b7 Festival DiversidArte | Asociacion Poten100mos\",\"isPartOf\":{\"@id\":\"https:\/\/poten100mos.org\/#website\"},\"datePublished\":\"2020-09-04T16:18:27+00:00\",\"dateModified\":\"2020-09-16T15:39:35+00:00\",\"breadcrumb\":{\"@id\":\"https:\/\/poten100mos.org\/gl\/reservas-2\/#breadcrumb\"},\"inLanguage\":\"gl-ES\",\"potentialAction\":[{\"@type\":\"ReadAction\",\"target\":[\"https:\/\/poten100mos.org\/gl\/reservas-2\/\"]}]},{\"@type\":\"BreadcrumbList\",\"@id\":\"https:\/\/poten100mos.org\/gl\/reservas-2\/#breadcrumb\",\"itemListElement\":[{\"@type\":\"ListItem\",\"position\":1,\"name\":\"Portada\",\"item\":\"https:\/\/poten100mos.org\/\"},{\"@type\":\"ListItem\",\"position\":2,\"name\":\"Reserva a t\u00faa praza para as actividades \u00b7 Festival DiversidArte\"}]},{\"@type\":\"WebSite\",\"@id\":\"https:\/\/poten100mos.org\/#website\",\"url\":\"https:\/\/poten100mos.org\/\",\"name\":\"Asociacion Poten100mos\",\"description\":\"P\u00e1gina web de la Asociaci\u00f3n Poten100mos\",\"publisher\":{\"@id\":\"https:\/\/poten100mos.org\/#organization\"},\"potentialAction\":[{\"@type\":\"SearchAction\",\"target\":{\"@type\":\"EntryPoint\",\"urlTemplate\":\"https:\/\/poten100mos.org\/?s={search_term_string}\"},\"query-input\":\"required name=search_term_string\"}],\"inLanguage\":\"gl-ES\"},{\"@type\":\"Organization\",\"@id\":\"https:\/\/poten100mos.org\/#organization\",\"name\":\"Asociaci\u00f3n Poten100mos\",\"url\":\"https:\/\/poten100mos.org\/\",\"logo\":{\"@type\":\"ImageObject\",\"inLanguage\":\"gl-ES\",\"@id\":\"https:\/\/poten100mos.org\/#\/schema\/logo\/image\/\",\"url\":\"https:\/\/poten100mos.org\/wp-content\/uploads\/2019\/07\/Poten100mos-Logo-peq.png\",\"contentUrl\":\"https:\/\/poten100mos.org\/wp-content\/uploads\/2019\/07\/Poten100mos-Logo-peq.png\",\"width\":400,\"height\":400,\"caption\":\"Asociaci\u00f3n Poten100mos\"},\"image\":{\"@id\":\"https:\/\/poten100mos.org\/#\/schema\/logo\/image\/\"},\"sameAs\":[\"https:\/\/www.facebook.com\/poten100mos\/\",\"https:\/\/www.instagram.com\/poten100mos\/\"]}]}<\/script>\n<!-- \/ Yoast SEO plugin. -->","yoast_head_json":{"title":"Reserva a t\u00faa praza para as actividades \u00b7 Festival DiversidArte | Asociacion Poten100mos","robots":{"index":"index","follow":"follow","max-snippet":"max-snippet:-1","max-image-preview":"max-image-preview:large","max-video-preview":"max-video-preview:-1"},"canonical":"https:\/\/poten100mos.org\/gl\/reservas-2\/","og_locale":"gl_ES","og_type":"article","og_title":"Reserva a t\u00faa praza para as actividades \u00b7 Festival DiversidArte | Asociacion Poten100mos","og_description":"ACCESIBILIDADE E MEDIDAS COVID-19 RESERVA A T\u00daA PRAZA PARA ACTIVIDADES (ACTUACI\u00d3NS) \u00abL\u00cdMITES\u00bb BAILE INTEGRADO DE EXPERIMENTADANZA S\u00e1bado, 19 de setembro, de 5:30 a 6 da tarde \/ Mercado San Agust\u00edn Peza de baile para dous corpos posibles e diferentes, o&hellip; Continue reading &ldquo;Reserva a t\u00faa praza para as actividades \u00b7 Festival DiversidArte&rdquo;&hellip;","og_url":"https:\/\/poten100mos.org\/gl\/reservas-2\/","og_site_name":"Asociacion Poten100mos","article_publisher":"https:\/\/www.facebook.com\/poten100mos\/","article_modified_time":"2020-09-16T15:39:35+00:00","og_image":[{"url":"https:\/\/poten100mos.org\/wp-content\/uploads\/2020\/09\/Copia-de-Copia-de-noche-a-la-parrilla.png"}],"twitter_card":"summary_large_image","twitter_misc":{"Tempo de lectura":"2 minutos"},"schema":{"@context":"https:\/\/schema.org","@graph":[{"@type":"WebPage","@id":"https:\/\/poten100mos.org\/gl\/reservas-2\/","url":"https:\/\/poten100mos.org\/gl\/reservas-2\/","name":"Reserva a t\u00faa praza para as actividades \u00b7 Festival DiversidArte | Asociacion Poten100mos","isPartOf":{"@id":"https:\/\/poten100mos.org\/#website"},"datePublished":"2020-09-04T16:18:27+00:00","dateModified":"2020-09-16T15:39:35+00:00","breadcrumb":{"@id":"https:\/\/poten100mos.org\/gl\/reservas-2\/#breadcrumb"},"inLanguage":"gl-ES","potentialAction":[{"@type":"ReadAction","target":["https:\/\/poten100mos.org\/gl\/reservas-2\/"]}]},{"@type":"BreadcrumbList","@id":"https:\/\/poten100mos.org\/gl\/reservas-2\/#breadcrumb","itemListElement":[{"@type":"ListItem","position":1,"name":"Portada","item":"https:\/\/poten100mos.org\/"},{"@type":"ListItem","position":2,"name":"Reserva a t\u00faa praza para as actividades \u00b7 Festival DiversidArte"}]},{"@type":"WebSite","@id":"https:\/\/poten100mos.org\/#website","url":"https:\/\/poten100mos.org\/","name":"Asociacion Poten100mos","description":"P\u00e1gina web de la Asociaci\u00f3n Poten100mos","publisher":{"@id":"https:\/\/poten100mos.org\/#organization"},"potentialAction":[{"@type":"SearchAction","target":{"@type":"EntryPoint","urlTemplate":"https:\/\/poten100mos.org\/?s={search_term_string}"},"query-input":"required name=search_term_string"}],"inLanguage":"gl-ES"},{"@type":"Organization","@id":"https:\/\/poten100mos.org\/#organization","name":"Asociaci\u00f3n Poten100mos","url":"https:\/\/poten100mos.org\/","logo":{"@type":"ImageObject","inLanguage":"gl-ES","@id":"https:\/\/poten100mos.org\/#\/schema\/logo\/image\/","url":"https:\/\/poten100mos.org\/wp-content\/uploads\/2019\/07\/Poten100mos-Logo-peq.png","contentUrl":"https:\/\/poten100mos.org\/wp-content\/uploads\/2019\/07\/Poten100mos-Logo-peq.png","width":400,"height":400,"caption":"Asociaci\u00f3n Poten100mos"},"image":{"@id":"https:\/\/poten100mos.org\/#\/schema\/logo\/image\/"},"sameAs":["https:\/\/www.facebook.com\/poten100mos\/","https:\/\/www.instagram.com\/poten100mos\/"]}]}},"_links":{"self":[{"href":"https:\/\/poten100mos.org\/gl\/wp-json\/wp\/v2\/pages\/2388"}],"collection":[{"href":"https:\/\/poten100mos.org\/gl\/wp-json\/wp\/v2\/pages"}],"about":[{"href":"https:\/\/poten100mos.org\/gl\/wp-json\/wp\/v2\/types\/page"}],"author":[{"embeddable":true,"href":"https:\/\/poten100mos.org\/gl\/wp-json\/wp\/v2\/users\/1"}],"replies":[{"embeddable":true,"href":"https:\/\/poten100mos.org\/gl\/wp-json\/wp\/v2\/comments?post=2388"}],"version-history":[{"count":5,"href":"https:\/\/poten100mos.org\/gl\/wp-json\/wp\/v2\/pages\/2388\/revisions"}],"predecessor-version":[{"id":2513,"href":"https:\/\/poten100mos.org\/gl\/wp-json\/wp\/v2\/pages\/2388\/revisions\/2513"}],"wp:attachment":[{"href":"https:\/\/poten100mos.org\/gl\/wp-json\/wp\/v2\/media?parent=2388"}],"curies":[{"name":"wp","href":"https:\/\/api.w.org\/{rel}","templated":true}]}}