{"id":2640,"date":"2021-08-06T16:12:06","date_gmt":"2021-08-06T15:12:06","guid":{"rendered":"https:\/\/poten100mos.org\/?page_id=2640"},"modified":"2021-08-10T10:48:54","modified_gmt":"2021-08-10T09:48:54","slug":"tocalonatural","status":"publish","type":"page","link":"https:\/\/poten100mos.org\/gl\/tocalonatural\/","title":{"rendered":"TOCA LO NATURAL"},"content":{"rendered":"<img decoding=\"async\" loading=\"lazy\" src=\"https:\/\/poten100mos.org\/wp-content\/uploads\/2021\/08\/IG-TOCA-LO-NATURAL--744x744.png\" alt=\"IG TOCA LO NATURAL\" itemprop=\"image\" height=\"744\" width=\"744\" title=\"IG TOCA LO NATURAL\" onerror=\"this.style.display='none'\"  \/>\r\n\t<h2><strong>Exposici\u00f3n T\u00e1ctil \u201cTOCA LO NATURAL\u201d<\/strong><\/h2>\r\n\t<p>Proyecto art\u00edstico, divulgativo e inclusivo de la Asociaci\u00f3n Poten100mos en colaboraci\u00f3n con otras entidades sociales que han participado en el desarrollo de los talleres y dentro de la V Convocatoria del programa \u201cCultura Accesible e Inclusiva\u201d de laFundaci\u00f3n Emalcsa.<\/p>\r\n<p>En esta ocasi\u00f3n, la obra nos permitir\u00e1 conectar con materiales por medio del tacto, agrandando as\u00ed nuestra percepci\u00f3n de forma natural.<\/p>\r\n<p>El trabajo realizado por los participantes sirve para mostrar que ladiversidad es una gran fuente de riqueza.<\/p>\r\n<p>As\u00ed, en este proyecto han participado varios grupos de trabajo formados por personas condistintas diversidades (diversidad funcional intelectual, sensorial, f\u00edsica, diversidad sexual, diversidad \u00e9tnica\u2026) demostrando que el trabajo colaborativo entre distintas diversidades es m\u00e1s enriquecedor, m\u00e1s creativo y simplemente mejor:<\/p>\r\n<p>&nbsp;<\/p>\r\n<ul>\r\n<li> El Taller de Arte, dirigido por la artista pl\u00e1stica Tatiana Medal se realiz\u00f3 la obra t\u00e1ctil para esta exposici\u00f3n.<\/li>\r\n<li> El Grupo de Comunicaci\u00f3n, dirigido por Tamara Blanco Insua (TAM TAM Gesti\u00f3n Creativa) se encarg\u00f3 de comunicar a trav\u00e9s de las redes sociales y prensa.<\/li>\r\n<li> El Grupo de Educaci\u00f3n y Accesibilidad realiz\u00f3 un trabajo divulgativo en pro de la diversidad y se encarg\u00f3 de que que todo el proyecto en s\u00ed mismo sea accesible para todas las personas.<\/li>\r\n<li> Y el artista Victor Emilio Briones se ocup\u00f3 de realizar la imagen representativa de la exposici\u00f3n.<\/li>\r\n<\/ul>\r\n\t\t\t\t<img decoding=\"async\" loading=\"lazy\" src=\"https:\/\/poten100mos.org\/wp-content\/uploads\/2021\/08\/Fotografi\u0301a-de-Luisa-Seoane-participante-de-Toca-lo-Natural.jpeg\" alt=\"Fotografi\u0301a de Luisa Seoane, participante de Toca lo Natural\" itemprop=\"image\" height=\"2048\" width=\"2048\" title=\"Fotografi\u0301a de Luisa Seoane, participante de Toca lo Natural\" onerror=\"this.style.display='none'\"  \/>\r\n\t\t\t\t<img decoding=\"async\" loading=\"lazy\" src=\"https:\/\/poten100mos.org\/wp-content\/uploads\/2021\/08\/a3623cf9-e933-4887-ac3b-6755ab3961d5.jpg\" alt=\"a3623cf9-e933-4887-ac3b-6755ab3961d5\" itemprop=\"image\" height=\"2048\" width=\"2048\" title=\"a3623cf9-e933-4887-ac3b-6755ab3961d5\" onerror=\"this.style.display='none'\"  \/>\r\n\t\t\t\t<img decoding=\"async\" loading=\"lazy\" src=\"https:\/\/poten100mos.org\/wp-content\/uploads\/2021\/08\/IMG_0061-2-scaled.jpg\" alt=\"IMG_0061 2\" itemprop=\"image\" height=\"1920\" width=\"2560\" title=\"IMG_0061 2\" onerror=\"this.style.display='none'\"  \/>\r\n\t<p><em><strong>Organizan:<\/strong><\/em><\/p>\r\n\t\t\t\t<img decoding=\"async\" loading=\"lazy\" src=\"https:\/\/poten100mos.org\/wp-content\/uploads\/2020\/12\/logos-poten100mos-2.png\" alt=\"logos poten100mos (2)\" itemprop=\"image\" height=\"150\" width=\"150\" title=\"logos poten100mos (2)\" onerror=\"this.style.display='none'\"  \/>\r\n\t\t\t\t<img decoding=\"async\" src=\"https:\/\/poten100mos.org\/wp-content\/plugins\/beaver-builder-lite-version\/img\/pixel.png\" alt=\"\" itemprop=\"image\" onerror=\"this.style.display='none'\"  \/>\r\n\t<p><em><strong>Patrocinan:<\/strong><\/em><\/p>\r\n\t\t\t\t<img decoding=\"async\" loading=\"lazy\" src=\"https:\/\/poten100mos.org\/wp-content\/uploads\/2020\/12\/1.png\" alt=\"1\" itemprop=\"image\" height=\"150\" width=\"150\" title=\"1\" onerror=\"this.style.display='none'\"  \/>\r\n\t\t\t\t<img decoding=\"async\" loading=\"lazy\" src=\"https:\/\/poten100mos.org\/wp-content\/uploads\/2020\/12\/2.png\" alt=\"2\" itemprop=\"image\" height=\"150\" width=\"150\" title=\"2\" onerror=\"this.style.display='none'\"  \/>\r\n\t<p><strong><em>Colaboran:<\/em><\/strong><\/p>\r\n\t\t\t\t<img decoding=\"async\" loading=\"lazy\" src=\"https:\/\/poten100mos.org\/wp-content\/uploads\/2020\/12\/12-1.png\" alt=\"12\" itemprop=\"image\" height=\"150\" width=\"150\" title=\"12\" onerror=\"this.style.display='none'\"  \/>\r\n\t\t\t\t<img decoding=\"async\" loading=\"lazy\" src=\"https:\/\/poten100mos.org\/wp-content\/uploads\/2020\/12\/7-1.png\" alt=\"7\" itemprop=\"image\" height=\"150\" width=\"150\" title=\"7\" onerror=\"this.style.display='none'\"  \/>\r\n\t\t\t\t<img decoding=\"async\" loading=\"lazy\" src=\"https:\/\/poten100mos.org\/wp-content\/uploads\/2020\/12\/11-1.png\" alt=\"11\" itemprop=\"image\" height=\"150\" width=\"150\" title=\"11\" onerror=\"this.style.display='none'\"  \/>\r\n\t\t\t\t<img decoding=\"async\" loading=\"lazy\" src=\"https:\/\/poten100mos.org\/wp-content\/uploads\/2020\/12\/10-1.png\" alt=\"10\" itemprop=\"image\" height=\"150\" width=\"150\" title=\"10\" onerror=\"this.style.display='none'\"  \/>\r\n\t\t\t\t<img decoding=\"async\" loading=\"lazy\" src=\"https:\/\/poten100mos.org\/wp-content\/uploads\/2020\/12\/5-1.png\" alt=\"5\" itemprop=\"image\" height=\"150\" width=\"150\" title=\"5\" onerror=\"this.style.display='none'\"  \/>\r\n\t\t\t\t<img decoding=\"async\" loading=\"lazy\" src=\"https:\/\/poten100mos.org\/wp-content\/uploads\/2020\/12\/logos-poten100mos-def-1.png\" alt=\"logos poten100mos def (1)\" itemprop=\"image\" height=\"150\" width=\"150\" title=\"logos poten100mos def (1)\" onerror=\"this.style.display='none'\"  \/>\r\n\t\t\t\t<img decoding=\"async\" loading=\"lazy\" src=\"https:\/\/poten100mos.org\/wp-content\/uploads\/2020\/12\/6-1.png\" alt=\"6\" itemprop=\"image\" height=\"150\" width=\"150\" title=\"6\" onerror=\"this.style.display='none'\"  \/>\r\n\t\t\t\t<img decoding=\"async\" loading=\"lazy\" src=\"https:\/\/poten100mos.org\/wp-content\/uploads\/2020\/12\/8-1.png\" alt=\"8\" itemprop=\"image\" height=\"150\" width=\"150\" title=\"8\" onerror=\"this.style.display='none'\"  \/>\r\n\t\t\t\t<img decoding=\"async\" loading=\"lazy\" src=\"https:\/\/poten100mos.org\/wp-content\/uploads\/2020\/12\/14-1.png\" alt=\"14\" itemprop=\"image\" height=\"150\" width=\"150\" title=\"14\" onerror=\"this.style.display='none'\"  \/>\r\n\t\t\t\t<img decoding=\"async\" loading=\"lazy\" src=\"https:\/\/poten100mos.org\/wp-content\/uploads\/2020\/12\/9-1.png\" alt=\"9\" itemprop=\"image\" height=\"150\" width=\"150\" title=\"9\" onerror=\"this.style.display='none'\"  \/>\r\n\t\t\t\t<img decoding=\"async\" loading=\"lazy\" src=\"https:\/\/poten100mos.org\/wp-content\/uploads\/2020\/12\/logos-poten100mos-def.png\" alt=\"logos poten100mos def\" itemprop=\"image\" height=\"150\" width=\"150\" title=\"logos poten100mos def\" onerror=\"this.style.display='none'\"  \/>","protected":false},"excerpt":{"rendered":"<div class=\"entry-summary\">\n<div class=\"entry-summary\">\nExposici\u00f3n T\u00e1ctil \u201cTOCA LO NATURAL\u201d Proyecto art\u00edstico, divulgativo e inclusivo de la Asociaci\u00f3n Poten100mos en colaboraci\u00f3n con otras entidades sociales que han participado en el desarrollo de los talleres y dentro de la V Convocatoria del programa \u201cCultura Accesible e&hellip;\n<\/div>\n<div class=\"link-more\"><a href=\"https:\/\/poten100mos.org\/gl\/tocalonatural\/\" class=\"more-link\">Continue reading<span class=\"screen-reader-text\"> &ldquo;TOCA LO NATURAL&rdquo;<\/span>&hellip;<\/a><\/div>\n<\/div>\n<div class=\"link-more\"><a href=\"https:\/\/poten100mos.org\/gl\/tocalonatural\/\" class=\"more-link\">Continue reading<span class=\"screen-reader-text\"> &ldquo;TOCA LO NATURAL&rdquo;<\/span>&hellip;<\/a><\/div>","protected":false},"author":1,"featured_media":0,"parent":0,"menu_order":0,"comment_status":"closed","ping_status":"closed","template":"","meta":{"footnotes":""},"acf":[],"yoast_head":"<!-- This site is optimized with the Yoast SEO plugin v21.4 - https:\/\/yoast.com\/wordpress\/plugins\/seo\/ -->\n<title>TOCA LO NATURAL | Asociacion Poten100mos<\/title>\n<meta name=\"robots\" content=\"index, follow, max-snippet:-1, max-image-preview:large, max-video-preview:-1\" \/>\n<link rel=\"canonical\" href=\"https:\/\/poten100mos.org\/gl\/tocalonatural\/\" \/>\n<meta property=\"og:locale\" content=\"gl_ES\" \/>\n<meta property=\"og:type\" content=\"article\" \/>\n<meta property=\"og:title\" content=\"TOCA LO NATURAL | Asociacion Poten100mos\" \/>\n<meta property=\"og:description\" content=\"Exposici\u00f3n T\u00e1ctil \u201cTOCA LO NATURAL\u201d Proyecto art\u00edstico, divulgativo e inclusivo de la Asociaci\u00f3n Poten100mos en colaboraci\u00f3n con otras entidades sociales que han participado en el desarrollo de los talleres y dentro de la V Convocatoria del programa \u201cCultura Accesible e&hellip; Continue reading &ldquo;TOCA LO NATURAL&rdquo;&hellip;\" \/>\n<meta property=\"og:url\" content=\"https:\/\/poten100mos.org\/gl\/tocalonatural\/\" \/>\n<meta property=\"og:site_name\" content=\"Asociacion Poten100mos\" \/>\n<meta property=\"article:publisher\" content=\"https:\/\/www.facebook.com\/poten100mos\/\" \/>\n<meta property=\"article:modified_time\" content=\"2021-08-10T09:48:54+00:00\" \/>\n<meta property=\"og:image\" content=\"https:\/\/poten100mos.org\/wp-content\/uploads\/2021\/08\/IG-TOCA-LO-NATURAL--744x744.png\" \/>\n<meta name=\"twitter:card\" content=\"summary_large_image\" \/>\n<meta name=\"twitter:label1\" content=\"Tempo de lectura\" \/>\n\t<meta name=\"twitter:data1\" content=\"1 minuto\" \/>\n<script type=\"application\/ld+json\" class=\"yoast-schema-graph\">{\"@context\":\"https:\/\/schema.org\",\"@graph\":[{\"@type\":\"WebPage\",\"@id\":\"https:\/\/poten100mos.org\/tocalonatural\/\",\"url\":\"https:\/\/poten100mos.org\/tocalonatural\/\",\"name\":\"TOCA LO NATURAL | Asociacion Poten100mos\",\"isPartOf\":{\"@id\":\"https:\/\/poten100mos.org\/#website\"},\"datePublished\":\"2021-08-06T15:12:06+00:00\",\"dateModified\":\"2021-08-10T09:48:54+00:00\",\"breadcrumb\":{\"@id\":\"https:\/\/poten100mos.org\/tocalonatural\/#breadcrumb\"},\"inLanguage\":\"gl-ES\",\"potentialAction\":[{\"@type\":\"ReadAction\",\"target\":[\"https:\/\/poten100mos.org\/tocalonatural\/\"]}]},{\"@type\":\"BreadcrumbList\",\"@id\":\"https:\/\/poten100mos.org\/tocalonatural\/#breadcrumb\",\"itemListElement\":[{\"@type\":\"ListItem\",\"position\":1,\"name\":\"Portada\",\"item\":\"https:\/\/poten100mos.org\/\"},{\"@type\":\"ListItem\",\"position\":2,\"name\":\"TOCA LO NATURAL\"}]},{\"@type\":\"WebSite\",\"@id\":\"https:\/\/poten100mos.org\/#website\",\"url\":\"https:\/\/poten100mos.org\/\",\"name\":\"Asociacion Poten100mos\",\"description\":\"P\u00e1gina web de la Asociaci\u00f3n Poten100mos\",\"publisher\":{\"@id\":\"https:\/\/poten100mos.org\/#organization\"},\"potentialAction\":[{\"@type\":\"SearchAction\",\"target\":{\"@type\":\"EntryPoint\",\"urlTemplate\":\"https:\/\/poten100mos.org\/?s={search_term_string}\"},\"query-input\":\"required name=search_term_string\"}],\"inLanguage\":\"gl-ES\"},{\"@type\":\"Organization\",\"@id\":\"https:\/\/poten100mos.org\/#organization\",\"name\":\"Asociaci\u00f3n Poten100mos\",\"url\":\"https:\/\/poten100mos.org\/\",\"logo\":{\"@type\":\"ImageObject\",\"inLanguage\":\"gl-ES\",\"@id\":\"https:\/\/poten100mos.org\/#\/schema\/logo\/image\/\",\"url\":\"https:\/\/poten100mos.org\/wp-content\/uploads\/2019\/07\/Poten100mos-Logo-peq.png\",\"contentUrl\":\"https:\/\/poten100mos.org\/wp-content\/uploads\/2019\/07\/Poten100mos-Logo-peq.png\",\"width\":400,\"height\":400,\"caption\":\"Asociaci\u00f3n Poten100mos\"},\"image\":{\"@id\":\"https:\/\/poten100mos.org\/#\/schema\/logo\/image\/\"},\"sameAs\":[\"https:\/\/www.facebook.com\/poten100mos\/\",\"https:\/\/www.instagram.com\/poten100mos\/\"]}]}<\/script>\n<!-- \/ Yoast SEO plugin. -->","yoast_head_json":{"title":"TOCA LO NATURAL | Asociacion Poten100mos","robots":{"index":"index","follow":"follow","max-snippet":"max-snippet:-1","max-image-preview":"max-image-preview:large","max-video-preview":"max-video-preview:-1"},"canonical":"https:\/\/poten100mos.org\/gl\/tocalonatural\/","og_locale":"gl_ES","og_type":"article","og_title":"TOCA LO NATURAL | Asociacion Poten100mos","og_description":"Exposici\u00f3n T\u00e1ctil \u201cTOCA LO NATURAL\u201d Proyecto art\u00edstico, divulgativo e inclusivo de la Asociaci\u00f3n Poten100mos en colaboraci\u00f3n con otras entidades sociales que han participado en el desarrollo de los talleres y dentro de la V Convocatoria del programa \u201cCultura Accesible e&hellip; Continue reading &ldquo;TOCA LO NATURAL&rdquo;&hellip;","og_url":"https:\/\/poten100mos.org\/gl\/tocalonatural\/","og_site_name":"Asociacion Poten100mos","article_publisher":"https:\/\/www.facebook.com\/poten100mos\/","article_modified_time":"2021-08-10T09:48:54+00:00","og_image":[{"url":"https:\/\/poten100mos.org\/wp-content\/uploads\/2021\/08\/IG-TOCA-LO-NATURAL--744x744.png"}],"twitter_card":"summary_large_image","twitter_misc":{"Tempo de lectura":"1 minuto"},"schema":{"@context":"https:\/\/schema.org","@graph":[{"@type":"WebPage","@id":"https:\/\/poten100mos.org\/tocalonatural\/","url":"https:\/\/poten100mos.org\/tocalonatural\/","name":"TOCA LO NATURAL | Asociacion Poten100mos","isPartOf":{"@id":"https:\/\/poten100mos.org\/#website"},"datePublished":"2021-08-06T15:12:06+00:00","dateModified":"2021-08-10T09:48:54+00:00","breadcrumb":{"@id":"https:\/\/poten100mos.org\/tocalonatural\/#breadcrumb"},"inLanguage":"gl-ES","potentialAction":[{"@type":"ReadAction","target":["https:\/\/poten100mos.org\/tocalonatural\/"]}]},{"@type":"BreadcrumbList","@id":"https:\/\/poten100mos.org\/tocalonatural\/#breadcrumb","itemListElement":[{"@type":"ListItem","position":1,"name":"Portada","item":"https:\/\/poten100mos.org\/"},{"@type":"ListItem","position":2,"name":"TOCA LO NATURAL"}]},{"@type":"WebSite","@id":"https:\/\/poten100mos.org\/#website","url":"https:\/\/poten100mos.org\/","name":"Asociacion Poten100mos","description":"P\u00e1gina web de la Asociaci\u00f3n Poten100mos","publisher":{"@id":"https:\/\/poten100mos.org\/#organization"},"potentialAction":[{"@type":"SearchAction","target":{"@type":"EntryPoint","urlTemplate":"https:\/\/poten100mos.org\/?s={search_term_string}"},"query-input":"required name=search_term_string"}],"inLanguage":"gl-ES"},{"@type":"Organization","@id":"https:\/\/poten100mos.org\/#organization","name":"Asociaci\u00f3n Poten100mos","url":"https:\/\/poten100mos.org\/","logo":{"@type":"ImageObject","inLanguage":"gl-ES","@id":"https:\/\/poten100mos.org\/#\/schema\/logo\/image\/","url":"https:\/\/poten100mos.org\/wp-content\/uploads\/2019\/07\/Poten100mos-Logo-peq.png","contentUrl":"https:\/\/poten100mos.org\/wp-content\/uploads\/2019\/07\/Poten100mos-Logo-peq.png","width":400,"height":400,"caption":"Asociaci\u00f3n Poten100mos"},"image":{"@id":"https:\/\/poten100mos.org\/#\/schema\/logo\/image\/"},"sameAs":["https:\/\/www.facebook.com\/poten100mos\/","https:\/\/www.instagram.com\/poten100mos\/"]}]}},"_links":{"self":[{"href":"https:\/\/poten100mos.org\/gl\/wp-json\/wp\/v2\/pages\/2640"}],"collection":[{"href":"https:\/\/poten100mos.org\/gl\/wp-json\/wp\/v2\/pages"}],"about":[{"href":"https:\/\/poten100mos.org\/gl\/wp-json\/wp\/v2\/types\/page"}],"author":[{"embeddable":true,"href":"https:\/\/poten100mos.org\/gl\/wp-json\/wp\/v2\/users\/1"}],"replies":[{"embeddable":true,"href":"https:\/\/poten100mos.org\/gl\/wp-json\/wp\/v2\/comments?post=2640"}],"version-history":[{"count":5,"href":"https:\/\/poten100mos.org\/gl\/wp-json\/wp\/v2\/pages\/2640\/revisions"}],"predecessor-version":[{"id":2649,"href":"https:\/\/poten100mos.org\/gl\/wp-json\/wp\/v2\/pages\/2640\/revisions\/2649"}],"wp:attachment":[{"href":"https:\/\/poten100mos.org\/gl\/wp-json\/wp\/v2\/media?parent=2640"}],"curies":[{"name":"wp","href":"https:\/\/api.w.org\/{rel}","templated":true}]}}