{"id":2772,"date":"2022-10-23T12:37:50","date_gmt":"2022-10-23T11:37:50","guid":{"rendered":"https:\/\/poten100mos.org\/?page_id=2772"},"modified":"2024-01-30T14:16:27","modified_gmt":"2024-01-30T13:16:27","slug":"banda-percusion","status":"publish","type":"page","link":"https:\/\/poten100mos.org\/gl\/banda-percusion\/","title":{"rendered":"BANDA DE PERCUSI\u00d3N DIVERSIDARTE"},"content":{"rendered":"<p><img decoding=\"async\" loading=\"lazy\" title=\"faldon facebokk\" src=\"https:\/\/poten100mos.org\/wp-content\/uploads\/2022\/10\/Foto-concierto-18-Junio-2.jpeg\" alt=\"concierto\" width=\"2560\" height=\"948\" \/><\/p>\r\n<p>&nbsp;<\/p>\r\n<p>Nuestra Asociaci\u00f3n Poten100mos desde 2022 organiz\u00f3 y ensayo duro para crear una banda de percusi\u00f3n formada por personas con distintas diversidades con aut\u00e9ntica motivaci\u00f3n y esp\u00edritu musical con el fin de divertirse y conseguir actuar en espacios culturales normalizados de la ciudad de A Coru\u00f1a.<\/p>\r\n<p>&nbsp;<\/p>\r\n<p>Y as\u00ed con la vocaci\u00f3n de seguir m\u00e1s all\u00e1, esta banda continu\u00f3 actuando en otros espacios fuera y dentro de A Coru\u00f1a como banda profesional con un cach\u00e9.<\/p>\r\n<p>&nbsp;<\/p>\r\n<p>Es un proyecto donde desde su principio a su final es producido, dise\u00f1ado, conducido y ejecutado por las personas participantes a trav\u00e9s de las diferentes entidades colaboradoras que trabajan con personas con diferentes capacidades visuales; intelectuales; enfermedades reumatol\u00f3gicas; diversidad sexual y otros colectivos en situaci\u00f3n de exclusi\u00f3n social.<\/p>\r\n<p>&nbsp;<\/p>\r\n<p>Adem\u00e1s del grupo de ensayo, se formaron grupos de Comunicaci\u00f3n del proyecto y Organizaci\u00f3n de eventos accesibles (apoyo a la movilidad, mochilas vibratorias con FM para personas sordas, etc) .<\/p>\r\n<p>&nbsp;<\/p>\r\n<p>Adem\u00e1s, continuamos con la labor de \u201cEducaci\u00f3n social\u201d para difundir en espacios educativos el concepto de Diversidad en toda su amplitud y qu\u00e9 es ser \u201cnormal\u201d.<\/p>\r\n<p>&nbsp;<\/p>\r\n<p>La finalidad de este proyecto es, por tanto, sencilla: disfrutar de la m\u00fasica, comunicar, organizar una actuaci\u00f3n y crear una experiencia accesible para todxs as\u00ed como la profesionalizaci\u00f3n de una banda de m\u00fasica propiamente inclusiva y diversa.<\/p>\r\n<p>&nbsp;<\/p>\r\n<p><img decoding=\"async\" loading=\"lazy\" title=\"Grupo percusi\u00f3n\" src=\"https:\/\/poten100mos.org\/wp-content\/uploads\/2022\/10\/Foto-Grupo-completo.jpg\" alt=\"Grupo percusion\" width=\"1224\" height=\"816\" \/><\/p>\r\n<p><strong><em>Financian:<\/em><\/strong><\/p>\r\n<p><img decoding=\"async\" loading=\"lazy\" title=\"1\" src=\"https:\/\/poten100mos.org\/wp-content\/uploads\/2020\/12\/1.png\" alt=\"1\" width=\"150\" height=\"150\" \/> <img decoding=\"async\" loading=\"lazy\" title=\"2\" src=\"https:\/\/poten100mos.org\/wp-content\/uploads\/2020\/12\/2.png\" alt=\"2\" width=\"150\" height=\"150\" \/> <img decoding=\"async\" loading=\"lazy\" title=\"8\" src=\"https:\/\/poten100mos.org\/wp-content\/uploads\/2022\/10\/Logo-Cultura-Inclusiva-Emalcsa.png\" width=\"150\" height=\"150\" \/><\/p>\r\n<p>&nbsp;<\/p>\r\n<p><strong><em>Con la colaboraci\u00f3n de:<\/em><\/strong><\/p>\r\n<p><img decoding=\"async\" loading=\"lazy\" title=\"logos poten100mos def (1)\" src=\"https:\/\/poten100mos.org\/wp-content\/uploads\/2020\/12\/logos-poten100mos-def-1.png\" alt=\"logos poten100mos def (1)\" width=\"150\" height=\"150\" \/> <img decoding=\"async\" loading=\"lazy\" title=\"logos poten100mos def\" src=\"https:\/\/poten100mos.org\/wp-content\/uploads\/2020\/12\/logos-poten100mos-def.png\" alt=\"logos poten100mos def\" width=\"150\" height=\"150\" \/><\/p>\r\n<p>&nbsp;<\/p>\r\n<p><strong><em>Entidades sociales colaboradoras:<\/em><\/strong><\/p>\r\n<p><img decoding=\"async\" loading=\"lazy\" title=\"11\" src=\"https:\/\/poten100mos.org\/wp-content\/uploads\/2020\/12\/11-1.png\" alt=\"11\" width=\"150\" height=\"150\" \/> <img decoding=\"async\" loading=\"lazy\" title=\"10\" src=\"https:\/\/poten100mos.org\/wp-content\/uploads\/2020\/12\/10-1.png\" alt=\"10\" width=\"150\" height=\"150\" \/> <img decoding=\"async\" loading=\"lazy\" title=\"5\" src=\"https:\/\/poten100mos.org\/wp-content\/uploads\/2020\/12\/5-1.png\" alt=\"5\" width=\"150\" height=\"150\" \/> <img decoding=\"async\" loading=\"lazy\" title=\"8\" src=\"https:\/\/poten100mos.org\/wp-content\/uploads\/2020\/12\/8-1.png\" alt=\"8\" width=\"150\" height=\"150\" \/> <img decoding=\"async\" loading=\"lazy\" title=\"8\" src=\"https:\/\/poten100mos.org\/wp-content\/uploads\/2022\/10\/logo-Pascual-Veiga-scaled.jpg\" width=\"150\" height=\"150\" \/> <img decoding=\"async\" loading=\"lazy\" title=\"8\" src=\"https:\/\/poten100mos.org\/wp-content\/uploads\/2022\/10\/logo_aspronaga.jpeg\" width=\"150\" height=\"150\" \/><\/p>","protected":false},"excerpt":{"rendered":"<div class=\"entry-summary\">\n<div class=\"entry-summary\">\n&nbsp; Nuestra Asociaci\u00f3n Poten100mos desde 2022 organiz\u00f3 y ensayo duro para crear una banda de percusi\u00f3n formada por personas con distintas diversidades con aut\u00e9ntica motivaci\u00f3n y esp\u00edritu musical con el fin de divertirse y conseguir actuar en espacios culturales normalizados&hellip;\n<\/div>\n<div class=\"link-more\"><a href=\"https:\/\/poten100mos.org\/gl\/banda-percusion\/\" class=\"more-link\">Continue reading<span class=\"screen-reader-text\"> &ldquo;BANDA DE PERCUSI\u00d3N DIVERSIDARTE&rdquo;<\/span>&hellip;<\/a><\/div>\n<\/div>\n<div class=\"link-more\"><a href=\"https:\/\/poten100mos.org\/gl\/banda-percusion\/\" class=\"more-link\">Continue reading<span class=\"screen-reader-text\"> &ldquo;BANDA DE PERCUSI\u00d3N DIVERSIDARTE&rdquo;<\/span>&hellip;<\/a><\/div>","protected":false},"author":1,"featured_media":0,"parent":0,"menu_order":0,"comment_status":"closed","ping_status":"closed","template":"","meta":{"footnotes":""},"acf":[],"yoast_head":"<!-- This site is optimized with the Yoast SEO plugin v21.4 - https:\/\/yoast.com\/wordpress\/plugins\/seo\/ -->\n<title>BANDA DE PERCUSI\u00d3N DIVERSIDARTE | Asociacion Poten100mos<\/title>\n<meta name=\"robots\" content=\"index, follow, max-snippet:-1, max-image-preview:large, max-video-preview:-1\" \/>\n<link rel=\"canonical\" href=\"https:\/\/poten100mos.org\/gl\/banda-percusion\/\" \/>\n<meta property=\"og:locale\" content=\"gl_ES\" \/>\n<meta property=\"og:type\" content=\"article\" \/>\n<meta property=\"og:title\" content=\"BANDA DE PERCUSI\u00d3N DIVERSIDARTE | Asociacion Poten100mos\" \/>\n<meta property=\"og:description\" content=\"&nbsp; Nuestra Asociaci\u00f3n Poten100mos desde 2022 organiz\u00f3 y ensayo duro para crear una banda de percusi\u00f3n formada por personas con distintas diversidades con aut\u00e9ntica motivaci\u00f3n y esp\u00edritu musical con el fin de divertirse y conseguir actuar en espacios culturales normalizados&hellip; Continue reading &ldquo;BANDA DE PERCUSI\u00d3N DIVERSIDARTE&rdquo;&hellip;\" \/>\n<meta property=\"og:url\" content=\"https:\/\/poten100mos.org\/gl\/banda-percusion\/\" \/>\n<meta property=\"og:site_name\" content=\"Asociacion Poten100mos\" \/>\n<meta property=\"article:publisher\" content=\"https:\/\/www.facebook.com\/poten100mos\/\" \/>\n<meta property=\"article:modified_time\" content=\"2024-01-30T13:16:27+00:00\" \/>\n<meta property=\"og:image\" content=\"https:\/\/poten100mos.org\/wp-content\/uploads\/2022\/10\/Foto-concierto-18-Junio-2.jpeg\" \/>\n<meta name=\"twitter:card\" content=\"summary_large_image\" \/>\n<meta name=\"twitter:label1\" content=\"Tempo de lectura\" \/>\n\t<meta name=\"twitter:data1\" content=\"4 minutos\" \/>\n<script type=\"application\/ld+json\" class=\"yoast-schema-graph\">{\"@context\":\"https:\/\/schema.org\",\"@graph\":[{\"@type\":\"WebPage\",\"@id\":\"https:\/\/poten100mos.org\/banda-percusion\/\",\"url\":\"https:\/\/poten100mos.org\/banda-percusion\/\",\"name\":\"BANDA DE PERCUSI\u00d3N DIVERSIDARTE | Asociacion Poten100mos\",\"isPartOf\":{\"@id\":\"https:\/\/poten100mos.org\/#website\"},\"datePublished\":\"2022-10-23T11:37:50+00:00\",\"dateModified\":\"2024-01-30T13:16:27+00:00\",\"breadcrumb\":{\"@id\":\"https:\/\/poten100mos.org\/banda-percusion\/#breadcrumb\"},\"inLanguage\":\"gl-ES\",\"potentialAction\":[{\"@type\":\"ReadAction\",\"target\":[\"https:\/\/poten100mos.org\/banda-percusion\/\"]}]},{\"@type\":\"BreadcrumbList\",\"@id\":\"https:\/\/poten100mos.org\/banda-percusion\/#breadcrumb\",\"itemListElement\":[{\"@type\":\"ListItem\",\"position\":1,\"name\":\"Portada\",\"item\":\"https:\/\/poten100mos.org\/\"},{\"@type\":\"ListItem\",\"position\":2,\"name\":\"BANDA DE PERCUSI\u00d3N DIVERSIDARTE\"}]},{\"@type\":\"WebSite\",\"@id\":\"https:\/\/poten100mos.org\/#website\",\"url\":\"https:\/\/poten100mos.org\/\",\"name\":\"Asociacion Poten100mos\",\"description\":\"P\u00e1gina web de la Asociaci\u00f3n Poten100mos\",\"publisher\":{\"@id\":\"https:\/\/poten100mos.org\/#organization\"},\"potentialAction\":[{\"@type\":\"SearchAction\",\"target\":{\"@type\":\"EntryPoint\",\"urlTemplate\":\"https:\/\/poten100mos.org\/?s={search_term_string}\"},\"query-input\":\"required name=search_term_string\"}],\"inLanguage\":\"gl-ES\"},{\"@type\":\"Organization\",\"@id\":\"https:\/\/poten100mos.org\/#organization\",\"name\":\"Asociaci\u00f3n Poten100mos\",\"url\":\"https:\/\/poten100mos.org\/\",\"logo\":{\"@type\":\"ImageObject\",\"inLanguage\":\"gl-ES\",\"@id\":\"https:\/\/poten100mos.org\/#\/schema\/logo\/image\/\",\"url\":\"https:\/\/poten100mos.org\/wp-content\/uploads\/2019\/07\/Poten100mos-Logo-peq.png\",\"contentUrl\":\"https:\/\/poten100mos.org\/wp-content\/uploads\/2019\/07\/Poten100mos-Logo-peq.png\",\"width\":400,\"height\":400,\"caption\":\"Asociaci\u00f3n Poten100mos\"},\"image\":{\"@id\":\"https:\/\/poten100mos.org\/#\/schema\/logo\/image\/\"},\"sameAs\":[\"https:\/\/www.facebook.com\/poten100mos\/\",\"https:\/\/www.instagram.com\/poten100mos\/\"]}]}<\/script>\n<!-- \/ Yoast SEO plugin. -->","yoast_head_json":{"title":"BANDA DE PERCUSI\u00d3N DIVERSIDARTE | Asociacion Poten100mos","robots":{"index":"index","follow":"follow","max-snippet":"max-snippet:-1","max-image-preview":"max-image-preview:large","max-video-preview":"max-video-preview:-1"},"canonical":"https:\/\/poten100mos.org\/gl\/banda-percusion\/","og_locale":"gl_ES","og_type":"article","og_title":"BANDA DE PERCUSI\u00d3N DIVERSIDARTE | Asociacion Poten100mos","og_description":"&nbsp; Nuestra Asociaci\u00f3n Poten100mos desde 2022 organiz\u00f3 y ensayo duro para crear una banda de percusi\u00f3n formada por personas con distintas diversidades con aut\u00e9ntica motivaci\u00f3n y esp\u00edritu musical con el fin de divertirse y conseguir actuar en espacios culturales normalizados&hellip; Continue reading &ldquo;BANDA DE PERCUSI\u00d3N DIVERSIDARTE&rdquo;&hellip;","og_url":"https:\/\/poten100mos.org\/gl\/banda-percusion\/","og_site_name":"Asociacion Poten100mos","article_publisher":"https:\/\/www.facebook.com\/poten100mos\/","article_modified_time":"2024-01-30T13:16:27+00:00","og_image":[{"url":"https:\/\/poten100mos.org\/wp-content\/uploads\/2022\/10\/Foto-concierto-18-Junio-2.jpeg"}],"twitter_card":"summary_large_image","twitter_misc":{"Tempo de lectura":"4 minutos"},"schema":{"@context":"https:\/\/schema.org","@graph":[{"@type":"WebPage","@id":"https:\/\/poten100mos.org\/banda-percusion\/","url":"https:\/\/poten100mos.org\/banda-percusion\/","name":"BANDA DE PERCUSI\u00d3N DIVERSIDARTE | Asociacion Poten100mos","isPartOf":{"@id":"https:\/\/poten100mos.org\/#website"},"datePublished":"2022-10-23T11:37:50+00:00","dateModified":"2024-01-30T13:16:27+00:00","breadcrumb":{"@id":"https:\/\/poten100mos.org\/banda-percusion\/#breadcrumb"},"inLanguage":"gl-ES","potentialAction":[{"@type":"ReadAction","target":["https:\/\/poten100mos.org\/banda-percusion\/"]}]},{"@type":"BreadcrumbList","@id":"https:\/\/poten100mos.org\/banda-percusion\/#breadcrumb","itemListElement":[{"@type":"ListItem","position":1,"name":"Portada","item":"https:\/\/poten100mos.org\/"},{"@type":"ListItem","position":2,"name":"BANDA DE PERCUSI\u00d3N DIVERSIDARTE"}]},{"@type":"WebSite","@id":"https:\/\/poten100mos.org\/#website","url":"https:\/\/poten100mos.org\/","name":"Asociacion Poten100mos","description":"P\u00e1gina web de la Asociaci\u00f3n Poten100mos","publisher":{"@id":"https:\/\/poten100mos.org\/#organization"},"potentialAction":[{"@type":"SearchAction","target":{"@type":"EntryPoint","urlTemplate":"https:\/\/poten100mos.org\/?s={search_term_string}"},"query-input":"required name=search_term_string"}],"inLanguage":"gl-ES"},{"@type":"Organization","@id":"https:\/\/poten100mos.org\/#organization","name":"Asociaci\u00f3n Poten100mos","url":"https:\/\/poten100mos.org\/","logo":{"@type":"ImageObject","inLanguage":"gl-ES","@id":"https:\/\/poten100mos.org\/#\/schema\/logo\/image\/","url":"https:\/\/poten100mos.org\/wp-content\/uploads\/2019\/07\/Poten100mos-Logo-peq.png","contentUrl":"https:\/\/poten100mos.org\/wp-content\/uploads\/2019\/07\/Poten100mos-Logo-peq.png","width":400,"height":400,"caption":"Asociaci\u00f3n Poten100mos"},"image":{"@id":"https:\/\/poten100mos.org\/#\/schema\/logo\/image\/"},"sameAs":["https:\/\/www.facebook.com\/poten100mos\/","https:\/\/www.instagram.com\/poten100mos\/"]}]}},"_links":{"self":[{"href":"https:\/\/poten100mos.org\/gl\/wp-json\/wp\/v2\/pages\/2772"}],"collection":[{"href":"https:\/\/poten100mos.org\/gl\/wp-json\/wp\/v2\/pages"}],"about":[{"href":"https:\/\/poten100mos.org\/gl\/wp-json\/wp\/v2\/types\/page"}],"author":[{"embeddable":true,"href":"https:\/\/poten100mos.org\/gl\/wp-json\/wp\/v2\/users\/1"}],"replies":[{"embeddable":true,"href":"https:\/\/poten100mos.org\/gl\/wp-json\/wp\/v2\/comments?post=2772"}],"version-history":[{"count":9,"href":"https:\/\/poten100mos.org\/gl\/wp-json\/wp\/v2\/pages\/2772\/revisions"}],"predecessor-version":[{"id":3111,"href":"https:\/\/poten100mos.org\/gl\/wp-json\/wp\/v2\/pages\/2772\/revisions\/3111"}],"wp:attachment":[{"href":"https:\/\/poten100mos.org\/gl\/wp-json\/wp\/v2\/media?parent=2772"}],"curies":[{"name":"wp","href":"https:\/\/api.w.org\/{rel}","templated":true}]}}