{"id":2801,"date":"2022-10-24T13:33:03","date_gmt":"2022-10-24T12:33:03","guid":{"rendered":"https:\/\/poten100mos.org\/?page_id=2801"},"modified":"2022-10-24T13:33:03","modified_gmt":"2022-10-24T12:33:03","slug":"banda-de-percusion-diversidarte","status":"publish","type":"page","link":"https:\/\/poten100mos.org\/gl\/banda-de-percusion-diversidarte\/","title":{"rendered":"BANDA DE PERCUSI\u00d3N DIVERSIDARTE"},"content":{"rendered":"<img decoding=\"async\" loading=\"lazy\" src=\"https:\/\/poten100mos.org\/wp-content\/uploads\/2022\/10\/Foto-concierto-18-Junio-2.jpeg\" alt=\"concierto\" itemprop=\"image\" height=\"948\" width=\"2560\" title=\"faldon facebokk\" onerror=\"this.style.display='none'\"  \/>\r\n\r\n<p><\/p>\r\n\r\n<p>Desde o 2022, a nosa Asociaci\u00f3n Poten100mos, organizou e ensaio duro para crear unha banda de percusi\u00f3n formada por persoas con distintas diversidades con aut\u00e9ntica motivaci\u00f3n e esp\u00edrito musical, co fin de divertirse e conseguir actuar en espazos culturais normalizados da cidade da Coru\u00f1a.\r\n<p><\/p>\r\nE as\u00ed coa vocaci\u00f3n de seguir m\u00e1is al\u00f3, esta banda continuou actuando noutros espazos fose e dentro da Coru\u00f1a como banda profesional cun cach\u00e9.\r\n<p><\/p>\r\n\u00c9 un proxecto onde desde o seu principio ao seu final \u00e9 producido, dese\u00f1ado, conducido e executado polas persoas participantes a trav\u00e9s das diferentes entidades colaboradoras que traballan con persoas con diferentes capacidades visuais; intelectuais; enfermidades reumatol\u00f3xicas; diversidade sexual e outros colectivos en situaci\u00f3n de exclusi\u00f3n social.\r\n<p><\/p>\r\nAdemais do grupo de ensaio, form\u00e1ronse grupos de Comunicaci\u00f3n do proxecto e Organizaci\u00f3n de eventos accesibles (apoio \u00e1 mobilidade, mochilas vibratorias con FM para persoas xordas, etc) .\r\n<p><\/p>\r\nAdemais, continuamos co labor de \u201cEducaci\u00f3n social\u201d para difundir en espazos educativos o concepto de Diversidade en toda a s\u00faa amplitude e que \u00e9 ser \u201cnormal\u201d.\r\n<p><\/p>\r\nA finalidade deste proxecto \u00e9, por tanto, sinxela: gozar da m\u00fasica, comunicar, organizar unha actuaci\u00f3n e crear unha experiencia accesible para todxs as\u00ed como a profesionalizaci\u00f3n dunha banda de m\u00fasica propiamente inclusiva e diversa.\t<\/p>\r\n<p><\/p>\r\n\r\n\t\t\t\t<img decoding=\"async\" loading=\"lazy\" src=\"https:\/\/poten100mos.org\/wp-content\/uploads\/2022\/10\/Foto-Grupo-completo.jpg\" alt=\"Grupo percusion\" itemprop=\"image\" height=\"816\" width=\"1224\" title=\"Grupo percusi\u00f3n\" onerror=\"this.style.display='none'\" \t\t\t\t\r\n\r\n<p><\/p>\r\n\r\n<p><strong><em>Financian:<\/em><\/strong><\/p>\r\n\r\n\t\t\t\t<img decoding=\"async\" loading=\"lazy\" src=\"https:\/\/poten100mos.org\/wp-content\/uploads\/2020\/12\/1.png\" alt=\"1\" itemprop=\"image\" height=\"150\" width=\"150\" title=\"1\" onerror=\"this.style.display='none'\"  \/>\r\n\t\t\t\t<img decoding=\"async\" loading=\"lazy\" src=\"https:\/\/poten100mos.org\/wp-content\/uploads\/2020\/12\/2.png\" alt=\"2\" itemprop=\"image\" height=\"150\" width=\"150\" title=\"2\" onerror=\"this.style.display='none'\"  \/>\r\n<img decoding=\"async\" loading=\"lazy\" src=\"https:\/\/poten100mos.org\/wp-content\/uploads\/2022\/10\/Logo-Cultura-Inclusiva-Emalcsa.png\"  itemprop=\"image\" height=\"150\" width=\"150\" title=\"8\" onerror=\"this.style.display='none'\" \/>\r\n<p><\/p>\r\n\r\n\t<p><strong><em>Coa colaboraci\u00f3n de:<\/em><\/strong><\/p>\r\n\r\n\t\t\t\t\r\n\t\t\t\t<img decoding=\"async\" loading=\"lazy\" src=\"https:\/\/poten100mos.org\/wp-content\/uploads\/2020\/12\/logos-poten100mos-def-1.png\" alt=\"logos poten100mos def (1)\" itemprop=\"image\" height=\"150\" width=\"150\" title=\"logos poten100mos def (1)\" onerror=\"this.style.display='none'\"  \/>\r\n\t\t\t\t<img decoding=\"async\" loading=\"lazy\" src=\"https:\/\/poten100mos.org\/wp-content\/uploads\/2020\/12\/logos-poten100mos-def.png\" alt=\"logos poten100mos def\" itemprop=\"image\" height=\"150\" width=\"150\" title=\"logos poten100mos def\" onerror=\"this.style.display='none'\"  \/>\r\n\r\n<p><\/p>\r\n\t\r\n\t<p><strong><em>Entidades sociais colaboradoras:<\/em><\/strong><\/p>\r\n\t\t\t\t\r\n\t\t\t\t<img decoding=\"async\" loading=\"lazy\" src=\"https:\/\/poten100mos.org\/wp-content\/uploads\/2020\/12\/11-1.png\" alt=\"11\" itemprop=\"image\" height=\"150\" width=\"150\" title=\"11\" onerror=\"this.style.display='none'\"  \/>\r\n\t\t\t\t<img decoding=\"async\" loading=\"lazy\" src=\"https:\/\/poten100mos.org\/wp-content\/uploads\/2020\/12\/10-1.png\" alt=\"10\" itemprop=\"image\" height=\"150\" width=\"150\" title=\"10\" onerror=\"this.style.display='none'\"  \/>\r\n\t\t\t\t<img decoding=\"async\" loading=\"lazy\" src=\"https:\/\/poten100mos.org\/wp-content\/uploads\/2020\/12\/5-1.png\" alt=\"5\" itemprop=\"image\" height=\"150\" width=\"150\" title=\"5\" onerror=\"this.style.display='none'\"  \/>\r\n\t\t\t\t<img decoding=\"async\" loading=\"lazy\" src=\"https:\/\/poten100mos.org\/wp-content\/uploads\/2020\/12\/8-1.png\" alt=\"8\" itemprop=\"image\" height=\"150\" width=\"150\" title=\"8\" onerror=\"this.style.display='none'\"  \/>\r\n\t\t\t\t<img decoding=\"async\" loading=\"lazy\" src=\"https:\/\/poten100mos.org\/wp-content\/uploads\/2022\/10\/logo-Pascual-Veiga-scaled.jpg\"  itemprop=\"image\" height=\"150\" width=\"150\" title=\"8\" onerror=\"this.style.display='none'\" \/>\r\n<img decoding=\"async\" loading=\"lazy\" src=\"https:\/\/poten100mos.org\/wp-content\/uploads\/2022\/10\/logo_aspronaga.jpeg\"  itemprop=\"image\" height=\"150\" width=\"150\" title=\"8\" onerror=\"this.style.display='none'\" \/>","protected":false},"excerpt":{"rendered":"<div class=\"entry-summary\">\n<div class=\"entry-summary\">\nDesde o 2022, a nosa Asociaci\u00f3n Poten100mos, organizou e ensaio duro para crear unha banda de percusi\u00f3n formada por persoas con distintas diversidades con aut\u00e9ntica motivaci\u00f3n e esp\u00edrito musical, co fin de divertirse e conseguir actuar en espazos culturais normalizados&hellip;\n<\/div>\n<div class=\"link-more\"><a href=\"https:\/\/poten100mos.org\/gl\/banda-de-percusion-diversidarte\/\" class=\"more-link\">Continue reading<span class=\"screen-reader-text\"> &ldquo;BANDA DE PERCUSI\u00d3N DIVERSIDARTE&rdquo;<\/span>&hellip;<\/a><\/div>\n<\/div>\n<div class=\"link-more\"><a href=\"https:\/\/poten100mos.org\/gl\/banda-de-percusion-diversidarte\/\" class=\"more-link\">Continue reading<span class=\"screen-reader-text\"> &ldquo;BANDA DE PERCUSI\u00d3N DIVERSIDARTE&rdquo;<\/span>&hellip;<\/a><\/div>","protected":false},"author":1,"featured_media":0,"parent":0,"menu_order":0,"comment_status":"closed","ping_status":"closed","template":"","meta":{"footnotes":""},"acf":[],"yoast_head":"<!-- This site is optimized with the Yoast SEO plugin v21.4 - https:\/\/yoast.com\/wordpress\/plugins\/seo\/ -->\n<title>BANDA DE PERCUSI\u00d3N DIVERSIDARTE | Asociacion Poten100mos<\/title>\n<meta name=\"robots\" content=\"index, follow, max-snippet:-1, max-image-preview:large, max-video-preview:-1\" \/>\n<link rel=\"canonical\" href=\"https:\/\/poten100mos.org\/gl\/banda-de-percusion-diversidarte\/\" \/>\n<meta property=\"og:locale\" content=\"gl_ES\" \/>\n<meta property=\"og:type\" content=\"article\" \/>\n<meta property=\"og:title\" content=\"BANDA DE PERCUSI\u00d3N DIVERSIDARTE | Asociacion Poten100mos\" \/>\n<meta property=\"og:description\" content=\"Desde o 2022, a nosa Asociaci\u00f3n Poten100mos, organizou e ensaio duro para crear unha banda de percusi\u00f3n formada por persoas con distintas diversidades con aut\u00e9ntica motivaci\u00f3n e esp\u00edrito musical, co fin de divertirse e conseguir actuar en espazos culturais normalizados&hellip; Continue reading &ldquo;BANDA DE PERCUSI\u00d3N DIVERSIDARTE&rdquo;&hellip;\" \/>\n<meta property=\"og:url\" content=\"https:\/\/poten100mos.org\/gl\/banda-de-percusion-diversidarte\/\" \/>\n<meta property=\"og:site_name\" content=\"Asociacion Poten100mos\" \/>\n<meta property=\"article:publisher\" content=\"https:\/\/www.facebook.com\/poten100mos\/\" \/>\n<meta property=\"og:image\" content=\"https:\/\/poten100mos.org\/wp-content\/uploads\/2022\/10\/Foto-concierto-18-Junio-2.jpeg\" \/>\n<meta name=\"twitter:card\" content=\"summary_large_image\" \/>\n<meta name=\"twitter:label1\" content=\"Tempo de lectura\" \/>\n\t<meta name=\"twitter:data1\" content=\"1 minuto\" \/>\n<script type=\"application\/ld+json\" class=\"yoast-schema-graph\">{\"@context\":\"https:\/\/schema.org\",\"@graph\":[{\"@type\":\"WebPage\",\"@id\":\"https:\/\/poten100mos.org\/gl\/banda-de-percusion-diversidarte\/\",\"url\":\"https:\/\/poten100mos.org\/gl\/banda-de-percusion-diversidarte\/\",\"name\":\"BANDA DE PERCUSI\u00d3N DIVERSIDARTE | Asociacion Poten100mos\",\"isPartOf\":{\"@id\":\"https:\/\/poten100mos.org\/#website\"},\"datePublished\":\"2022-10-24T12:33:03+00:00\",\"dateModified\":\"2022-10-24T12:33:03+00:00\",\"breadcrumb\":{\"@id\":\"https:\/\/poten100mos.org\/gl\/banda-de-percusion-diversidarte\/#breadcrumb\"},\"inLanguage\":\"gl-ES\",\"potentialAction\":[{\"@type\":\"ReadAction\",\"target\":[\"https:\/\/poten100mos.org\/gl\/banda-de-percusion-diversidarte\/\"]}]},{\"@type\":\"BreadcrumbList\",\"@id\":\"https:\/\/poten100mos.org\/gl\/banda-de-percusion-diversidarte\/#breadcrumb\",\"itemListElement\":[{\"@type\":\"ListItem\",\"position\":1,\"name\":\"Portada\",\"item\":\"https:\/\/poten100mos.org\/\"},{\"@type\":\"ListItem\",\"position\":2,\"name\":\"BANDA DE PERCUSI\u00d3N DIVERSIDARTE\"}]},{\"@type\":\"WebSite\",\"@id\":\"https:\/\/poten100mos.org\/#website\",\"url\":\"https:\/\/poten100mos.org\/\",\"name\":\"Asociacion Poten100mos\",\"description\":\"P\u00e1gina web de la Asociaci\u00f3n Poten100mos\",\"publisher\":{\"@id\":\"https:\/\/poten100mos.org\/#organization\"},\"potentialAction\":[{\"@type\":\"SearchAction\",\"target\":{\"@type\":\"EntryPoint\",\"urlTemplate\":\"https:\/\/poten100mos.org\/?s={search_term_string}\"},\"query-input\":\"required name=search_term_string\"}],\"inLanguage\":\"gl-ES\"},{\"@type\":\"Organization\",\"@id\":\"https:\/\/poten100mos.org\/#organization\",\"name\":\"Asociaci\u00f3n Poten100mos\",\"url\":\"https:\/\/poten100mos.org\/\",\"logo\":{\"@type\":\"ImageObject\",\"inLanguage\":\"gl-ES\",\"@id\":\"https:\/\/poten100mos.org\/#\/schema\/logo\/image\/\",\"url\":\"https:\/\/poten100mos.org\/wp-content\/uploads\/2019\/07\/Poten100mos-Logo-peq.png\",\"contentUrl\":\"https:\/\/poten100mos.org\/wp-content\/uploads\/2019\/07\/Poten100mos-Logo-peq.png\",\"width\":400,\"height\":400,\"caption\":\"Asociaci\u00f3n Poten100mos\"},\"image\":{\"@id\":\"https:\/\/poten100mos.org\/#\/schema\/logo\/image\/\"},\"sameAs\":[\"https:\/\/www.facebook.com\/poten100mos\/\",\"https:\/\/www.instagram.com\/poten100mos\/\"]}]}<\/script>\n<!-- \/ Yoast SEO plugin. -->","yoast_head_json":{"title":"BANDA DE PERCUSI\u00d3N DIVERSIDARTE | Asociacion Poten100mos","robots":{"index":"index","follow":"follow","max-snippet":"max-snippet:-1","max-image-preview":"max-image-preview:large","max-video-preview":"max-video-preview:-1"},"canonical":"https:\/\/poten100mos.org\/gl\/banda-de-percusion-diversidarte\/","og_locale":"gl_ES","og_type":"article","og_title":"BANDA DE PERCUSI\u00d3N DIVERSIDARTE | Asociacion Poten100mos","og_description":"Desde o 2022, a nosa Asociaci\u00f3n Poten100mos, organizou e ensaio duro para crear unha banda de percusi\u00f3n formada por persoas con distintas diversidades con aut\u00e9ntica motivaci\u00f3n e esp\u00edrito musical, co fin de divertirse e conseguir actuar en espazos culturais normalizados&hellip; Continue reading &ldquo;BANDA DE PERCUSI\u00d3N DIVERSIDARTE&rdquo;&hellip;","og_url":"https:\/\/poten100mos.org\/gl\/banda-de-percusion-diversidarte\/","og_site_name":"Asociacion Poten100mos","article_publisher":"https:\/\/www.facebook.com\/poten100mos\/","og_image":[{"url":"https:\/\/poten100mos.org\/wp-content\/uploads\/2022\/10\/Foto-concierto-18-Junio-2.jpeg"}],"twitter_card":"summary_large_image","twitter_misc":{"Tempo de lectura":"1 minuto"},"schema":{"@context":"https:\/\/schema.org","@graph":[{"@type":"WebPage","@id":"https:\/\/poten100mos.org\/gl\/banda-de-percusion-diversidarte\/","url":"https:\/\/poten100mos.org\/gl\/banda-de-percusion-diversidarte\/","name":"BANDA DE PERCUSI\u00d3N DIVERSIDARTE | Asociacion Poten100mos","isPartOf":{"@id":"https:\/\/poten100mos.org\/#website"},"datePublished":"2022-10-24T12:33:03+00:00","dateModified":"2022-10-24T12:33:03+00:00","breadcrumb":{"@id":"https:\/\/poten100mos.org\/gl\/banda-de-percusion-diversidarte\/#breadcrumb"},"inLanguage":"gl-ES","potentialAction":[{"@type":"ReadAction","target":["https:\/\/poten100mos.org\/gl\/banda-de-percusion-diversidarte\/"]}]},{"@type":"BreadcrumbList","@id":"https:\/\/poten100mos.org\/gl\/banda-de-percusion-diversidarte\/#breadcrumb","itemListElement":[{"@type":"ListItem","position":1,"name":"Portada","item":"https:\/\/poten100mos.org\/"},{"@type":"ListItem","position":2,"name":"BANDA DE PERCUSI\u00d3N DIVERSIDARTE"}]},{"@type":"WebSite","@id":"https:\/\/poten100mos.org\/#website","url":"https:\/\/poten100mos.org\/","name":"Asociacion Poten100mos","description":"P\u00e1gina web de la Asociaci\u00f3n Poten100mos","publisher":{"@id":"https:\/\/poten100mos.org\/#organization"},"potentialAction":[{"@type":"SearchAction","target":{"@type":"EntryPoint","urlTemplate":"https:\/\/poten100mos.org\/?s={search_term_string}"},"query-input":"required name=search_term_string"}],"inLanguage":"gl-ES"},{"@type":"Organization","@id":"https:\/\/poten100mos.org\/#organization","name":"Asociaci\u00f3n Poten100mos","url":"https:\/\/poten100mos.org\/","logo":{"@type":"ImageObject","inLanguage":"gl-ES","@id":"https:\/\/poten100mos.org\/#\/schema\/logo\/image\/","url":"https:\/\/poten100mos.org\/wp-content\/uploads\/2019\/07\/Poten100mos-Logo-peq.png","contentUrl":"https:\/\/poten100mos.org\/wp-content\/uploads\/2019\/07\/Poten100mos-Logo-peq.png","width":400,"height":400,"caption":"Asociaci\u00f3n Poten100mos"},"image":{"@id":"https:\/\/poten100mos.org\/#\/schema\/logo\/image\/"},"sameAs":["https:\/\/www.facebook.com\/poten100mos\/","https:\/\/www.instagram.com\/poten100mos\/"]}]}},"_links":{"self":[{"href":"https:\/\/poten100mos.org\/gl\/wp-json\/wp\/v2\/pages\/2801"}],"collection":[{"href":"https:\/\/poten100mos.org\/gl\/wp-json\/wp\/v2\/pages"}],"about":[{"href":"https:\/\/poten100mos.org\/gl\/wp-json\/wp\/v2\/types\/page"}],"author":[{"embeddable":true,"href":"https:\/\/poten100mos.org\/gl\/wp-json\/wp\/v2\/users\/1"}],"replies":[{"embeddable":true,"href":"https:\/\/poten100mos.org\/gl\/wp-json\/wp\/v2\/comments?post=2801"}],"version-history":[{"count":1,"href":"https:\/\/poten100mos.org\/gl\/wp-json\/wp\/v2\/pages\/2801\/revisions"}],"predecessor-version":[{"id":2802,"href":"https:\/\/poten100mos.org\/gl\/wp-json\/wp\/v2\/pages\/2801\/revisions\/2802"}],"wp:attachment":[{"href":"https:\/\/poten100mos.org\/gl\/wp-json\/wp\/v2\/media?parent=2801"}],"curies":[{"name":"wp","href":"https:\/\/api.w.org\/{rel}","templated":true}]}}