{"id":2881,"date":"2023-05-24T06:58:20","date_gmt":"2023-05-24T05:58:20","guid":{"rendered":"https:\/\/poten100mos.org\/?page_id=2881"},"modified":"2024-01-29T13:15:44","modified_gmt":"2024-01-29T12:15:44","slug":"inclusion","status":"publish","type":"page","link":"https:\/\/poten100mos.org\/gl\/inclusion\/","title":{"rendered":"Inclusi\u00f3n"},"content":{"rendered":"<h2>\n\t\tINCLUSI\u00d3N\n\t<\/h2>\n\t<p>En Poten100mos dedic\u00e1monos diariamente ao desenvolvemento persoal e \u00e1 inclusi\u00f3n sociolaboral das persoas en situaci\u00f3n de vulnerabilidade f\u00edsica, ps\u00edquica e\/ou social. Traballamos en colaboraci\u00f3n con diversos axentes sociais e utilizamos ferramentas innovadoras e eficaces para xerar un cambio positivo aut\u00e9ntico nas s\u00faas vidas e comunidades.<\/p>\n<p>O noso enfoque c\u00e9ntrase en empoderar \u00e1s persoas e proporcionarlles as ferramentas necesarias para converterse en axentes de cambio social, incidindo positivamente no seu entorno e no benestar das s\u00faas familias e proxectos vitais.<\/p>\n\nA trav\u00e9s de diferentes proxectos e actividades promovemos a inclusi\u00f3n destas persoas na nosa sociedade, atendendo \u00e1s s\u00faas necesidades b\u00e1sicas como o emprego, a vivenda, o apoio \u00e1 conciliaci\u00f3n da vida laboral e familiar e o seu propio desenvolvemento persoal.\n<h3>\n\t\tPROGRAMA COMPLETO DE TRANSICI\u00d3N AO EMPLEO\n\t<\/h3>\n<p>Se buscas emprego e te atopas nunha situaci\u00f3n de exclusi\u00f3n social, queremos ser o teu apoio. Ofrec\u00e9monos para reforzar as competencias m\u00e1is solicitadas no mercado laboral segundo o teu perfil profesional, mellorando a t\u00faa empregabilidade mediante un seguimento personalizado na t\u00faa busca de emprego.<\/p>\n<p>Nos enfocamos en reforzar tus habilidades personales, superar tus temores, elevar tu autoestima y cualquier habilidad social necesaria para alcanzar el e\u0301xito.<\/p>\n\t\t\t\t<img decoding=\"async\" loading=\"lazy\" src=\"https:\/\/poten100mos.org\/wp-content\/uploads\/2023\/09\/Foto-Empleo.jpg\" alt=\"Foto Empleo\" itemprop=\"image\" height=\"1600\" width=\"1280\" title=\"Foto Empleo\" onerror=\"this.style.display='none'\"  \/>\n<h3>\n\t\tSESIONES \u00abIMPRESIONA\u00bb\n\t<\/h3>\n<p>Se es unha muller que se atopa nunha situaci\u00f3n de exclusi\u00f3n social e desemprego, temos unha sesi\u00f3n especial chamada Impressa, pensada para axudarche.<\/p>\n<p>Nesta sesi\u00f3n non s\u00f3 recibir\u00e1s ferramentas para afrontar a t\u00faa pr\u00f3xima entrevista de traballo da man dun experto en Recursos Humanos dunha empresa e do noso especialista en orientaci\u00f3n laboral, sen\u00f3n que tam\u00e9n poremos \u00e1 t\u00faa disposici\u00f3n un equipo de estilistas que che asesorar\u00e1n. . Ademais, como agasallo especial, proporcionar\u00e9mosche roupa nova e adecuada para garantir que a t\u00faa pr\u00f3xima entrevista sexa un \u00e9xito.<\/p>\n<p>\u00a1Estamos aqu\u00ed para apoiarte!<\/p>\n\t\t\t\t<img decoding=\"async\" loading=\"lazy\" src=\"https:\/\/poten100mos.org\/wp-content\/uploads\/2023\/07\/Impresiona-Imagen-2023.jpg\" alt=\"Impresiona Imagen 2023\" itemprop=\"image\" height=\"268\" width=\"567\" onerror=\"this.style.display='none'\"  \/>\n<h3>\n\t\tFINANCIADO POR\n\t<\/h3>\n\t\t\t\t<img decoding=\"async\" loading=\"lazy\" src=\"https:\/\/poten100mos.org\/wp-content\/uploads\/2024\/01\/Poten100mos-CARTEL_FSE_2023_B3_Inmigracion_240119.png\" alt=\"Poten100mos-CARTEL_FSE+_2023_B3_Inmigracion_240119\" itemprop=\"image\" height=\"721\" width=\"1142\" title=\"Poten100mos-CARTEL_FSE+_2023_B3_Inmigracion_240119\" onerror=\"this.style.display='none'\"  \/>\n\t\t\t\t<img decoding=\"async\" loading=\"lazy\" src=\"https:\/\/poten100mos.org\/wp-content\/uploads\/2024\/01\/logo-ayuntamiento.png\" alt=\"logo ayuntamiento\" itemprop=\"image\" height=\"118\" width=\"472\" title=\"logo ayuntamiento\" onerror=\"this.style.display='none'\"  \/>\n<h3>\n\t\tGRAZAS A\n\t<\/h3>\n\t\t\t\t<img decoding=\"async\" loading=\"lazy\" src=\"https:\/\/poten100mos.org\/wp-content\/uploads\/2021\/11\/Logo-Caixa.png\" alt=\"Logo-Caixa\" itemprop=\"image\" height=\"150\" width=\"150\" title=\"Logo-Caixa\" onerror=\"this.style.display='none'\"  \/>\n\t\t\t\t<img decoding=\"async\" loading=\"lazy\" src=\"https:\/\/poten100mos.org\/wp-content\/uploads\/2020\/06\/Logo-Marineda-Grande.jpg\" alt=\"Logo Marineda Grande\" itemprop=\"image\" height=\"445\" width=\"1679\" title=\"Logo Marineda Grande\" onerror=\"this.style.display='none'\"  \/>\n<h3>\n\t\tINCLUSION B\u00c1SICA Y DESARROLLO PERSONAL\n\t<\/h3>\n<p>Si te encuentras en una situaci\u00f3n de exclusi\u00f3n severa, en un proceso vital m\u00e1s complejo y a\u00fan no est\u00e1s listo para comenzar a buscar empleo de manera profunda, o si necesitas reorganizar tu vida en profundidad y encontrar los recursos necesarios para ello, en Poten100mos estaremos contigo para acompa\u00f1arte y apoyarte en dicho proceso.<\/p>\n<p>Este proceso comienza contigo mismo\/a y te proporcionaremos todo nuestro apoyo y las herramientas que puedas necesitar para encontrar la soluci\u00f3n que te permita desarrollar tu propio proyecto de vida y alcanzar la calidad de vida que necesitas.<\/p>\n\t\t\t\t<img decoding=\"async\" loading=\"lazy\" src=\"https:\/\/poten100mos.org\/wp-content\/uploads\/2023\/07\/Foto-desarrollo-personal.png\" alt=\"Foto desarrollo personal\" itemprop=\"image\" height=\"377\" width=\"567\" title=\"Foto desarrollo personal\" onerror=\"this.style.display='none'\"  \/>\n<h3>\n\t\tFINANCIADO POR\n\t<\/h3>\n\t\t\t\t<img decoding=\"async\" loading=\"lazy\" src=\"https:\/\/poten100mos.org\/wp-content\/uploads\/2024\/01\/Poten100mos-CARTEL_FSE_2023_B3_Inmigracion_240119.png\" alt=\"Poten100mos-CARTEL_FSE+_2023_B3_Inmigracion_240119\" itemprop=\"image\" height=\"721\" width=\"1142\" title=\"Poten100mos-CARTEL_FSE+_2023_B3_Inmigracion_240119\" onerror=\"this.style.display='none'\"  \/>\n<h3>\n\t\tINCLUSI\u00d3N RESIDENCIAL\n\t<\/h3>\n<p>Se te atopas nunha situaci\u00f3n de exclusi\u00f3n social e vulnerabilidade, e tam\u00e9n est\u00e1s a vivir a dif\u00edcil crise do mercado de aluguer de vivendas, debes saber que estamos para axudarte. Se cumpre os requisitos m\u00ednimos solicitados no mercado (por exemplo, ter algu\u00e9n que poida ser o seu avalista e que cumpra os requisitos do seguro de impago, ter di\u00f1eiro suficiente para cubrir o dep\u00f3sito e ter capacidade econ\u00f3mica axeitada para facer fronte \u00e1s mensualidades), podemos ofrecerlle un apoio exhaustivo na s\u00faa procura diaria de vivenda en aluguer, as\u00ed como mediaci\u00f3n e asistencia durante todo o proceso de transici\u00f3n cara a unha vivenda estable.<\/p>\n\t\t\t\t<img decoding=\"async\" loading=\"lazy\" src=\"https:\/\/poten100mos.org\/wp-content\/uploads\/2023\/07\/Foto-vivienda.jpg\" alt=\"Mujer con ni\u00f1o sonriendo\" itemprop=\"image\" height=\"1440\" width=\"810\" onerror=\"this.style.display='none'\"  \/>\n<h3>\n\t\tFINANCIADO POR\n\t<\/h3>\n\t\t\t\t<img decoding=\"async\" loading=\"lazy\" src=\"https:\/\/poten100mos.org\/wp-content\/uploads\/2024\/01\/Poten100mos-CARTEL_FSE_2023_B3_Inmigracion_240119.png\" alt=\"Poten100mos-CARTEL_FSE+_2023_B3_Inmigracion_240119\" itemprop=\"image\" height=\"721\" width=\"1142\" title=\"Poten100mos-CARTEL_FSE+_2023_B3_Inmigracion_240119\" onerror=\"this.style.display='none'\"  \/>\n<h3>\n\t\tCONCILIACI\u00d3N\n\t<\/h3>\n<p>Se te atopas nunha situaci\u00f3n de exclusi\u00f3n social e tam\u00e9n en situaci\u00f3n de precariedade laboral ou buscas emprego ou participas nalg\u00fan dos nosos programas de inclusi\u00f3n, e necesitas apoio para conciliar o coidado dos teus fillos de entre 4 e 11 anos, ofrecerache un recurso que che permitir\u00e1 conciliar e, ademais, aportaremos o reforzo escolar e actividades como teatro, m\u00fasica, relaxaci\u00f3n e desenvolvemento de habilidades sociais, imprescindibles para os teus fillos.<\/p>\n\t\t\t\t<img decoding=\"async\" loading=\"lazy\" src=\"https:\/\/poten100mos.org\/wp-content\/uploads\/2023\/08\/Foto-conciliacion.png\" alt=\"Foto conciliacion\" itemprop=\"image\" height=\"1414\" width=\"2000\" title=\"Foto conciliacion\" onerror=\"this.style.display='none'\"  \/>\n<h3>\n\t\tFINANCIADO POR\n\t<\/h3>\n\t\t\t\t<img decoding=\"async\" loading=\"lazy\" src=\"https:\/\/poten100mos.org\/wp-content\/uploads\/2024\/01\/Poten100mos-CARTEL_FSE_2023_B3_Inmigracion_240119.png\" alt=\"Poten100mos-CARTEL_FSE+_2023_B3_Inmigracion_240119\" itemprop=\"image\" height=\"721\" width=\"1142\" title=\"Poten100mos-CARTEL_FSE+_2023_B3_Inmigracion_240119\" onerror=\"this.style.display='none'\"  \/>","protected":false},"excerpt":{"rendered":"<div class=\"entry-summary\">\n<div class=\"entry-summary\">\nINCLUSI\u00d3N En Poten100mos, nos dedicamos diariamente al desarrollo personal y la inclusi\u00f3n sociolaboral de personas en situaci\u00f3n de vulnerabilidad f\u00edsica, ps\u00edquica y\/o social. Trabajamos en colaboraci\u00f3n con diversos agentes sociales y utilizamos herramientas innovadoras y eficaces para generar un aut\u00e9ntico&hellip;\n<\/div>\n<div class=\"link-more\"><a href=\"https:\/\/poten100mos.org\/gl\/inclusion\/\" class=\"more-link\">Continue reading<span class=\"screen-reader-text\"> &ldquo;Inclusi\u00f3n&rdquo;<\/span>&hellip;<\/a><\/div>\n<\/div>\n<div class=\"link-more\"><a href=\"https:\/\/poten100mos.org\/gl\/inclusion\/\" class=\"more-link\">Continue reading<span class=\"screen-reader-text\"> &ldquo;Inclusi\u00f3n&rdquo;<\/span>&hellip;<\/a><\/div>","protected":false},"author":1,"featured_media":0,"parent":0,"menu_order":0,"comment_status":"closed","ping_status":"closed","template":"templates\/no-intro.php","meta":{"footnotes":""},"acf":[],"yoast_head":"<!-- This site is optimized with the Yoast SEO plugin v21.4 - https:\/\/yoast.com\/wordpress\/plugins\/seo\/ -->\n<title>Inclusi\u00f3n | Asociacion Poten100mos<\/title>\n<meta name=\"robots\" content=\"index, follow, max-snippet:-1, max-image-preview:large, max-video-preview:-1\" \/>\n<link rel=\"canonical\" href=\"https:\/\/poten100mos.org\/gl\/inclusion\/\" \/>\n<meta property=\"og:locale\" content=\"gl_ES\" \/>\n<meta property=\"og:type\" content=\"article\" \/>\n<meta property=\"og:title\" content=\"Inclusi\u00f3n | Asociacion Poten100mos\" \/>\n<meta property=\"og:description\" content=\"INCLUSI\u00d3N En Poten100mos, nos dedicamos diariamente al desarrollo personal y la inclusi\u00f3n sociolaboral de personas en situaci\u00f3n de vulnerabilidad f\u00edsica, ps\u00edquica y\/o social. Trabajamos en colaboraci\u00f3n con diversos agentes sociales y utilizamos herramientas innovadoras y eficaces para generar un aut\u00e9ntico&hellip; Continue reading &ldquo;Inclusi\u00f3n&rdquo;&hellip;\" \/>\n<meta property=\"og:url\" content=\"https:\/\/poten100mos.org\/gl\/inclusion\/\" \/>\n<meta property=\"og:site_name\" content=\"Asociacion Poten100mos\" \/>\n<meta property=\"article:publisher\" content=\"https:\/\/www.facebook.com\/poten100mos\/\" \/>\n<meta property=\"article:modified_time\" content=\"2024-01-29T12:15:44+00:00\" \/>\n<meta property=\"og:image\" content=\"https:\/\/poten100mos.org\/wp-content\/uploads\/2023\/09\/Foto-Empleo.jpg\" \/>\n<meta name=\"twitter:card\" content=\"summary_large_image\" \/>\n<script type=\"application\/ld+json\" class=\"yoast-schema-graph\">{\"@context\":\"https:\/\/schema.org\",\"@graph\":[{\"@type\":\"WebPage\",\"@id\":\"https:\/\/poten100mos.org\/inclusion\/\",\"url\":\"https:\/\/poten100mos.org\/inclusion\/\",\"name\":\"Inclusi\u00f3n | Asociacion Poten100mos\",\"isPartOf\":{\"@id\":\"https:\/\/poten100mos.org\/#website\"},\"datePublished\":\"2023-05-24T05:58:20+00:00\",\"dateModified\":\"2024-01-29T12:15:44+00:00\",\"breadcrumb\":{\"@id\":\"https:\/\/poten100mos.org\/inclusion\/#breadcrumb\"},\"inLanguage\":\"gl-ES\",\"potentialAction\":[{\"@type\":\"ReadAction\",\"target\":[\"https:\/\/poten100mos.org\/inclusion\/\"]}]},{\"@type\":\"BreadcrumbList\",\"@id\":\"https:\/\/poten100mos.org\/inclusion\/#breadcrumb\",\"itemListElement\":[{\"@type\":\"ListItem\",\"position\":1,\"name\":\"Portada\",\"item\":\"https:\/\/poten100mos.org\/\"},{\"@type\":\"ListItem\",\"position\":2,\"name\":\"Inclusi\u00f3n\"}]},{\"@type\":\"WebSite\",\"@id\":\"https:\/\/poten100mos.org\/#website\",\"url\":\"https:\/\/poten100mos.org\/\",\"name\":\"Asociacion Poten100mos\",\"description\":\"P\u00e1gina web de la Asociaci\u00f3n Poten100mos\",\"publisher\":{\"@id\":\"https:\/\/poten100mos.org\/#organization\"},\"potentialAction\":[{\"@type\":\"SearchAction\",\"target\":{\"@type\":\"EntryPoint\",\"urlTemplate\":\"https:\/\/poten100mos.org\/?s={search_term_string}\"},\"query-input\":\"required name=search_term_string\"}],\"inLanguage\":\"gl-ES\"},{\"@type\":\"Organization\",\"@id\":\"https:\/\/poten100mos.org\/#organization\",\"name\":\"Asociaci\u00f3n Poten100mos\",\"url\":\"https:\/\/poten100mos.org\/\",\"logo\":{\"@type\":\"ImageObject\",\"inLanguage\":\"gl-ES\",\"@id\":\"https:\/\/poten100mos.org\/#\/schema\/logo\/image\/\",\"url\":\"https:\/\/poten100mos.org\/wp-content\/uploads\/2019\/07\/Poten100mos-Logo-peq.png\",\"contentUrl\":\"https:\/\/poten100mos.org\/wp-content\/uploads\/2019\/07\/Poten100mos-Logo-peq.png\",\"width\":400,\"height\":400,\"caption\":\"Asociaci\u00f3n Poten100mos\"},\"image\":{\"@id\":\"https:\/\/poten100mos.org\/#\/schema\/logo\/image\/\"},\"sameAs\":[\"https:\/\/www.facebook.com\/poten100mos\/\",\"https:\/\/www.instagram.com\/poten100mos\/\"]}]}<\/script>\n<!-- \/ Yoast SEO plugin. -->","yoast_head_json":{"title":"Inclusi\u00f3n | Asociacion Poten100mos","robots":{"index":"index","follow":"follow","max-snippet":"max-snippet:-1","max-image-preview":"max-image-preview:large","max-video-preview":"max-video-preview:-1"},"canonical":"https:\/\/poten100mos.org\/gl\/inclusion\/","og_locale":"gl_ES","og_type":"article","og_title":"Inclusi\u00f3n | Asociacion Poten100mos","og_description":"INCLUSI\u00d3N En Poten100mos, nos dedicamos diariamente al desarrollo personal y la inclusi\u00f3n sociolaboral de personas en situaci\u00f3n de vulnerabilidad f\u00edsica, ps\u00edquica y\/o social. Trabajamos en colaboraci\u00f3n con diversos agentes sociales y utilizamos herramientas innovadoras y eficaces para generar un aut\u00e9ntico&hellip; Continue reading &ldquo;Inclusi\u00f3n&rdquo;&hellip;","og_url":"https:\/\/poten100mos.org\/gl\/inclusion\/","og_site_name":"Asociacion Poten100mos","article_publisher":"https:\/\/www.facebook.com\/poten100mos\/","article_modified_time":"2024-01-29T12:15:44+00:00","og_image":[{"url":"https:\/\/poten100mos.org\/wp-content\/uploads\/2023\/09\/Foto-Empleo.jpg"}],"twitter_card":"summary_large_image","schema":{"@context":"https:\/\/schema.org","@graph":[{"@type":"WebPage","@id":"https:\/\/poten100mos.org\/inclusion\/","url":"https:\/\/poten100mos.org\/inclusion\/","name":"Inclusi\u00f3n | Asociacion Poten100mos","isPartOf":{"@id":"https:\/\/poten100mos.org\/#website"},"datePublished":"2023-05-24T05:58:20+00:00","dateModified":"2024-01-29T12:15:44+00:00","breadcrumb":{"@id":"https:\/\/poten100mos.org\/inclusion\/#breadcrumb"},"inLanguage":"gl-ES","potentialAction":[{"@type":"ReadAction","target":["https:\/\/poten100mos.org\/inclusion\/"]}]},{"@type":"BreadcrumbList","@id":"https:\/\/poten100mos.org\/inclusion\/#breadcrumb","itemListElement":[{"@type":"ListItem","position":1,"name":"Portada","item":"https:\/\/poten100mos.org\/"},{"@type":"ListItem","position":2,"name":"Inclusi\u00f3n"}]},{"@type":"WebSite","@id":"https:\/\/poten100mos.org\/#website","url":"https:\/\/poten100mos.org\/","name":"Asociacion Poten100mos","description":"P\u00e1gina web de la Asociaci\u00f3n Poten100mos","publisher":{"@id":"https:\/\/poten100mos.org\/#organization"},"potentialAction":[{"@type":"SearchAction","target":{"@type":"EntryPoint","urlTemplate":"https:\/\/poten100mos.org\/?s={search_term_string}"},"query-input":"required name=search_term_string"}],"inLanguage":"gl-ES"},{"@type":"Organization","@id":"https:\/\/poten100mos.org\/#organization","name":"Asociaci\u00f3n Poten100mos","url":"https:\/\/poten100mos.org\/","logo":{"@type":"ImageObject","inLanguage":"gl-ES","@id":"https:\/\/poten100mos.org\/#\/schema\/logo\/image\/","url":"https:\/\/poten100mos.org\/wp-content\/uploads\/2019\/07\/Poten100mos-Logo-peq.png","contentUrl":"https:\/\/poten100mos.org\/wp-content\/uploads\/2019\/07\/Poten100mos-Logo-peq.png","width":400,"height":400,"caption":"Asociaci\u00f3n Poten100mos"},"image":{"@id":"https:\/\/poten100mos.org\/#\/schema\/logo\/image\/"},"sameAs":["https:\/\/www.facebook.com\/poten100mos\/","https:\/\/www.instagram.com\/poten100mos\/"]}]}},"_links":{"self":[{"href":"https:\/\/poten100mos.org\/gl\/wp-json\/wp\/v2\/pages\/2881"}],"collection":[{"href":"https:\/\/poten100mos.org\/gl\/wp-json\/wp\/v2\/pages"}],"about":[{"href":"https:\/\/poten100mos.org\/gl\/wp-json\/wp\/v2\/types\/page"}],"author":[{"embeddable":true,"href":"https:\/\/poten100mos.org\/gl\/wp-json\/wp\/v2\/users\/1"}],"replies":[{"embeddable":true,"href":"https:\/\/poten100mos.org\/gl\/wp-json\/wp\/v2\/comments?post=2881"}],"version-history":[{"count":25,"href":"https:\/\/poten100mos.org\/gl\/wp-json\/wp\/v2\/pages\/2881\/revisions"}],"predecessor-version":[{"id":3109,"href":"https:\/\/poten100mos.org\/gl\/wp-json\/wp\/v2\/pages\/2881\/revisions\/3109"}],"wp:attachment":[{"href":"https:\/\/poten100mos.org\/gl\/wp-json\/wp\/v2\/media?parent=2881"}],"curies":[{"name":"wp","href":"https:\/\/api.w.org\/{rel}","templated":true}]}}