{"id":2893,"date":"2023-05-24T12:11:05","date_gmt":"2023-05-24T11:11:05","guid":{"rendered":"https:\/\/poten100mos.org\/?page_id=2893"},"modified":"2023-08-01T07:44:20","modified_gmt":"2023-08-01T06:44:20","slug":"inclusion-basica-y-desarrollo-personal","status":"publish","type":"page","link":"https:\/\/poten100mos.org\/gl\/inclusion-basica-y-desarrollo-personal\/","title":{"rendered":"I. B\u00e1sica"},"content":{"rendered":"<h2>\n\t\tINCLUSI\u00d3N B\u00c1SICA E DESARROLLO PERSONAL:\n\t<\/h2>\n<p>Se te atopas nunha situaci\u00f3n de exclusi\u00f3n severa, nun proceso vital m\u00e1is complexo e a\u00ednda non est\u00e1s preparado para comezar a buscar un traballo en profundidade, ou se necesitas reorganizar a t\u00faa vida en profundidade e atopar os recursos necesarios para facelo , en Poten100mos estaremos contigo para acompa\u00f1arte e apoiarte neste proceso.<\/p>\n<p>Este proceso comeza por ti mesmo e proporcionar\u00e9mosche todo o noso apoio e as ferramentas que poidas precisar para atopar a soluci\u00f3n que che permita desenvolver o teu propio proxecto de vida e acadar a calidade de vida que necesitas.<\/p>\n<h3>\n\t\tFINANCIADO POR:\n\t<\/h3>\n\t\t\t\t<img decoding=\"async\" loading=\"lazy\" src=\"https:\/\/poten100mos.org\/wp-content\/uploads\/2023\/01\/conselleriapoliticasocial_1.png\" alt=\"conselleriapoliticasocial_1\" itemprop=\"image\" height=\"477\" width=\"949\" title=\"conselleriapoliticasocial_1\" onerror=\"this.style.display='none'\"  \/>","protected":false},"excerpt":{"rendered":"<div class=\"entry-summary\">\n<div class=\"entry-summary\">\nINCLUSI\u00d3N B\u00c1SICA Y DESARROLLO PERSONAL: Si te encuentras en una situacio\u0301n de exclusio\u0301n severa, en un proceso vital ma\u0301s complejo y au\u0301n no esta\u0301s listo para comenzar a buscar empleo de manera profunda, o si necesitas reorganizar tu vida en&hellip;\n<\/div>\n<div class=\"link-more\"><a href=\"https:\/\/poten100mos.org\/gl\/inclusion-basica-y-desarrollo-personal\/\" class=\"more-link\">Continue reading<span class=\"screen-reader-text\"> &ldquo;I. B\u00e1sica&rdquo;<\/span>&hellip;<\/a><\/div>\n<\/div>\n<div class=\"link-more\"><a href=\"https:\/\/poten100mos.org\/gl\/inclusion-basica-y-desarrollo-personal\/\" class=\"more-link\">Continue reading<span class=\"screen-reader-text\"> &ldquo;I. B\u00e1sica&rdquo;<\/span>&hellip;<\/a><\/div>","protected":false},"author":1,"featured_media":0,"parent":0,"menu_order":0,"comment_status":"closed","ping_status":"closed","template":"templates\/no-intro.php","meta":{"footnotes":""},"acf":[],"yoast_head":"<!-- This site is optimized with the Yoast SEO plugin v21.4 - https:\/\/yoast.com\/wordpress\/plugins\/seo\/ -->\n<title>I. B\u00e1sica | Asociacion Poten100mos<\/title>\n<meta name=\"robots\" content=\"index, follow, max-snippet:-1, max-image-preview:large, max-video-preview:-1\" \/>\n<link rel=\"canonical\" href=\"https:\/\/poten100mos.org\/gl\/inclusion-basica-y-desarrollo-personal\/\" \/>\n<meta property=\"og:locale\" content=\"gl_ES\" \/>\n<meta property=\"og:type\" content=\"article\" \/>\n<meta property=\"og:title\" content=\"I. B\u00e1sica | Asociacion Poten100mos\" \/>\n<meta property=\"og:description\" content=\"INCLUSI\u00d3N B\u00c1SICA Y DESARROLLO PERSONAL: Si te encuentras en una situacio\u0301n de exclusio\u0301n severa, en un proceso vital ma\u0301s complejo y au\u0301n no esta\u0301s listo para comenzar a buscar empleo de manera profunda, o si necesitas reorganizar tu vida en&hellip; Continue reading &ldquo;I. B\u00e1sica&rdquo;&hellip;\" \/>\n<meta property=\"og:url\" content=\"https:\/\/poten100mos.org\/gl\/inclusion-basica-y-desarrollo-personal\/\" \/>\n<meta property=\"og:site_name\" content=\"Asociacion Poten100mos\" \/>\n<meta property=\"article:publisher\" content=\"https:\/\/www.facebook.com\/poten100mos\/\" \/>\n<meta property=\"article:modified_time\" content=\"2023-08-01T06:44:20+00:00\" \/>\n<meta property=\"og:image\" content=\"https:\/\/poten100mos.org\/wp-content\/uploads\/2023\/01\/conselleriapoliticasocial_1.png\" \/>\n<meta name=\"twitter:card\" content=\"summary_large_image\" \/>\n<script type=\"application\/ld+json\" class=\"yoast-schema-graph\">{\"@context\":\"https:\/\/schema.org\",\"@graph\":[{\"@type\":\"WebPage\",\"@id\":\"https:\/\/poten100mos.org\/inclusion-basica-y-desarrollo-personal\/\",\"url\":\"https:\/\/poten100mos.org\/inclusion-basica-y-desarrollo-personal\/\",\"name\":\"I. B\u00e1sica | Asociacion Poten100mos\",\"isPartOf\":{\"@id\":\"https:\/\/poten100mos.org\/#website\"},\"datePublished\":\"2023-05-24T11:11:05+00:00\",\"dateModified\":\"2023-08-01T06:44:20+00:00\",\"breadcrumb\":{\"@id\":\"https:\/\/poten100mos.org\/inclusion-basica-y-desarrollo-personal\/#breadcrumb\"},\"inLanguage\":\"gl-ES\",\"potentialAction\":[{\"@type\":\"ReadAction\",\"target\":[\"https:\/\/poten100mos.org\/inclusion-basica-y-desarrollo-personal\/\"]}]},{\"@type\":\"BreadcrumbList\",\"@id\":\"https:\/\/poten100mos.org\/inclusion-basica-y-desarrollo-personal\/#breadcrumb\",\"itemListElement\":[{\"@type\":\"ListItem\",\"position\":1,\"name\":\"Portada\",\"item\":\"https:\/\/poten100mos.org\/\"},{\"@type\":\"ListItem\",\"position\":2,\"name\":\"I. B\u00e1sica\"}]},{\"@type\":\"WebSite\",\"@id\":\"https:\/\/poten100mos.org\/#website\",\"url\":\"https:\/\/poten100mos.org\/\",\"name\":\"Asociacion Poten100mos\",\"description\":\"P\u00e1gina web de la Asociaci\u00f3n Poten100mos\",\"publisher\":{\"@id\":\"https:\/\/poten100mos.org\/#organization\"},\"potentialAction\":[{\"@type\":\"SearchAction\",\"target\":{\"@type\":\"EntryPoint\",\"urlTemplate\":\"https:\/\/poten100mos.org\/?s={search_term_string}\"},\"query-input\":\"required name=search_term_string\"}],\"inLanguage\":\"gl-ES\"},{\"@type\":\"Organization\",\"@id\":\"https:\/\/poten100mos.org\/#organization\",\"name\":\"Asociaci\u00f3n Poten100mos\",\"url\":\"https:\/\/poten100mos.org\/\",\"logo\":{\"@type\":\"ImageObject\",\"inLanguage\":\"gl-ES\",\"@id\":\"https:\/\/poten100mos.org\/#\/schema\/logo\/image\/\",\"url\":\"https:\/\/poten100mos.org\/wp-content\/uploads\/2019\/07\/Poten100mos-Logo-peq.png\",\"contentUrl\":\"https:\/\/poten100mos.org\/wp-content\/uploads\/2019\/07\/Poten100mos-Logo-peq.png\",\"width\":400,\"height\":400,\"caption\":\"Asociaci\u00f3n Poten100mos\"},\"image\":{\"@id\":\"https:\/\/poten100mos.org\/#\/schema\/logo\/image\/\"},\"sameAs\":[\"https:\/\/www.facebook.com\/poten100mos\/\",\"https:\/\/www.instagram.com\/poten100mos\/\"]}]}<\/script>\n<!-- \/ Yoast SEO plugin. -->","yoast_head_json":{"title":"I. B\u00e1sica | Asociacion Poten100mos","robots":{"index":"index","follow":"follow","max-snippet":"max-snippet:-1","max-image-preview":"max-image-preview:large","max-video-preview":"max-video-preview:-1"},"canonical":"https:\/\/poten100mos.org\/gl\/inclusion-basica-y-desarrollo-personal\/","og_locale":"gl_ES","og_type":"article","og_title":"I. B\u00e1sica | Asociacion Poten100mos","og_description":"INCLUSI\u00d3N B\u00c1SICA Y DESARROLLO PERSONAL: Si te encuentras en una situacio\u0301n de exclusio\u0301n severa, en un proceso vital ma\u0301s complejo y au\u0301n no esta\u0301s listo para comenzar a buscar empleo de manera profunda, o si necesitas reorganizar tu vida en&hellip; Continue reading &ldquo;I. B\u00e1sica&rdquo;&hellip;","og_url":"https:\/\/poten100mos.org\/gl\/inclusion-basica-y-desarrollo-personal\/","og_site_name":"Asociacion Poten100mos","article_publisher":"https:\/\/www.facebook.com\/poten100mos\/","article_modified_time":"2023-08-01T06:44:20+00:00","og_image":[{"url":"https:\/\/poten100mos.org\/wp-content\/uploads\/2023\/01\/conselleriapoliticasocial_1.png"}],"twitter_card":"summary_large_image","schema":{"@context":"https:\/\/schema.org","@graph":[{"@type":"WebPage","@id":"https:\/\/poten100mos.org\/inclusion-basica-y-desarrollo-personal\/","url":"https:\/\/poten100mos.org\/inclusion-basica-y-desarrollo-personal\/","name":"I. B\u00e1sica | Asociacion Poten100mos","isPartOf":{"@id":"https:\/\/poten100mos.org\/#website"},"datePublished":"2023-05-24T11:11:05+00:00","dateModified":"2023-08-01T06:44:20+00:00","breadcrumb":{"@id":"https:\/\/poten100mos.org\/inclusion-basica-y-desarrollo-personal\/#breadcrumb"},"inLanguage":"gl-ES","potentialAction":[{"@type":"ReadAction","target":["https:\/\/poten100mos.org\/inclusion-basica-y-desarrollo-personal\/"]}]},{"@type":"BreadcrumbList","@id":"https:\/\/poten100mos.org\/inclusion-basica-y-desarrollo-personal\/#breadcrumb","itemListElement":[{"@type":"ListItem","position":1,"name":"Portada","item":"https:\/\/poten100mos.org\/"},{"@type":"ListItem","position":2,"name":"I. B\u00e1sica"}]},{"@type":"WebSite","@id":"https:\/\/poten100mos.org\/#website","url":"https:\/\/poten100mos.org\/","name":"Asociacion Poten100mos","description":"P\u00e1gina web de la Asociaci\u00f3n Poten100mos","publisher":{"@id":"https:\/\/poten100mos.org\/#organization"},"potentialAction":[{"@type":"SearchAction","target":{"@type":"EntryPoint","urlTemplate":"https:\/\/poten100mos.org\/?s={search_term_string}"},"query-input":"required name=search_term_string"}],"inLanguage":"gl-ES"},{"@type":"Organization","@id":"https:\/\/poten100mos.org\/#organization","name":"Asociaci\u00f3n Poten100mos","url":"https:\/\/poten100mos.org\/","logo":{"@type":"ImageObject","inLanguage":"gl-ES","@id":"https:\/\/poten100mos.org\/#\/schema\/logo\/image\/","url":"https:\/\/poten100mos.org\/wp-content\/uploads\/2019\/07\/Poten100mos-Logo-peq.png","contentUrl":"https:\/\/poten100mos.org\/wp-content\/uploads\/2019\/07\/Poten100mos-Logo-peq.png","width":400,"height":400,"caption":"Asociaci\u00f3n Poten100mos"},"image":{"@id":"https:\/\/poten100mos.org\/#\/schema\/logo\/image\/"},"sameAs":["https:\/\/www.facebook.com\/poten100mos\/","https:\/\/www.instagram.com\/poten100mos\/"]}]}},"_links":{"self":[{"href":"https:\/\/poten100mos.org\/gl\/wp-json\/wp\/v2\/pages\/2893"}],"collection":[{"href":"https:\/\/poten100mos.org\/gl\/wp-json\/wp\/v2\/pages"}],"about":[{"href":"https:\/\/poten100mos.org\/gl\/wp-json\/wp\/v2\/types\/page"}],"author":[{"embeddable":true,"href":"https:\/\/poten100mos.org\/gl\/wp-json\/wp\/v2\/users\/1"}],"replies":[{"embeddable":true,"href":"https:\/\/poten100mos.org\/gl\/wp-json\/wp\/v2\/comments?post=2893"}],"version-history":[{"count":6,"href":"https:\/\/poten100mos.org\/gl\/wp-json\/wp\/v2\/pages\/2893\/revisions"}],"predecessor-version":[{"id":2995,"href":"https:\/\/poten100mos.org\/gl\/wp-json\/wp\/v2\/pages\/2893\/revisions\/2995"}],"wp:attachment":[{"href":"https:\/\/poten100mos.org\/gl\/wp-json\/wp\/v2\/media?parent=2893"}],"curies":[{"name":"wp","href":"https:\/\/api.w.org\/{rel}","templated":true}]}}