{"id":2949,"date":"2023-05-25T07:24:23","date_gmt":"2023-05-25T06:24:23","guid":{"rendered":"https:\/\/poten100mos.org\/?page_id=2949"},"modified":"2023-05-25T11:47:01","modified_gmt":"2023-05-25T10:47:01","slug":"alianza-con-empresas","status":"publish","type":"page","link":"https:\/\/poten100mos.org\/gl\/alianza-con-empresas\/","title":{"rendered":"Alianza con empresas"},"content":{"rendered":"<h2>\n\t\tALIANZA CON EMPRESAS:\n\t<\/h2>\n\t<p>Colaboramos con empresas e colaboradores de distintos sectores e industrias tanto na realizaci\u00f3n de eventos como no seu financiamento ou subvenci\u00f3n.<\/p>\n<p>Se es unha empresa e est\u00e1s interesad@ en colaborar con Poten100mos na consecuci\u00f3n dos nosos obxectivos, non dubides en contactar connosco en: info@poten100mos.org<\/p>\n<h3>\n\t\tNOSOS PLANES E EVENTOS:\n\t<\/h3>\n\n\t<p>Colaboramos con empresas e colaboradores de distintos sectores e industrias tanto na realizaci\u00f3n de eventos como no seu financiamento ou subvenci\u00f3n.<\/p>\n<p>Se es unha empresa e est\u00e1s interesad@ en colaborar con Poten100mos na consecuci\u00f3n dos nosos obxectivos, non dubides en contactar connosco en: info@poten100mos.org<\/p>","protected":false},"excerpt":{"rendered":"<div class=\"entry-summary\">\n<div class=\"entry-summary\">\nALIANZA CON EMPRESAS: Colaboramos con empresas y colaboradores de diferentes sectores e industrias tanto en la producci\u00f3n de eventos como en su financiaci\u00f3n o subvenci\u00f3n. Si eres una empresa y est\u00e1s interesad@ en colaborar con Poten100mos en la consecuci\u00f3n de&hellip;\n<\/div>\n<div class=\"link-more\"><a href=\"https:\/\/poten100mos.org\/gl\/alianza-con-empresas\/\" class=\"more-link\">Continue reading<span class=\"screen-reader-text\"> &ldquo;Alianza con empresas&rdquo;<\/span>&hellip;<\/a><\/div>\n<\/div>\n<div class=\"link-more\"><a href=\"https:\/\/poten100mos.org\/gl\/alianza-con-empresas\/\" class=\"more-link\">Continue reading<span class=\"screen-reader-text\"> &ldquo;Alianza con empresas&rdquo;<\/span>&hellip;<\/a><\/div>","protected":false},"author":1,"featured_media":0,"parent":0,"menu_order":0,"comment_status":"closed","ping_status":"closed","template":"templates\/no-intro.php","meta":{"footnotes":""},"acf":[],"yoast_head":"<!-- This site is optimized with the Yoast SEO plugin v21.4 - https:\/\/yoast.com\/wordpress\/plugins\/seo\/ -->\n<title>Alianza con empresas | Asociacion Poten100mos<\/title>\n<meta name=\"robots\" content=\"index, follow, max-snippet:-1, max-image-preview:large, max-video-preview:-1\" \/>\n<link rel=\"canonical\" href=\"https:\/\/poten100mos.org\/gl\/alianza-con-empresas\/\" \/>\n<meta property=\"og:locale\" content=\"gl_ES\" \/>\n<meta property=\"og:type\" content=\"article\" \/>\n<meta property=\"og:title\" content=\"Alianza con empresas | Asociacion Poten100mos\" \/>\n<meta property=\"og:description\" content=\"ALIANZA CON EMPRESAS: Colaboramos con empresas y colaboradores de diferentes sectores e industrias tanto en la producci\u00f3n de eventos como en su financiaci\u00f3n o subvenci\u00f3n. Si eres una empresa y est\u00e1s interesad@ en colaborar con Poten100mos en la consecuci\u00f3n de&hellip; Continue reading &ldquo;Alianza con empresas&rdquo;&hellip;\" \/>\n<meta property=\"og:url\" content=\"https:\/\/poten100mos.org\/gl\/alianza-con-empresas\/\" \/>\n<meta property=\"og:site_name\" content=\"Asociacion Poten100mos\" \/>\n<meta property=\"article:publisher\" content=\"https:\/\/www.facebook.com\/poten100mos\/\" \/>\n<meta property=\"article:modified_time\" content=\"2023-05-25T10:47:01+00:00\" \/>\n<meta name=\"twitter:card\" content=\"summary_large_image\" \/>\n<script type=\"application\/ld+json\" class=\"yoast-schema-graph\">{\"@context\":\"https:\/\/schema.org\",\"@graph\":[{\"@type\":\"WebPage\",\"@id\":\"https:\/\/poten100mos.org\/alianza-con-empresas\/\",\"url\":\"https:\/\/poten100mos.org\/alianza-con-empresas\/\",\"name\":\"Alianza con empresas | Asociacion Poten100mos\",\"isPartOf\":{\"@id\":\"https:\/\/poten100mos.org\/#website\"},\"datePublished\":\"2023-05-25T06:24:23+00:00\",\"dateModified\":\"2023-05-25T10:47:01+00:00\",\"breadcrumb\":{\"@id\":\"https:\/\/poten100mos.org\/alianza-con-empresas\/#breadcrumb\"},\"inLanguage\":\"gl-ES\",\"potentialAction\":[{\"@type\":\"ReadAction\",\"target\":[\"https:\/\/poten100mos.org\/alianza-con-empresas\/\"]}]},{\"@type\":\"BreadcrumbList\",\"@id\":\"https:\/\/poten100mos.org\/alianza-con-empresas\/#breadcrumb\",\"itemListElement\":[{\"@type\":\"ListItem\",\"position\":1,\"name\":\"Portada\",\"item\":\"https:\/\/poten100mos.org\/\"},{\"@type\":\"ListItem\",\"position\":2,\"name\":\"Alianza con empresas\"}]},{\"@type\":\"WebSite\",\"@id\":\"https:\/\/poten100mos.org\/#website\",\"url\":\"https:\/\/poten100mos.org\/\",\"name\":\"Asociacion Poten100mos\",\"description\":\"P\u00e1gina web de la Asociaci\u00f3n Poten100mos\",\"publisher\":{\"@id\":\"https:\/\/poten100mos.org\/#organization\"},\"potentialAction\":[{\"@type\":\"SearchAction\",\"target\":{\"@type\":\"EntryPoint\",\"urlTemplate\":\"https:\/\/poten100mos.org\/?s={search_term_string}\"},\"query-input\":\"required name=search_term_string\"}],\"inLanguage\":\"gl-ES\"},{\"@type\":\"Organization\",\"@id\":\"https:\/\/poten100mos.org\/#organization\",\"name\":\"Asociaci\u00f3n Poten100mos\",\"url\":\"https:\/\/poten100mos.org\/\",\"logo\":{\"@type\":\"ImageObject\",\"inLanguage\":\"gl-ES\",\"@id\":\"https:\/\/poten100mos.org\/#\/schema\/logo\/image\/\",\"url\":\"https:\/\/poten100mos.org\/wp-content\/uploads\/2019\/07\/Poten100mos-Logo-peq.png\",\"contentUrl\":\"https:\/\/poten100mos.org\/wp-content\/uploads\/2019\/07\/Poten100mos-Logo-peq.png\",\"width\":400,\"height\":400,\"caption\":\"Asociaci\u00f3n Poten100mos\"},\"image\":{\"@id\":\"https:\/\/poten100mos.org\/#\/schema\/logo\/image\/\"},\"sameAs\":[\"https:\/\/www.facebook.com\/poten100mos\/\",\"https:\/\/www.instagram.com\/poten100mos\/\"]}]}<\/script>\n<!-- \/ Yoast SEO plugin. -->","yoast_head_json":{"title":"Alianza con empresas | Asociacion Poten100mos","robots":{"index":"index","follow":"follow","max-snippet":"max-snippet:-1","max-image-preview":"max-image-preview:large","max-video-preview":"max-video-preview:-1"},"canonical":"https:\/\/poten100mos.org\/gl\/alianza-con-empresas\/","og_locale":"gl_ES","og_type":"article","og_title":"Alianza con empresas | Asociacion Poten100mos","og_description":"ALIANZA CON EMPRESAS: Colaboramos con empresas y colaboradores de diferentes sectores e industrias tanto en la producci\u00f3n de eventos como en su financiaci\u00f3n o subvenci\u00f3n. Si eres una empresa y est\u00e1s interesad@ en colaborar con Poten100mos en la consecuci\u00f3n de&hellip; Continue reading &ldquo;Alianza con empresas&rdquo;&hellip;","og_url":"https:\/\/poten100mos.org\/gl\/alianza-con-empresas\/","og_site_name":"Asociacion Poten100mos","article_publisher":"https:\/\/www.facebook.com\/poten100mos\/","article_modified_time":"2023-05-25T10:47:01+00:00","twitter_card":"summary_large_image","schema":{"@context":"https:\/\/schema.org","@graph":[{"@type":"WebPage","@id":"https:\/\/poten100mos.org\/alianza-con-empresas\/","url":"https:\/\/poten100mos.org\/alianza-con-empresas\/","name":"Alianza con empresas | Asociacion Poten100mos","isPartOf":{"@id":"https:\/\/poten100mos.org\/#website"},"datePublished":"2023-05-25T06:24:23+00:00","dateModified":"2023-05-25T10:47:01+00:00","breadcrumb":{"@id":"https:\/\/poten100mos.org\/alianza-con-empresas\/#breadcrumb"},"inLanguage":"gl-ES","potentialAction":[{"@type":"ReadAction","target":["https:\/\/poten100mos.org\/alianza-con-empresas\/"]}]},{"@type":"BreadcrumbList","@id":"https:\/\/poten100mos.org\/alianza-con-empresas\/#breadcrumb","itemListElement":[{"@type":"ListItem","position":1,"name":"Portada","item":"https:\/\/poten100mos.org\/"},{"@type":"ListItem","position":2,"name":"Alianza con empresas"}]},{"@type":"WebSite","@id":"https:\/\/poten100mos.org\/#website","url":"https:\/\/poten100mos.org\/","name":"Asociacion Poten100mos","description":"P\u00e1gina web de la Asociaci\u00f3n Poten100mos","publisher":{"@id":"https:\/\/poten100mos.org\/#organization"},"potentialAction":[{"@type":"SearchAction","target":{"@type":"EntryPoint","urlTemplate":"https:\/\/poten100mos.org\/?s={search_term_string}"},"query-input":"required name=search_term_string"}],"inLanguage":"gl-ES"},{"@type":"Organization","@id":"https:\/\/poten100mos.org\/#organization","name":"Asociaci\u00f3n Poten100mos","url":"https:\/\/poten100mos.org\/","logo":{"@type":"ImageObject","inLanguage":"gl-ES","@id":"https:\/\/poten100mos.org\/#\/schema\/logo\/image\/","url":"https:\/\/poten100mos.org\/wp-content\/uploads\/2019\/07\/Poten100mos-Logo-peq.png","contentUrl":"https:\/\/poten100mos.org\/wp-content\/uploads\/2019\/07\/Poten100mos-Logo-peq.png","width":400,"height":400,"caption":"Asociaci\u00f3n Poten100mos"},"image":{"@id":"https:\/\/poten100mos.org\/#\/schema\/logo\/image\/"},"sameAs":["https:\/\/www.facebook.com\/poten100mos\/","https:\/\/www.instagram.com\/poten100mos\/"]}]}},"_links":{"self":[{"href":"https:\/\/poten100mos.org\/gl\/wp-json\/wp\/v2\/pages\/2949"}],"collection":[{"href":"https:\/\/poten100mos.org\/gl\/wp-json\/wp\/v2\/pages"}],"about":[{"href":"https:\/\/poten100mos.org\/gl\/wp-json\/wp\/v2\/types\/page"}],"author":[{"embeddable":true,"href":"https:\/\/poten100mos.org\/gl\/wp-json\/wp\/v2\/users\/1"}],"replies":[{"embeddable":true,"href":"https:\/\/poten100mos.org\/gl\/wp-json\/wp\/v2\/comments?post=2949"}],"version-history":[{"count":2,"href":"https:\/\/poten100mos.org\/gl\/wp-json\/wp\/v2\/pages\/2949\/revisions"}],"predecessor-version":[{"id":2951,"href":"https:\/\/poten100mos.org\/gl\/wp-json\/wp\/v2\/pages\/2949\/revisions\/2951"}],"wp:attachment":[{"href":"https:\/\/poten100mos.org\/gl\/wp-json\/wp\/v2\/media?parent=2949"}],"curies":[{"name":"wp","href":"https:\/\/api.w.org\/{rel}","templated":true}]}}