{"id":2989,"date":"2023-08-01T07:33:17","date_gmt":"2023-08-01T06:33:17","guid":{"rendered":"https:\/\/poten100mos.org\/?page_id=2989"},"modified":"2025-02-07T11:30:57","modified_gmt":"2025-02-07T10:30:57","slug":"familia","status":"publish","type":"page","link":"https:\/\/poten100mos.org\/gl\/familia\/","title":{"rendered":"Familia"},"content":{"rendered":"<h2>\n\t\tCONCILIACI\u00d3N\n\t<\/h2>\n<p>Se te atopas nunha situaci\u00f3n de exclusi\u00f3n social e tam\u00e9n en situaci\u00f3n de precariedade laboral ou buscas emprego ou participas nalg\u00fan dos nosos programas de inclusi\u00f3n, e necesitas apoio para conciliar o coidado dos teus fillos de entre 4 e 11 anos, ofrecerache un recurso que che permitir\u00e1 conciliar e, ademais, aportaremos o reforzo escolar e actividades como teatro, m\u00fasica, relaxaci\u00f3n e desenvolvemento de habilidades sociais, imprescindibles para os teus fillos.<\/p>\n\t\t\t\t<img decoding=\"async\" loading=\"lazy\" src=\"https:\/\/poten100mos.org\/wp-content\/uploads\/2025\/01\/Foto-mediacion-familiar-744x584.png\" alt=\"Foto mediaci\u00f3n familiar\" itemprop=\"image\" height=\"584\" width=\"744\" title=\"Foto mediaci\u00f3n familiar\" onerror=\"this.style.display='none'\"  \/>\n<h2>\n\t\tPROGRAMA COEXISTIMOS\n\t<\/h2>\n<p>Prevenci\u00f3n e intervenci\u00f3n de violencias intrafamiliares e\/ou filio-parentales.<\/p>\n<ul>\n<li>Dirixido a familias en situaci\u00f3n de vulnerabilidade e escasez de recursos.<\/li>\n<\/ul>\n<ul>\n<li>Terapia familiar por psic\u00f3loga especializada en disciplina positiva.<\/li>\n<\/ul>\n<ul>\n<li>Formaci\u00f3n en habilidades parentais e para adolescentes para o restablecemento da convivencia.<\/li>\n<\/ul>\n<ul>\n<li>Acceso a recursos de procura de emprego, acompa\u00f1amento social, desenvolvemento persoal ou conciliaci\u00f3n familiar da Asociaci\u00f3n.<\/li>\n<\/ul>\n<h3>\n\t\tFINANCIADO POR:\n\t<\/h3>\n\t\t\t\t<img decoding=\"async\" loading=\"lazy\" src=\"https:\/\/poten100mos.org\/wp-content\/uploads\/2023\/01\/conselleriapoliticasocial_1.png\" alt=\"conselleriapoliticasocial_1\" itemprop=\"image\" height=\"477\" width=\"949\" title=\"conselleriapoliticasocial_1\" onerror=\"this.style.display='none'\"  \/>\n\t\t\t\t<img decoding=\"async\" loading=\"lazy\" src=\"https:\/\/poten100mos.org\/wp-content\/uploads\/2023\/01\/conselleriapoliticasocial_1.png\" alt=\"conselleriapoliticasocial_1\" itemprop=\"image\" height=\"477\" width=\"949\" title=\"conselleriapoliticasocial_1\" onerror=\"this.style.display='none'\"  \/>","protected":false},"excerpt":{"rendered":"<div class=\"entry-summary\">\n<div class=\"entry-summary\">\nCONCILIACI\u00d3N Si te encuentras en una situacio\u0301n de exclusio\u0301n social y adema\u0301s en situacio\u0301n de precariedad laboral o buscando empleo o participando en alguno de nuestros programas de inclusio\u0301n, y necesitas apoyo para conciliar el cuidado de tus hijos\/as de&hellip;\n<\/div>\n<div class=\"link-more\"><a href=\"https:\/\/poten100mos.org\/gl\/familia\/\" class=\"more-link\">Continue reading<span class=\"screen-reader-text\"> &ldquo;Familia&rdquo;<\/span>&hellip;<\/a><\/div>\n<\/div>\n<div class=\"link-more\"><a href=\"https:\/\/poten100mos.org\/gl\/familia\/\" class=\"more-link\">Continue reading<span class=\"screen-reader-text\"> &ldquo;Familia&rdquo;<\/span>&hellip;<\/a><\/div>","protected":false},"author":1,"featured_media":0,"parent":0,"menu_order":0,"comment_status":"closed","ping_status":"closed","template":"templates\/no-intro.php","meta":{"footnotes":""},"acf":[],"yoast_head":"<!-- This site is optimized with the Yoast SEO plugin v21.4 - https:\/\/yoast.com\/wordpress\/plugins\/seo\/ -->\n<title>Familia | Asociacion Poten100mos<\/title>\n<meta name=\"robots\" content=\"index, follow, max-snippet:-1, max-image-preview:large, max-video-preview:-1\" \/>\n<link rel=\"canonical\" href=\"https:\/\/poten100mos.org\/gl\/familia\/\" \/>\n<meta property=\"og:locale\" content=\"gl_ES\" \/>\n<meta property=\"og:type\" content=\"article\" \/>\n<meta property=\"og:title\" content=\"Familia | Asociacion Poten100mos\" \/>\n<meta property=\"og:description\" content=\"CONCILIACI\u00d3N Si te encuentras en una situacio\u0301n de exclusio\u0301n social y adema\u0301s en situacio\u0301n de precariedad laboral o buscando empleo o participando en alguno de nuestros programas de inclusio\u0301n, y necesitas apoyo para conciliar el cuidado de tus hijos\/as de&hellip; Continue reading &ldquo;Familia&rdquo;&hellip;\" \/>\n<meta property=\"og:url\" content=\"https:\/\/poten100mos.org\/gl\/familia\/\" \/>\n<meta property=\"og:site_name\" content=\"Asociacion Poten100mos\" \/>\n<meta property=\"article:publisher\" content=\"https:\/\/www.facebook.com\/poten100mos\/\" \/>\n<meta property=\"article:modified_time\" content=\"2025-02-07T10:30:57+00:00\" \/>\n<meta property=\"og:image\" content=\"https:\/\/poten100mos.org\/wp-content\/uploads\/2025\/01\/Foto-mediacion-familiar-744x584.png\" \/>\n<meta name=\"twitter:card\" content=\"summary_large_image\" \/>\n<meta name=\"twitter:label1\" content=\"Tempo de lectura\" \/>\n\t<meta name=\"twitter:data1\" content=\"1 minuto\" \/>\n<script type=\"application\/ld+json\" class=\"yoast-schema-graph\">{\"@context\":\"https:\/\/schema.org\",\"@graph\":[{\"@type\":\"WebPage\",\"@id\":\"https:\/\/poten100mos.org\/familia\/\",\"url\":\"https:\/\/poten100mos.org\/familia\/\",\"name\":\"Familia | Asociacion Poten100mos\",\"isPartOf\":{\"@id\":\"https:\/\/poten100mos.org\/#website\"},\"datePublished\":\"2023-08-01T06:33:17+00:00\",\"dateModified\":\"2025-02-07T10:30:57+00:00\",\"breadcrumb\":{\"@id\":\"https:\/\/poten100mos.org\/familia\/#breadcrumb\"},\"inLanguage\":\"gl-ES\",\"potentialAction\":[{\"@type\":\"ReadAction\",\"target\":[\"https:\/\/poten100mos.org\/familia\/\"]}]},{\"@type\":\"BreadcrumbList\",\"@id\":\"https:\/\/poten100mos.org\/familia\/#breadcrumb\",\"itemListElement\":[{\"@type\":\"ListItem\",\"position\":1,\"name\":\"Portada\",\"item\":\"https:\/\/poten100mos.org\/\"},{\"@type\":\"ListItem\",\"position\":2,\"name\":\"Familia\"}]},{\"@type\":\"WebSite\",\"@id\":\"https:\/\/poten100mos.org\/#website\",\"url\":\"https:\/\/poten100mos.org\/\",\"name\":\"Asociacion Poten100mos\",\"description\":\"P\u00e1gina web de la Asociaci\u00f3n Poten100mos\",\"publisher\":{\"@id\":\"https:\/\/poten100mos.org\/#organization\"},\"potentialAction\":[{\"@type\":\"SearchAction\",\"target\":{\"@type\":\"EntryPoint\",\"urlTemplate\":\"https:\/\/poten100mos.org\/?s={search_term_string}\"},\"query-input\":\"required name=search_term_string\"}],\"inLanguage\":\"gl-ES\"},{\"@type\":\"Organization\",\"@id\":\"https:\/\/poten100mos.org\/#organization\",\"name\":\"Asociaci\u00f3n Poten100mos\",\"url\":\"https:\/\/poten100mos.org\/\",\"logo\":{\"@type\":\"ImageObject\",\"inLanguage\":\"gl-ES\",\"@id\":\"https:\/\/poten100mos.org\/#\/schema\/logo\/image\/\",\"url\":\"https:\/\/poten100mos.org\/wp-content\/uploads\/2019\/07\/Poten100mos-Logo-peq.png\",\"contentUrl\":\"https:\/\/poten100mos.org\/wp-content\/uploads\/2019\/07\/Poten100mos-Logo-peq.png\",\"width\":400,\"height\":400,\"caption\":\"Asociaci\u00f3n Poten100mos\"},\"image\":{\"@id\":\"https:\/\/poten100mos.org\/#\/schema\/logo\/image\/\"},\"sameAs\":[\"https:\/\/www.facebook.com\/poten100mos\/\",\"https:\/\/www.instagram.com\/poten100mos\/\"]}]}<\/script>\n<!-- \/ Yoast SEO plugin. -->","yoast_head_json":{"title":"Familia | Asociacion Poten100mos","robots":{"index":"index","follow":"follow","max-snippet":"max-snippet:-1","max-image-preview":"max-image-preview:large","max-video-preview":"max-video-preview:-1"},"canonical":"https:\/\/poten100mos.org\/gl\/familia\/","og_locale":"gl_ES","og_type":"article","og_title":"Familia | Asociacion Poten100mos","og_description":"CONCILIACI\u00d3N Si te encuentras en una situacio\u0301n de exclusio\u0301n social y adema\u0301s en situacio\u0301n de precariedad laboral o buscando empleo o participando en alguno de nuestros programas de inclusio\u0301n, y necesitas apoyo para conciliar el cuidado de tus hijos\/as de&hellip; Continue reading &ldquo;Familia&rdquo;&hellip;","og_url":"https:\/\/poten100mos.org\/gl\/familia\/","og_site_name":"Asociacion Poten100mos","article_publisher":"https:\/\/www.facebook.com\/poten100mos\/","article_modified_time":"2025-02-07T10:30:57+00:00","og_image":[{"url":"https:\/\/poten100mos.org\/wp-content\/uploads\/2025\/01\/Foto-mediacion-familiar-744x584.png"}],"twitter_card":"summary_large_image","twitter_misc":{"Tempo de lectura":"1 minuto"},"schema":{"@context":"https:\/\/schema.org","@graph":[{"@type":"WebPage","@id":"https:\/\/poten100mos.org\/familia\/","url":"https:\/\/poten100mos.org\/familia\/","name":"Familia | Asociacion Poten100mos","isPartOf":{"@id":"https:\/\/poten100mos.org\/#website"},"datePublished":"2023-08-01T06:33:17+00:00","dateModified":"2025-02-07T10:30:57+00:00","breadcrumb":{"@id":"https:\/\/poten100mos.org\/familia\/#breadcrumb"},"inLanguage":"gl-ES","potentialAction":[{"@type":"ReadAction","target":["https:\/\/poten100mos.org\/familia\/"]}]},{"@type":"BreadcrumbList","@id":"https:\/\/poten100mos.org\/familia\/#breadcrumb","itemListElement":[{"@type":"ListItem","position":1,"name":"Portada","item":"https:\/\/poten100mos.org\/"},{"@type":"ListItem","position":2,"name":"Familia"}]},{"@type":"WebSite","@id":"https:\/\/poten100mos.org\/#website","url":"https:\/\/poten100mos.org\/","name":"Asociacion Poten100mos","description":"P\u00e1gina web de la Asociaci\u00f3n Poten100mos","publisher":{"@id":"https:\/\/poten100mos.org\/#organization"},"potentialAction":[{"@type":"SearchAction","target":{"@type":"EntryPoint","urlTemplate":"https:\/\/poten100mos.org\/?s={search_term_string}"},"query-input":"required name=search_term_string"}],"inLanguage":"gl-ES"},{"@type":"Organization","@id":"https:\/\/poten100mos.org\/#organization","name":"Asociaci\u00f3n Poten100mos","url":"https:\/\/poten100mos.org\/","logo":{"@type":"ImageObject","inLanguage":"gl-ES","@id":"https:\/\/poten100mos.org\/#\/schema\/logo\/image\/","url":"https:\/\/poten100mos.org\/wp-content\/uploads\/2019\/07\/Poten100mos-Logo-peq.png","contentUrl":"https:\/\/poten100mos.org\/wp-content\/uploads\/2019\/07\/Poten100mos-Logo-peq.png","width":400,"height":400,"caption":"Asociaci\u00f3n Poten100mos"},"image":{"@id":"https:\/\/poten100mos.org\/#\/schema\/logo\/image\/"},"sameAs":["https:\/\/www.facebook.com\/poten100mos\/","https:\/\/www.instagram.com\/poten100mos\/"]}]}},"_links":{"self":[{"href":"https:\/\/poten100mos.org\/gl\/wp-json\/wp\/v2\/pages\/2989"}],"collection":[{"href":"https:\/\/poten100mos.org\/gl\/wp-json\/wp\/v2\/pages"}],"about":[{"href":"https:\/\/poten100mos.org\/gl\/wp-json\/wp\/v2\/types\/page"}],"author":[{"embeddable":true,"href":"https:\/\/poten100mos.org\/gl\/wp-json\/wp\/v2\/users\/1"}],"replies":[{"embeddable":true,"href":"https:\/\/poten100mos.org\/gl\/wp-json\/wp\/v2\/comments?post=2989"}],"version-history":[{"count":7,"href":"https:\/\/poten100mos.org\/gl\/wp-json\/wp\/v2\/pages\/2989\/revisions"}],"predecessor-version":[{"id":3130,"href":"https:\/\/poten100mos.org\/gl\/wp-json\/wp\/v2\/pages\/2989\/revisions\/3130"}],"wp:attachment":[{"href":"https:\/\/poten100mos.org\/gl\/wp-json\/wp\/v2\/media?parent=2989"}],"curies":[{"name":"wp","href":"https:\/\/api.w.org\/{rel}","templated":true}]}}